{"id":24887,"date":"2025-08-02T12:50:18","date_gmt":"2025-08-02T09:50:18","guid":{"rendered":"https:\/\/beyazitdis.com\/?page_id=24887"},"modified":"2026-01-29T16:35:40","modified_gmt":"2026-01-29T13:35:40","slug":"dt-eda-nur-toprak","status":"publish","type":"page","link":"https:\/\/beyazitdis.com\/en\/hekimlerimiz\/dt-eda-nur-toprak\/","title":{"rendered":"Dt. Eda Nur Toprak"},"content":{"rendered":"<div data-elementor-type=\"wp-page\" data-elementor-id=\"24887\" class=\"elementor elementor-24887\">\n\t\t\t\t\t\t<section class=\"elementor-section elementor-top-section elementor-element elementor-element-4175720 elementor-section-full_width elementor-section-stretched elementor-section-height-default elementor-section-height-default sc_fly_static\" data-id=\"4175720\" data-element_type=\"section\" data-e-type=\"section\" data-settings=\"{&quot;background_background&quot;:&quot;classic&quot;,&quot;stretch_section&quot;:&quot;section-stretched&quot;}\">\n\t\t\t\t\t\t\t<div class=\"elementor-background-overlay\"><\/div>\n\t\t\t\t\t\t\t<div class=\"elementor-container elementor-column-gap-extended\">\n\t\t\t\t\t<div class=\"elementor-column elementor-col-100 elementor-top-column elementor-element elementor-element-fd64647 sc_inner_width_none sc_content_align_inherit sc_layouts_column_icons_position_left sc_fly_static\" data-id=\"fd64647\" data-element_type=\"column\" data-e-type=\"column\">\n\t\t\t<div class=\"elementor-widget-wrap elementor-element-populated\">\n\t\t\t\t\t\t<div class=\"elementor-element elementor-element-e24860b elementor-widget__width-inherit sc_fly_static elementor-widget elementor-widget-heading\" data-id=\"e24860b\" data-element_type=\"widget\" data-e-type=\"widget\" data-widget_type=\"heading.default\">\n\t\t\t\t<div class=\"elementor-widget-container\">\n\t\t\t\t\t<h2 class=\"elementor-heading-title elementor-size-default\">DT. EDA NUR TOPRAK<\/h2>\t\t\t\t<\/div>\n\t\t\t\t<\/div>\n\t\t\t\t\t<\/div>\n\t\t<\/div>\n\t\t\t\t\t<\/div>\n\t\t<\/section>\n\t\t\t\t<section class=\"elementor-section elementor-top-section elementor-element elementor-element-b9bb7e9 elementor-section-boxed elementor-section-height-default elementor-section-height-default sc_fly_static\" data-id=\"b9bb7e9\" data-element_type=\"section\" data-e-type=\"section\">\n\t\t\t\t\t\t<div class=\"elementor-container elementor-column-gap-extended\">\n\t\t\t\t\t<div class=\"elementor-column elementor-col-33 elementor-top-column elementor-element elementor-element-555b4b5 sc_inner_width_none sc_content_align_inherit sc_layouts_column_icons_position_left sc_fly_static\" data-id=\"555b4b5\" data-element_type=\"column\" data-e-type=\"column\">\n\t\t\t<div class=\"elementor-widget-wrap elementor-element-populated\">\n\t\t\t\t\t\t<div class=\"elementor-element elementor-element-bb00fea sc_fly_static elementor-widget elementor-widget-image\" data-id=\"bb00fea\" data-element_type=\"widget\" data-e-type=\"widget\" data-widget_type=\"image.default\">\n\t\t\t\t<div class=\"elementor-widget-container\">\n\t\t\t\t\t\t\t\t\t\t\t\t\t\t\t<img fetchpriority=\"high\" decoding=\"async\" width=\"576\" height=\"1024\" src=\"https:\/\/beyazitdis.com\/wp-content\/uploads\/2026\/01\/Web-Sitesi-Ekibimiz-_65_-576x1024.webp\" class=\"attachment-large size-large wp-image-26446\" alt=\"\" srcset=\"https:\/\/beyazitdis.com\/wp-content\/uploads\/2026\/01\/Web-Sitesi-Ekibimiz-_65_-576x1024.webp 576w, https:\/\/beyazitdis.com\/wp-content\/uploads\/2026\/01\/Web-Sitesi-Ekibimiz-_65_-169x300.webp 169w, https:\/\/beyazitdis.com\/wp-content\/uploads\/2026\/01\/Web-Sitesi-Ekibimiz-_65_-768x1366.webp 768w, https:\/\/beyazitdis.com\/wp-content\/uploads\/2026\/01\/Web-Sitesi-Ekibimiz-_65_-864x1536.webp 864w, https:\/\/beyazitdis.com\/wp-content\/uploads\/2026\/01\/Web-Sitesi-Ekibimiz-_65_-1152x2048.webp 1152w, https:\/\/beyazitdis.com\/wp-content\/uploads\/2026\/01\/Web-Sitesi-Ekibimiz-_65_-7x12.webp 7w, https:\/\/beyazitdis.com\/wp-content\/uploads\/2026\/01\/Web-Sitesi-Ekibimiz-_65_-370x658.webp 370w, https:\/\/beyazitdis.com\/wp-content\/uploads\/2026\/01\/Web-Sitesi-Ekibimiz-_65_-840x1494.webp 840w, https:\/\/beyazitdis.com\/wp-content\/uploads\/2026\/01\/Web-Sitesi-Ekibimiz-_65_-410x729.webp 410w, https:\/\/beyazitdis.com\/wp-content\/uploads\/2026\/01\/Web-Sitesi-Ekibimiz-_65_-600x1067.webp 600w, https:\/\/beyazitdis.com\/wp-content\/uploads\/2026\/01\/Web-Sitesi-Ekibimiz-_65_.webp 1406w\" sizes=\"(max-width: 600px) 100vw, 576px\" \/>\t\t\t\t\t\t\t\t\t\t\t\t\t\t\t<\/div>\n\t\t\t\t<\/div>\n\t\t\t\t\t<\/div>\n\t\t<\/div>\n\t\t\t\t<div class=\"elementor-column elementor-col-66 elementor-top-column elementor-element elementor-element-3b057c1 sc_inner_width_none sc_content_align_inherit sc_layouts_column_icons_position_left sc_fly_static\" data-id=\"3b057c1\" data-element_type=\"column\" data-e-type=\"column\">\n\t\t\t<div class=\"elementor-widget-wrap elementor-element-populated\">\n\t\t\t\t\t\t<div class=\"elementor-element elementor-element-2deb07b sc_fly_static elementor-widget elementor-widget-heading\" data-id=\"2deb07b\" data-element_type=\"widget\" data-e-type=\"widget\" data-widget_type=\"heading.default\">\n\t\t\t\t<div class=\"elementor-widget-container\">\n\t\t\t\t\t<h2 class=\"elementor-heading-title elementor-size-default\">DT. EDA NUR TOPRAK<\/h2>\t\t\t\t<\/div>\n\t\t\t\t<\/div>\n\t\t\t\t<div class=\"elementor-element elementor-element-f0a4d1b sc_fly_static elementor-widget elementor-widget-text-editor\" data-id=\"f0a4d1b\" data-element_type=\"widget\" data-e-type=\"widget\" data-widget_type=\"text-editor.default\">\n\t\t\t\t<div class=\"elementor-widget-container\">\n\t\t\t\t\t\t\t\t\t<p>\u00a0<\/p><p>Eda Nur Toprak was born in 2000 in Istanbul. She completed her high school education at Ni\u015fanta\u015f\u0131 Nuri Ak\u0131n Anatolian High School and Be\u015fikta\u015f Final High School. In 2019, she began her undergraduate studies at the Faculty of Dentistry at Trakya University and graduated in 2024.<br \/><br \/>During her university years, she actively pursued professional development by attending national and international congresses, up-to-date seminars, and specialized courses. As the president of a student community, she organized seminars and workshops with experienced dentists from across the country. These efforts provided both dentistry students and professionals with easier access to educational opportunities and played a key role in their development.<br \/><br \/>After gaining experience at private clinics in Fethiye and \u00c7orlu, she began working at Beyaz\u0131t Oral and Dental Health Clinic in 2025.<\/p>\t\t\t\t\t\t\t\t<\/div>\n\t\t\t\t<\/div>\n\t\t\t\t<div class=\"elementor-element elementor-element-cee24ef elementor-mobile-align-center sc_fly_static elementor-widget elementor-widget-button\" data-id=\"cee24ef\" data-element_type=\"widget\" data-e-type=\"widget\" data-widget_type=\"button.default\">\n\t\t\t\t<div class=\"elementor-widget-container\">\n\t\t\t\t\t\t\t\t\t<div class=\"elementor-button-wrapper\">\n\t\t\t\t\t<a class=\"elementor-button elementor-button-link elementor-size-lg\" href=\"https:\/\/beyazitdis.com\/en\/randevu-al\/\">\n\t\t\t\t\t\t<span class=\"elementor-button-content-wrapper\">\n\t\t\t\t\t\t<span class=\"elementor-button-icon\">\n\t\t\t\t<i aria-hidden=\"true\" class=\"fas fa-arrow-right\"><\/i>\t\t\t<\/span>\n\t\t\t\t\t\t\t\t\t<span class=\"elementor-button-text\">Make an Appointment<\/span>\n\t\t\t\t\t<\/span>\n\t\t\t\t\t<\/a>\n\t\t\t\t<\/div>\n\t\t\t\t\t\t\t\t<\/div>\n\t\t\t\t<\/div>\n\t\t\t\t\t<\/div>\n\t\t<\/div>\n\t\t\t\t\t<\/div>\n\t\t<\/section>\n\t\t\t\t<\/div>","protected":false},"excerpt":{"rendered":"<p>DT. EDA NUR TOPRAK DT. EDA NUR TOPRAK \u00a0 Eda Nur Toprak, 2000 y\u0131l\u0131nda \u0130stanbul&#8217;da do\u011fdu. Lise e\u011fitimini Ni\u015fanta\u015f\u0131 Nuri Ak\u0131n Anadolu Lisesi ve Be\u015fikta\u015f Final Lisesi&#8217;nde tamamlad\u0131. 2019 y\u0131l\u0131nda&hellip;<\/p>","protected":false},"author":3,"featured_media":0,"parent":24649,"menu_order":0,"comment_status":"closed","ping_status":"closed","template":"elementor_theme","meta":{"_monsterinsights_skip_tracking":false,"_monsterinsights_sitenote_active":false,"_monsterinsights_sitenote_note":"","_monsterinsights_sitenote_category":0,"footnotes":""},"class_list":["post-24887","page","type-page","status-publish","hentry"],"_links":{"self":[{"href":"https:\/\/beyazitdis.com\/en\/wp-json\/wp\/v2\/pages\/24887","targetHints":{"allow":["GET"]}}],"collection":[{"href":"https:\/\/beyazitdis.com\/en\/wp-json\/wp\/v2\/pages"}],"about":[{"href":"https:\/\/beyazitdis.com\/en\/wp-json\/wp\/v2\/types\/page"}],"author":[{"embeddable":true,"href":"https:\/\/beyazitdis.com\/en\/wp-json\/wp\/v2\/users\/3"}],"replies":[{"embeddable":true,"href":"https:\/\/beyazitdis.com\/en\/wp-json\/wp\/v2\/comments?post=24887"}],"version-history":[{"count":25,"href":"https:\/\/beyazitdis.com\/en\/wp-json\/wp\/v2\/pages\/24887\/revisions"}],"predecessor-version":[{"id":26466,"href":"https:\/\/beyazitdis.com\/en\/wp-json\/wp\/v2\/pages\/24887\/revisions\/26466"}],"up":[{"embeddable":true,"href":"https:\/\/beyazitdis.com\/en\/wp-json\/wp\/v2\/pages\/24649"}],"wp:attachment":[{"href":"https:\/\/beyazitdis.com\/en\/wp-json\/wp\/v2\/media?parent=24887"}],"curies":[{"name":"wp","href":"https:\/\/api.w.org\/{rel}","templated":true}]}}