{"id":23983,"date":"2024-10-07T16:11:53","date_gmt":"2024-10-07T16:11:53","guid":{"rendered":"http:\/\/beyazitdis.com\/?page_id=23983"},"modified":"2026-01-29T16:36:35","modified_gmt":"2026-01-29T13:36:35","slug":"sp-dt-gizem-cebi-mahramli","status":"publish","type":"page","link":"https:\/\/beyazitdis.com\/en\/hekimlerimiz\/sp-dt-gizem-cebi-mahramli\/","title":{"rendered":"Periodontoloji Uzm. Dt. Gizem \u00c7ebi Mahraml\u0131"},"content":{"rendered":"<div data-elementor-type=\"wp-page\" data-elementor-id=\"23983\" class=\"elementor elementor-23983\">\n\t\t\t\t\t\t<section class=\"elementor-section elementor-top-section elementor-element elementor-element-b9bb7e9 elementor-section-boxed elementor-section-height-default elementor-section-height-default sc_fly_static\" data-id=\"b9bb7e9\" data-element_type=\"section\" data-e-type=\"section\">\n\t\t\t\t\t\t<div class=\"elementor-container elementor-column-gap-extended\">\n\t\t\t\t\t<div class=\"elementor-column elementor-col-33 elementor-top-column elementor-element elementor-element-555b4b5 sc_inner_width_none sc_content_align_inherit sc_layouts_column_icons_position_left sc_fly_static\" data-id=\"555b4b5\" data-element_type=\"column\" data-e-type=\"column\">\n\t\t\t<div class=\"elementor-widget-wrap elementor-element-populated\">\n\t\t\t\t\t\t<div class=\"elementor-element elementor-element-bb00fea sc_fly_static elementor-widget elementor-widget-image\" data-id=\"bb00fea\" data-element_type=\"widget\" data-e-type=\"widget\" data-widget_type=\"image.default\">\n\t\t\t\t<div class=\"elementor-widget-container\">\n\t\t\t\t\t\t\t\t\t\t\t\t\t\t\t<img fetchpriority=\"high\" decoding=\"async\" width=\"576\" height=\"1024\" src=\"https:\/\/beyazitdis.com\/wp-content\/uploads\/2024\/05\/Gizem-Cebi-Mahramli-576x1024.jpg\" class=\"attachment-large size-large wp-image-23811\" alt=\"\" srcset=\"https:\/\/beyazitdis.com\/wp-content\/uploads\/2024\/05\/Gizem-Cebi-Mahramli-576x1024.jpg 576w, https:\/\/beyazitdis.com\/wp-content\/uploads\/2024\/05\/Gizem-Cebi-Mahramli-169x300.jpg 169w, https:\/\/beyazitdis.com\/wp-content\/uploads\/2024\/05\/Gizem-Cebi-Mahramli-768x1365.jpg 768w, https:\/\/beyazitdis.com\/wp-content\/uploads\/2024\/05\/Gizem-Cebi-Mahramli-864x1536.jpg 864w, https:\/\/beyazitdis.com\/wp-content\/uploads\/2024\/05\/Gizem-Cebi-Mahramli-370x658.jpg 370w, https:\/\/beyazitdis.com\/wp-content\/uploads\/2024\/05\/Gizem-Cebi-Mahramli-840x1493.jpg 840w, https:\/\/beyazitdis.com\/wp-content\/uploads\/2024\/05\/Gizem-Cebi-Mahramli-410x729.jpg 410w, https:\/\/beyazitdis.com\/wp-content\/uploads\/2024\/05\/Gizem-Cebi-Mahramli-600x1067.jpg 600w, https:\/\/beyazitdis.com\/wp-content\/uploads\/2024\/05\/Gizem-Cebi-Mahramli.jpg 1080w\" sizes=\"(max-width: 600px) 100vw, 576px\" \/>\t\t\t\t\t\t\t\t\t\t\t\t\t\t\t<\/div>\n\t\t\t\t<\/div>\n\t\t\t\t\t<\/div>\n\t\t<\/div>\n\t\t\t\t<div class=\"elementor-column elementor-col-66 elementor-top-column elementor-element elementor-element-3b057c1 sc_inner_width_none sc_content_align_inherit sc_layouts_column_icons_position_left sc_fly_static\" data-id=\"3b057c1\" data-element_type=\"column\" data-e-type=\"column\">\n\t\t\t<div class=\"elementor-widget-wrap elementor-element-populated\">\n\t\t\t\t\t\t<div class=\"elementor-element elementor-element-2deb07b sc_fly_static elementor-widget elementor-widget-heading\" data-id=\"2deb07b\" data-element_type=\"widget\" data-e-type=\"widget\" data-widget_type=\"heading.default\">\n\t\t\t\t<div class=\"elementor-widget-container\">\n\t\t\t\t\t<h2 class=\"elementor-heading-title elementor-size-default\">Dr. Gizem \u00c7ebi Mahraml\u0131 - Specialist in Periodontology<\/h2>\t\t\t\t<\/div>\n\t\t\t\t<\/div>\n\t\t\t\t<div class=\"elementor-element elementor-element-f0a4d1b sc_fly_static elementor-widget elementor-widget-text-editor\" data-id=\"f0a4d1b\" data-element_type=\"widget\" data-e-type=\"widget\" data-widget_type=\"text-editor.default\">\n\t\t\t\t<div class=\"elementor-widget-container\">\n\t\t\t\t\t\t\t\t\t<p><br \/>Dr. Gizem \u00c7ebi Mahraml\u0131 was born in Tekirda\u011f in 1996. She completed her primary education at S\u00fcleymanpa\u015fa Primary School and graduated from Tekirda\u011f Science High School. In 2014, she enrolled at Istanbul University\u2019s Faculty of Dentistry, where she completed her degree in 2019. She then began her doctorate studies, and in the fall of 2020, she started her education in the Department of Periodontology at Istanbul University Faculty of Dentistry.<\/p><p>In 2024, Dr. Mahraml\u0131 began her professional career at Beyaz\u0131t Oral and Dental Health Clinic, continuing her focus on periodontology and advanced dental care.<\/p><p><strong>Professional Development and Training: Dr. Mahraml\u0131 has attended numerous national and international conferences, symposiums, and specialized training programs to continuously advance her expertise in periodontology and dental care. Notable trainings and conferences include:<\/strong><\/p><ul><li>Soft and Hard Tissue Laser Training \u2013 Dentsem (2021)<\/li><li>Botulinum Toxin Application Training \u2013 Quintessence (2021)<\/li><li>50th International Scientific Online Congress \u2013 Turkish Dental Association (2021)<\/li><li>Soft Tissue Around Teeth and Implants \u2013 Prof. Dr. Fire Shines, Optimum Dent Academy (2022)<\/li><li>National Osseointegration Symposium \u2013 OSSEDER (2022)<\/li><li>51st International Scientific Congress and 29th Scientific Symposium \u2013 Turkish Periodontology Association (2022)<\/li><li>ITI Turkey &amp; Azerbaijan Regional Meeting (2022)<\/li><li>Porcelain Laminate Veneer Training \u2013 Dentsem (2023)<\/li><li>ITI Women\u2019s Meeting (2023)<\/li><li>52nd International Scientific Congress and 30th Scientific Symposium \u2013 Turkish Periodontology Association (2023)<\/li><\/ul><p><strong>Publication<\/strong><\/p><ul><li>Insufficient Keratinized Mucosa Increase Before and After Implant Treatment and Implant Application: Case Series Ayd\u0131n MC, Chebi Mahramli G., Attractive A. \u2018Turkish Periodontological Society 52nd Scientific Congress and 30th Scientific Symposium\u2019, Izmir, Turkey, 21 - 23 September 2023, pp.479-480<\/li><li>Treatment with Multidisciplinary Approach by \u00c7ebi Mahraml\u0131 G., Aydin MC, Attractive A. 52nd Scientific Congress and 30th Scientific Symposium of Turkish Society of Periodontology, Izmir, Turkey, 21 - 23 September 2023, pp.483-484<\/li><li>Effects of Immediate Implant and Temporary Prosthesis Application on Soft and Hard Tissues in a Case with Root Surface Abrasion and Gingival Recession \u00c7ebi MahramliG., \u00c7ekici A. Turkish Society of Periodontology 51st International Scientific Congress 29th Scientific Symposium, Antalya, Turkey, 6 - 09 November 2022, pp.126<\/li><\/ul><h5><strong>Expertise Thesis Abstract;<\/strong><\/h5><p>Mahramli Gizem. Effects of Immediatric Implant Placement and Provisioning on Soft and Hard Tissues: A Systematic Review. Istanbul University Faculty of Dentistry, Department of Periodontology. Speciality Education Research Thesis. Istanbul 2023.<\/p><p><strong>Objective:\u00a0<\/strong>The aim of this study was to evaluate the effects of emergency implant placement and temporary implant placement on soft and hard tissues in a systematic review of randomised controlled clinical trials with a follow-up period of at least 12 months and to create a reliable source of information that can guide clinicians.<\/p><p><strong>Materials and Methods:\u00a0<\/strong>This systematic review was written by applying the items in the PRISMA 2020 \u2018Preferred Reporting Items for Systematic Reviews and Meta-Analyses\u2019 checklist. With the selected keywords, a detailed literature search was performed in original research articles published in English in MEDLINE (PubMed), Wiley, Turkish Citation Index databases from 2015 to May 2023. In this systematic review, changes in bone and mucosa were considered the primary outcome variable. Aesthetic evaluation was considered as a secondary outcome variable. We ensured that the studies selected for inclusion in the systematic review included data on these variables.<\/p><p><strong>Results:\u00a0<\/strong>A total of 2250 studies were accessed by performing a detailed search with the selected keywords. After reviewing the title, abstract and full text, it was decided to include 7 randomised controlled clinical trials that met the inclusion criteria for systematic review. In 3 of the 7 included studies, each patient was immediately implanted and a provisional restoration was applied in the same session in the test group, while no provisional restoration was applied in the same session in the control group. In the other 3 studies, implants and provisional restorations were applied immediately to each patient in the same session and subepithelial connective tissue graft was used in the test group, but not in the control group. In one study, each patient received immediate implants and provisional restorations in the same session, surgery was performed without flap removal in the test group, and surgery was performed with flap removal in the control group. In immediate implant placement, soft tissue loss was observed independently of provisionalisation. In studies with a stable volume and connective tissue graft, the mucosa level in the soft tissue was observed for a longer period of time.<\/p><p><strong>Results:<\/strong>\u00a0Immediate implant placement and provisionalisation can be considered a treatment method with reliable and predictable results, regardless of whether an additional connective tissue graft is applied. Randomised controlled clinical trials with longer follow-up periods and standardised measurement methods and measurement timings are needed for proper systematic reviews and meta-analyses.<\/p><p><em><strong>Key words:\u00a0<\/strong>dental implant, non-functional temporary restoration, immediate implant<\/em><\/p>\t\t\t\t\t\t\t\t<\/div>\n\t\t\t\t<\/div>\n\t\t\t\t<div class=\"elementor-element elementor-element-1cc28cc elementor-mobile-align-center sc_fly_static elementor-widget elementor-widget-button\" data-id=\"1cc28cc\" data-element_type=\"widget\" data-e-type=\"widget\" data-widget_type=\"button.default\">\n\t\t\t\t<div class=\"elementor-widget-container\">\n\t\t\t\t\t\t\t\t\t<div class=\"elementor-button-wrapper\">\n\t\t\t\t\t<a class=\"elementor-button elementor-button-link elementor-size-lg\" href=\"https:\/\/beyazitdis.com\/en\/randevu-al\/\">\n\t\t\t\t\t\t<span class=\"elementor-button-content-wrapper\">\n\t\t\t\t\t\t<span class=\"elementor-button-icon\">\n\t\t\t\t<i aria-hidden=\"true\" class=\"fas fa-arrow-right\"><\/i>\t\t\t<\/span>\n\t\t\t\t\t\t\t\t\t<span class=\"elementor-button-text\">Make an Appointment<\/span>\n\t\t\t\t\t<\/span>\n\t\t\t\t\t<\/a>\n\t\t\t\t<\/div>\n\t\t\t\t\t\t\t\t<\/div>\n\t\t\t\t<\/div>\n\t\t\t\t\t<\/div>\n\t\t<\/div>\n\t\t\t\t\t<\/div>\n\t\t<\/section>\n\t\t\t\t<\/div>","protected":false},"excerpt":{"rendered":"<p>UZ. DT. G\u0130ZEM \u00c7EB\u0130 MAHRAMLI 1996 y\u0131l\u0131nda Tekirda\u011f\u2019da do\u011fdu. \u0130lk\u00f6\u011frenimini S\u00fcleymanpa\u015fa \u0130lkokulu\u2019nda, lise \u00f6\u011frenimini ise Tekirda\u011f Fen Lisesi\u2019nde tamamlad\u0131. 2014 y\u0131l\u0131nda girdi\u011fi \u0130stanbul \u00dcniversitesi Di\u015f Hekimli\u011fi Fak\u00fcltesi\u2019nden 2019 y\u0131l\u0131nda mezun&hellip;<\/p>","protected":false},"author":3,"featured_media":0,"parent":24649,"menu_order":0,"comment_status":"closed","ping_status":"closed","template":"elementor_theme","meta":{"_monsterinsights_skip_tracking":false,"_monsterinsights_sitenote_active":false,"_monsterinsights_sitenote_note":"","_monsterinsights_sitenote_category":0,"footnotes":""},"class_list":["post-23983","page","type-page","status-publish","hentry"],"_links":{"self":[{"href":"https:\/\/beyazitdis.com\/en\/wp-json\/wp\/v2\/pages\/23983","targetHints":{"allow":["GET"]}}],"collection":[{"href":"https:\/\/beyazitdis.com\/en\/wp-json\/wp\/v2\/pages"}],"about":[{"href":"https:\/\/beyazitdis.com\/en\/wp-json\/wp\/v2\/types\/page"}],"author":[{"embeddable":true,"href":"https:\/\/beyazitdis.com\/en\/wp-json\/wp\/v2\/users\/3"}],"replies":[{"embeddable":true,"href":"https:\/\/beyazitdis.com\/en\/wp-json\/wp\/v2\/comments?post=23983"}],"version-history":[{"count":10,"href":"https:\/\/beyazitdis.com\/en\/wp-json\/wp\/v2\/pages\/23983\/revisions"}],"predecessor-version":[{"id":25844,"href":"https:\/\/beyazitdis.com\/en\/wp-json\/wp\/v2\/pages\/23983\/revisions\/25844"}],"up":[{"embeddable":true,"href":"https:\/\/beyazitdis.com\/en\/wp-json\/wp\/v2\/pages\/24649"}],"wp:attachment":[{"href":"https:\/\/beyazitdis.com\/en\/wp-json\/wp\/v2\/media?parent=23983"}],"curies":[{"name":"wp","href":"https:\/\/api.w.org\/{rel}","templated":true}]}}