{"id":23264,"date":"2024-02-08T08:58:17","date_gmt":"2024-02-08T08:58:17","guid":{"rendered":"http:\/\/beyazitdis.com\/?page_id=23264"},"modified":"2026-03-31T11:45:43","modified_gmt":"2026-03-31T08:45:43","slug":"klinigimiz","status":"publish","type":"page","link":"https:\/\/beyazitdis.com\/en\/klinigimiz\/","title":{"rendered":"Our clinic"},"content":{"rendered":"<div data-elementor-type=\"wp-page\" data-elementor-id=\"23264\" class=\"elementor elementor-23264\">\n\t\t\t\t\t\t<section class=\"elementor-section elementor-top-section elementor-element elementor-element-91dcd2c elementor-section-boxed elementor-section-height-default elementor-section-height-default sc_fly_static\" data-id=\"91dcd2c\" data-element_type=\"section\" data-e-type=\"section\">\n\t\t\t\t\t\t<div class=\"elementor-container elementor-column-gap-extended\">\n\t\t\t\t\t<div class=\"elementor-column elementor-col-100 elementor-top-column elementor-element elementor-element-001837f sc_inner_width_none sc_content_align_inherit sc_layouts_column_icons_position_left sc_fly_static\" data-id=\"001837f\" data-element_type=\"column\" data-e-type=\"column\">\n\t\t\t<div class=\"elementor-widget-wrap elementor-element-populated\">\n\t\t\t\t\t\t<div class=\"elementor-element elementor-element-e5f9e7e sc_height_huge sc_fly_static elementor-widget elementor-widget-spacer\" data-id=\"e5f9e7e\" data-element_type=\"widget\" data-e-type=\"widget\" data-widget_type=\"spacer.default\">\n\t\t\t\t<div class=\"elementor-widget-container\">\n\t\t\t\t\t\t\t<div class=\"elementor-spacer\">\n\t\t\t<div class=\"elementor-spacer-inner\"><\/div>\n\t\t<\/div>\n\t\t\t\t\t\t<\/div>\n\t\t\t\t<\/div>\n\t\t\t\t\t<\/div>\n\t\t<\/div>\n\t\t\t\t\t<\/div>\n\t\t<\/section>\n\t\t\t\t<section class=\"elementor-section elementor-top-section elementor-element elementor-element-f4fd4fa elementor-section-full_width elementor-section-stretched elementor-section-height-default elementor-section-height-default sc_fly_static\" data-id=\"f4fd4fa\" data-element_type=\"section\" data-e-type=\"section\" data-settings=\"{&quot;background_background&quot;:&quot;classic&quot;,&quot;stretch_section&quot;:&quot;section-stretched&quot;}\">\n\t\t\t\t\t\t\t<div class=\"elementor-background-overlay\"><\/div>\n\t\t\t\t\t\t\t<div class=\"elementor-container elementor-column-gap-extended\">\n\t\t\t\t\t<div class=\"elementor-column elementor-col-100 elementor-top-column elementor-element elementor-element-2dccb50 sc_inner_width_none sc_content_align_inherit sc_layouts_column_icons_position_left sc_fly_static\" data-id=\"2dccb50\" data-element_type=\"column\" data-e-type=\"column\">\n\t\t\t<div class=\"elementor-widget-wrap elementor-element-populated\">\n\t\t\t\t\t\t<div class=\"elementor-element elementor-element-34690bd elementor-widget__width-inherit sc_fly_static elementor-widget elementor-widget-heading\" data-id=\"34690bd\" data-element_type=\"widget\" data-e-type=\"widget\" data-widget_type=\"heading.default\">\n\t\t\t\t<div class=\"elementor-widget-container\">\n\t\t\t\t\t<h2 class=\"elementor-heading-title elementor-size-default\">NEREDEY\u0130Z?<\/h2>\t\t\t\t<\/div>\n\t\t\t\t<\/div>\n\t\t\t\t\t<\/div>\n\t\t<\/div>\n\t\t\t\t\t<\/div>\n\t\t<\/section>\n\t\t\t\t<section class=\"elementor-section elementor-top-section elementor-element elementor-element-1d6e545 elementor-section-boxed elementor-section-height-default elementor-section-height-default sc_fly_static\" data-id=\"1d6e545\" data-element_type=\"section\" data-e-type=\"section\" data-settings=\"{&quot;background_background&quot;:&quot;classic&quot;}\">\n\t\t\t\t\t\t<div class=\"elementor-container elementor-column-gap-extended\">\n\t\t\t\t\t<div class=\"elementor-column elementor-col-100 elementor-top-column elementor-element elementor-element-dbe4543 sc_inner_width_none sc_content_align_inherit sc_layouts_column_icons_position_left sc_fly_static\" data-id=\"dbe4543\" data-element_type=\"column\" data-e-type=\"column\">\n\t\t\t<div class=\"elementor-widget-wrap\">\n\t\t\t\t\t\t\t<\/div>\n\t\t<\/div>\n\t\t\t\t\t<\/div>\n\t\t<\/section>\n\t\t\t\t<section class=\"elementor-section-with-custom-width elementor-section elementor-top-section elementor-element elementor-element-e1f173a elementor-section-boxed elementor-section-height-default elementor-section-height-default sc_fly_static\" data-id=\"e1f173a\" data-element_type=\"section\" data-e-type=\"section\">\n\t\t\t\t\t\t<div class=\"elementor-container elementor-column-gap-default\">\n\t\t\t\t\t<div class=\"elementor-column elementor-col-100 elementor-top-column elementor-element elementor-element-18bdf85 sc_inner_width_none sc_content_align_inherit sc_layouts_column_icons_position_left sc_fly_static\" data-id=\"18bdf85\" data-element_type=\"column\" data-e-type=\"column\">\n\t\t\t<div class=\"elementor-widget-wrap elementor-element-populated\">\n\t\t\t\t\t\t<div class=\"elementor-element elementor-element-d2618c5 sc_fly_static elementor-widget elementor-widget-text-editor\" data-id=\"d2618c5\" data-element_type=\"widget\" data-e-type=\"widget\" data-widget_type=\"text-editor.default\">\n\t\t\t\t<div class=\"elementor-widget-container\">\n\t\t\t\t\t\t\t\t\t<h2 style=\"font-size: 3.5em; font-weight: 500; margin-bottom: 13px;\">360\u00b0 Virtual Tour<\/h2>\t\t\t\t\t\t\t\t<\/div>\n\t\t\t\t<\/div>\n\t\t\t\t<div class=\"elementor-element elementor-element-e241fa5 sc_fly_static elementor-widget elementor-widget-html\" data-id=\"e241fa5\" data-element_type=\"widget\" data-e-type=\"widget\" data-widget_type=\"html.default\">\n\t\t\t\t<div class=\"elementor-widget-container\">\n\t\t\t\t\t<iframe src=\"https:\/\/sanaltur.beyazitdis.com\" style=\"width:100%; height:1000px !important;\" frameborder=\"0\"><\/iframe>\t\t\t\t<\/div>\n\t\t\t\t<\/div>\n\t\t\t\t\t<\/div>\n\t\t<\/div>\n\t\t\t\t\t<\/div>\n\t\t<\/section>\n\t\t\t\t<section class=\"elementor-section elementor-top-section elementor-element elementor-element-378c7b6 elementor-section-boxed elementor-section-height-default elementor-section-height-default sc_fly_static\" data-id=\"378c7b6\" data-element_type=\"section\" data-e-type=\"section\">\n\t\t\t\t\t\t<div class=\"elementor-container elementor-column-gap-extended\">\n\t\t\t\t\t<div class=\"elementor-column elementor-col-100 elementor-top-column elementor-element elementor-element-005caf3 sc_inner_width_none sc_content_align_inherit sc_layouts_column_icons_position_left sc_fly_static\" data-id=\"005caf3\" data-element_type=\"column\" data-e-type=\"column\">\n\t\t\t<div class=\"elementor-widget-wrap elementor-element-populated\">\n\t\t\t\t\t\t<section class=\"elementor-section elementor-inner-section elementor-element elementor-element-d0f595e elementor-section-boxed elementor-section-height-default elementor-section-height-default sc_fly_static\" data-id=\"d0f595e\" data-element_type=\"section\" data-e-type=\"section\">\n\t\t\t\t\t\t<div class=\"elementor-container elementor-column-gap-extended\">\n\t\t\t\t\t<div class=\"elementor-column elementor-col-100 elementor-inner-column elementor-element elementor-element-28bd0cd sc_inner_width_none sc_content_align_inherit sc_layouts_column_icons_position_left sc_fly_static\" data-id=\"28bd0cd\" data-element_type=\"column\" data-e-type=\"column\">\n\t\t\t<div class=\"elementor-widget-wrap elementor-element-populated\">\n\t\t\t\t\t\t<div class=\"elementor-element elementor-element-c6fc807 sc_fly_static elementor-widget elementor-widget-heading\" data-id=\"c6fc807\" data-element_type=\"widget\" data-e-type=\"widget\" data-widget_type=\"heading.default\">\n\t\t\t\t<div class=\"elementor-widget-container\">\n\t\t\t\t\t<h2 class=\"elementor-heading-title elementor-size-default\">Why Tekirdag?<\/h2>\t\t\t\t<\/div>\n\t\t\t\t<\/div>\n\t\t\t\t<div class=\"elementor-element elementor-element-f5fba31 sc_fly_static elementor-widget elementor-widget-text-editor\" data-id=\"f5fba31\" data-element_type=\"widget\" data-e-type=\"widget\" data-widget_type=\"text-editor.default\">\n\t\t\t\t<div class=\"elementor-widget-container\">\n\t\t\t\t\t\t\t\t\t<p>One of Turkey's little-known but marvellous cities, Tekirdag sits gracefully on the northwest coast of the Sea of Marmara. Tekirdag has seen an increase in tourist visits over the past few years, making it a sought-after travel destination. Here's why:<\/p>\t\t\t\t\t\t\t\t<\/div>\n\t\t\t\t<\/div>\n\t\t\t\t\t<\/div>\n\t\t<\/div>\n\t\t\t\t\t<\/div>\n\t\t<\/section>\n\t\t\t\t<section class=\"elementor-section elementor-inner-section elementor-element elementor-element-7a0cb82 elementor-section-content-middle elementor-section-boxed elementor-section-height-default elementor-section-height-default sc_fly_static\" data-id=\"7a0cb82\" data-element_type=\"section\" data-e-type=\"section\">\n\t\t\t\t\t\t<div class=\"elementor-container elementor-column-gap-extended\">\n\t\t\t\t\t<div class=\"elementor-column elementor-col-50 elementor-inner-column elementor-element elementor-element-f5eba2a sc_inner_width_none sc_content_align_inherit sc_layouts_column_icons_position_left sc_fly_static\" data-id=\"f5eba2a\" data-element_type=\"column\" data-e-type=\"column\">\n\t\t\t<div class=\"elementor-widget-wrap elementor-element-populated\">\n\t\t\t\t\t\t<div class=\"elementor-element elementor-element-abe32ee sc_fly_static elementor-widget elementor-widget-text-editor\" data-id=\"abe32ee\" data-element_type=\"widget\" data-e-type=\"widget\" data-widget_type=\"text-editor.default\">\n\t\t\t\t<div class=\"elementor-widget-container\">\n\t\t\t\t\t\t\t\t\t<p>History and Culture Blend: Tekirda\u011f's thousand-year history is a treasure trove for history buffs. Traces of ancient civilisations such as the Thracians, Ottomans and Byzantines can be found scattered throughout the region. The Rakoczi Museum, for example, is an ode to Hungarian-Turkish history and exhibits the life and times of Prince R\u00e1k\u00f3czi II. <b>Gastronomy Delights:<\/b> Tekirdag is famous for its local cuisine. Tekirda\u011f meatballs have conquered the hearts of many people with its unique flavour. In addition, local wines and raki made from the grapes of the vineyards in the region offer unforgettable flavours for gastronomy lovers. Do not leave Tekirdag without tasting these flavours!<\/p><p>Scenic Beauty: The city's coastline is undeniably one of its main attractions. The unspoilt beaches with the deep blue Marmara Sea in the background offer postcard-like views. It is an ideal place for those looking for a calm and serene atmosphere away from the bustling crowds of big cities. Ease of Transport: Located close to Istanbul, Tekirdag is easily accessible for both local and foreign tourists. Modern motorways and regular ferry services make commuting hassle-free. Unique Festivals: Tekirdag is full of colour and celebrations at the Cherry Festival and Vineyard Harvest Festival. These festivals celebrate not only the region's agricultural wealth, but also its vibrant local traditions.<\/p>\t\t\t\t\t\t\t\t<\/div>\n\t\t\t\t<\/div>\n\t\t\t\t\t<\/div>\n\t\t<\/div>\n\t\t\t\t<div class=\"elementor-column elementor-col-50 elementor-inner-column elementor-element elementor-element-7d32b5d sc_inner_width_none sc_content_align_inherit sc_layouts_column_icons_position_left sc_fly_static\" data-id=\"7d32b5d\" data-element_type=\"column\" data-e-type=\"column\">\n\t\t\t<div class=\"elementor-widget-wrap elementor-element-populated\">\n\t\t\t\t\t\t<div class=\"elementor-element elementor-element-d17f95c sc_fly_static elementor-widget elementor-widget-image\" data-id=\"d17f95c\" data-element_type=\"widget\" data-e-type=\"widget\" data-widget_type=\"image.default\">\n\t\t\t\t<div class=\"elementor-widget-container\">\n\t\t\t\t\t\t\t\t\t\t\t\t\t\t\t<img fetchpriority=\"high\" decoding=\"async\" width=\"1024\" height=\"741\" src=\"https:\/\/beyazitdis.com\/wp-content\/uploads\/2024\/02\/nedentekirdag-2-1024x741.jpeg\" class=\"attachment-large size-large wp-image-23269\" alt=\"\" srcset=\"https:\/\/beyazitdis.com\/wp-content\/uploads\/2024\/02\/nedentekirdag-2-1024x741.jpeg 1024w, https:\/\/beyazitdis.com\/wp-content\/uploads\/2024\/02\/nedentekirdag-2-300x217.jpeg 300w, https:\/\/beyazitdis.com\/wp-content\/uploads\/2024\/02\/nedentekirdag-2-768x556.jpeg 768w, https:\/\/beyazitdis.com\/wp-content\/uploads\/2024\/02\/nedentekirdag-2-370x268.jpeg 370w, https:\/\/beyazitdis.com\/wp-content\/uploads\/2024\/02\/nedentekirdag-2-840x608.jpeg 840w, https:\/\/beyazitdis.com\/wp-content\/uploads\/2024\/02\/nedentekirdag-2-410x297.jpeg 410w, https:\/\/beyazitdis.com\/wp-content\/uploads\/2024\/02\/nedentekirdag-2-600x434.jpeg 600w, https:\/\/beyazitdis.com\/wp-content\/uploads\/2024\/02\/nedentekirdag-2.jpeg 1300w\" sizes=\"(max-width: 1024px) 100vw, 1024px\" \/>\t\t\t\t\t\t\t\t\t\t\t\t\t\t\t<\/div>\n\t\t\t\t<\/div>\n\t\t\t\t\t<\/div>\n\t\t<\/div>\n\t\t\t\t\t<\/div>\n\t\t<\/section>\n\t\t\t\t<section class=\"elementor-section elementor-inner-section elementor-element elementor-element-8f24d20 elementor-section-content-middle elementor-section-boxed elementor-section-height-default elementor-section-height-default sc_fly_static\" data-id=\"8f24d20\" data-element_type=\"section\" data-e-type=\"section\">\n\t\t\t\t\t\t<div class=\"elementor-container elementor-column-gap-extended\">\n\t\t\t\t\t<div class=\"elementor-column elementor-col-50 elementor-inner-column elementor-element elementor-element-cd0d732 sc_inner_width_none sc_content_align_inherit sc_layouts_column_icons_position_left sc_fly_static\" data-id=\"cd0d732\" data-element_type=\"column\" data-e-type=\"column\">\n\t\t\t<div class=\"elementor-widget-wrap elementor-element-populated\">\n\t\t\t\t\t\t<div class=\"elementor-element elementor-element-23ca602 sc_fly_static elementor-widget elementor-widget-image\" data-id=\"23ca602\" data-element_type=\"widget\" data-e-type=\"widget\" data-widget_type=\"image.default\">\n\t\t\t\t<div class=\"elementor-widget-container\">\n\t\t\t\t\t\t\t\t\t\t\t\t\t\t\t<img decoding=\"async\" width=\"1024\" height=\"768\" src=\"https:\/\/beyazitdis.com\/wp-content\/uploads\/2024\/02\/nedentekirdag-4-1024x768.jpeg\" class=\"attachment-large size-large wp-image-23270\" alt=\"\" srcset=\"https:\/\/beyazitdis.com\/wp-content\/uploads\/2024\/02\/nedentekirdag-4-1024x768.jpeg 1024w, https:\/\/beyazitdis.com\/wp-content\/uploads\/2024\/02\/nedentekirdag-4-300x225.jpeg 300w, https:\/\/beyazitdis.com\/wp-content\/uploads\/2024\/02\/nedentekirdag-4-768x576.jpeg 768w, https:\/\/beyazitdis.com\/wp-content\/uploads\/2024\/02\/nedentekirdag-4-370x278.jpeg 370w, https:\/\/beyazitdis.com\/wp-content\/uploads\/2024\/02\/nedentekirdag-4-840x630.jpeg 840w, https:\/\/beyazitdis.com\/wp-content\/uploads\/2024\/02\/nedentekirdag-4-410x308.jpeg 410w, https:\/\/beyazitdis.com\/wp-content\/uploads\/2024\/02\/nedentekirdag-4-600x450.jpeg 600w, https:\/\/beyazitdis.com\/wp-content\/uploads\/2024\/02\/nedentekirdag-4.jpeg 1280w\" sizes=\"(max-width: 1024px) 100vw, 1024px\" \/>\t\t\t\t\t\t\t\t\t\t\t\t\t\t\t<\/div>\n\t\t\t\t<\/div>\n\t\t\t\t\t<\/div>\n\t\t<\/div>\n\t\t\t\t<div class=\"elementor-column elementor-col-50 elementor-inner-column elementor-element elementor-element-a30bc33 sc_inner_width_none sc_content_align_inherit sc_layouts_column_icons_position_left sc_fly_static\" data-id=\"a30bc33\" data-element_type=\"column\" data-e-type=\"column\">\n\t\t\t<div class=\"elementor-widget-wrap elementor-element-populated\">\n\t\t\t\t\t\t<div class=\"elementor-element elementor-element-fc45f9a sc_fly_static elementor-widget elementor-widget-text-editor\" data-id=\"fc45f9a\" data-element_type=\"widget\" data-e-type=\"widget\" data-widget_type=\"text-editor.default\">\n\t\t\t\t<div class=\"elementor-widget-container\">\n\t\t\t\t\t\t\t\t\t<p>Hospitable Locals: Turkish hospitality is renowned worldwide and Tekirdag is no exception. The warm and hospitable nature of its residents makes every visitor's experience unforgettable. Affordable Destination: Compared to more popular destinations in Turkey, Tekirdag offers a more affordable option for travellers without sacrificing the richness of experience. Adventure Enthusiasts: For those interested in adventure and outdoor activities, Tekirdag has a lot to offer. From paragliding over the Marmara Sea to lush nature walks, it is a playground for adventurous souls. Therapeutic Hot Springs: Tekirdag is home to some of the country's most rejuvenating hot springs, known for their therapeutic properties. Many visitors find solace and healing in these warm waters. Ecological Areas: Nature lovers can explore the tranquil surroundings of Igneada Flood Forests National Park. Offering a unique ecosystem with its dense forests, dunes and marshes, this park is home to many endangered species.<\/p>\t\t\t\t\t\t\t\t<\/div>\n\t\t\t\t<\/div>\n\t\t\t\t\t<\/div>\n\t\t<\/div>\n\t\t\t\t\t<\/div>\n\t\t<\/section>\n\t\t\t\t<section class=\"elementor-section elementor-inner-section elementor-element elementor-element-871024d elementor-section-content-middle elementor-section-boxed elementor-section-height-default elementor-section-height-default sc_fly_static\" data-id=\"871024d\" data-element_type=\"section\" data-e-type=\"section\">\n\t\t\t\t\t\t<div class=\"elementor-container elementor-column-gap-extended\">\n\t\t\t\t\t<div class=\"elementor-column elementor-col-100 elementor-inner-column elementor-element elementor-element-1ca831d sc_inner_width_none sc_content_align_inherit sc_layouts_column_icons_position_left sc_fly_static\" data-id=\"1ca831d\" data-element_type=\"column\" data-e-type=\"column\">\n\t\t\t<div class=\"elementor-widget-wrap elementor-element-populated\">\n\t\t\t\t\t\t<div class=\"elementor-element elementor-element-cf1820a sc_fly_static elementor-widget elementor-widget-text-editor\" data-id=\"cf1820a\" data-element_type=\"widget\" data-e-type=\"widget\" data-widget_type=\"text-editor.default\">\n\t\t\t\t<div class=\"elementor-widget-container\">\n\t\t\t\t\t\t\t\t\t<p>As a result, Tekirda\u011f promises its visitors a well-rounded experience with its harmonious blend of nature, history and culture. It stands as a testament that Turkey's charm goes beyond its famous landmarks. This city, with its authentic experiences, beckons travellers who want to explore the roads less travelled.<\/p>\t\t\t\t\t\t\t\t<\/div>\n\t\t\t\t<\/div>\n\t\t\t\t\t<\/div>\n\t\t<\/div>\n\t\t\t\t\t<\/div>\n\t\t<\/section>\n\t\t\t\t<div class=\"elementor-element elementor-element-7674ac8 sc_height_huge sc_fly_static elementor-widget elementor-widget-spacer\" data-id=\"7674ac8\" data-element_type=\"widget\" data-e-type=\"widget\" data-widget_type=\"spacer.default\">\n\t\t\t\t<div class=\"elementor-widget-container\">\n\t\t\t\t\t\t\t<div class=\"elementor-spacer\">\n\t\t\t<div class=\"elementor-spacer-inner\"><\/div>\n\t\t<\/div>\n\t\t\t\t\t\t<\/div>\n\t\t\t\t<\/div>\n\t\t\t\t\t<\/div>\n\t\t<\/div>\n\t\t\t\t\t<\/div>\n\t\t<\/section>\n\t\t\t\t<\/div>","protected":false},"excerpt":{"rendered":"<p>NEREDEY\u0130Z? 360\u00b0 Sanal Tur Neden Tekirda\u011f? T\u00fcrkiye&#8217;nin az bilinen ama muhte\u015fem \u015fehirlerinden biri olan Tekirda\u011f, Marmara Denizi&#8217;nin kuzeybat\u0131 k\u0131y\u0131s\u0131nda zarif bir \u015fekilde oturuyor. Tekirda\u011f, son birka\u00e7 y\u0131lda turist ziyaretlerinde bir&hellip;<\/p>","protected":false},"author":1,"featured_media":0,"parent":0,"menu_order":0,"comment_status":"closed","ping_status":"closed","template":"","meta":{"_monsterinsights_skip_tracking":false,"_monsterinsights_sitenote_active":false,"_monsterinsights_sitenote_note":"","_monsterinsights_sitenote_category":0,"footnotes":""},"class_list":["post-23264","page","type-page","status-publish","hentry"],"_links":{"self":[{"href":"https:\/\/beyazitdis.com\/en\/wp-json\/wp\/v2\/pages\/23264","targetHints":{"allow":["GET"]}}],"collection":[{"href":"https:\/\/beyazitdis.com\/en\/wp-json\/wp\/v2\/pages"}],"about":[{"href":"https:\/\/beyazitdis.com\/en\/wp-json\/wp\/v2\/types\/page"}],"author":[{"embeddable":true,"href":"https:\/\/beyazitdis.com\/en\/wp-json\/wp\/v2\/users\/1"}],"replies":[{"embeddable":true,"href":"https:\/\/beyazitdis.com\/en\/wp-json\/wp\/v2\/comments?post=23264"}],"version-history":[{"count":23,"href":"https:\/\/beyazitdis.com\/en\/wp-json\/wp\/v2\/pages\/23264\/revisions"}],"predecessor-version":[{"id":26738,"href":"https:\/\/beyazitdis.com\/en\/wp-json\/wp\/v2\/pages\/23264\/revisions\/26738"}],"wp:attachment":[{"href":"https:\/\/beyazitdis.com\/en\/wp-json\/wp\/v2\/media?parent=23264"}],"curies":[{"name":"wp","href":"https:\/\/api.w.org\/{rel}","templated":true}]}}