{"id":26531,"date":"2026-01-29T16:46:27","date_gmt":"2026-01-29T13:46:27","guid":{"rendered":"https:\/\/beyazitdis.com\/?page_id=26531"},"modified":"2026-03-31T11:52:44","modified_gmt":"2026-03-31T08:52:44","slug":"dt-kubra-ergin-dinc","status":"publish","type":"page","link":"https:\/\/beyazitdis.com\/de\/hekimlerimiz\/dt-kubra-ergin-dinc\/","title":{"rendered":"Dt. K\u00fcbra Ergin Din\u00e7"},"content":{"rendered":"<div data-elementor-type=\"wp-page\" data-elementor-id=\"26531\" class=\"elementor elementor-26531\">\n\t\t\t\t\t\t<section class=\"elementor-section elementor-top-section elementor-element elementor-element-b8b6d4a elementor-section-full_width elementor-section-stretched elementor-section-height-default elementor-section-height-default sc_fly_static\" data-id=\"b8b6d4a\" data-element_type=\"section\" data-e-type=\"section\" data-settings=\"{&quot;background_background&quot;:&quot;classic&quot;,&quot;stretch_section&quot;:&quot;section-stretched&quot;}\">\n\t\t\t\t\t\t\t<div class=\"elementor-background-overlay\"><\/div>\n\t\t\t\t\t\t\t<div class=\"elementor-container elementor-column-gap-extended\">\n\t\t\t\t\t<div class=\"elementor-column elementor-col-100 elementor-top-column elementor-element elementor-element-ef1dcc4 sc_inner_width_none sc_content_align_inherit sc_layouts_column_icons_position_left sc_fly_static\" data-id=\"ef1dcc4\" data-element_type=\"column\" data-e-type=\"column\">\n\t\t\t<div class=\"elementor-widget-wrap elementor-element-populated\">\n\t\t\t\t\t\t<div class=\"elementor-element elementor-element-ce3a1d3 elementor-widget__width-inherit sc_fly_static elementor-widget elementor-widget-heading\" data-id=\"ce3a1d3\" data-element_type=\"widget\" data-e-type=\"widget\" data-widget_type=\"heading.default\">\n\t\t\t\t<div class=\"elementor-widget-container\">\n\t\t\t\t\t<h2 class=\"elementor-heading-title elementor-size-default\">DT. K\u00dcBRA ERG\u0130N D\u0130N\u00c7<\/h2>\t\t\t\t<\/div>\n\t\t\t\t<\/div>\n\t\t\t\t\t<\/div>\n\t\t<\/div>\n\t\t\t\t\t<\/div>\n\t\t<\/section>\n\t\t\t\t<section class=\"elementor-section elementor-top-section elementor-element elementor-element-b9bb7e9 elementor-section-boxed elementor-section-height-default elementor-section-height-default sc_fly_static\" data-id=\"b9bb7e9\" data-element_type=\"section\" data-e-type=\"section\">\n\t\t\t\t\t\t<div class=\"elementor-container elementor-column-gap-extended\">\n\t\t\t\t\t<div class=\"elementor-column elementor-col-33 elementor-top-column elementor-element elementor-element-555b4b5 sc_inner_width_none sc_content_align_inherit sc_layouts_column_icons_position_left sc_fly_static\" data-id=\"555b4b5\" data-element_type=\"column\" data-e-type=\"column\">\n\t\t\t<div class=\"elementor-widget-wrap elementor-element-populated\">\n\t\t\t\t\t\t<div class=\"elementor-element elementor-element-bb00fea sc_fly_static elementor-widget elementor-widget-image\" data-id=\"bb00fea\" data-element_type=\"widget\" data-e-type=\"widget\" data-widget_type=\"image.default\">\n\t\t\t\t<div class=\"elementor-widget-container\">\n\t\t\t\t\t\t\t\t\t\t\t\t\t\t\t<img fetchpriority=\"high\" decoding=\"async\" width=\"576\" height=\"1024\" src=\"https:\/\/beyazitdis.com\/wp-content\/uploads\/2026\/01\/KUBRA-ERGIN-DINC-576x1024.png\" class=\"attachment-large size-large wp-image-26507\" alt=\"\" srcset=\"https:\/\/beyazitdis.com\/wp-content\/uploads\/2026\/01\/KUBRA-ERGIN-DINC-576x1024.png 576w, https:\/\/beyazitdis.com\/wp-content\/uploads\/2026\/01\/KUBRA-ERGIN-DINC-169x300.png 169w, https:\/\/beyazitdis.com\/wp-content\/uploads\/2026\/01\/KUBRA-ERGIN-DINC-768x1366.png 768w, https:\/\/beyazitdis.com\/wp-content\/uploads\/2026\/01\/KUBRA-ERGIN-DINC-864x1536.png 864w, https:\/\/beyazitdis.com\/wp-content\/uploads\/2026\/01\/KUBRA-ERGIN-DINC-1152x2048.png 1152w, https:\/\/beyazitdis.com\/wp-content\/uploads\/2026\/01\/KUBRA-ERGIN-DINC-7x12.png 7w, https:\/\/beyazitdis.com\/wp-content\/uploads\/2026\/01\/KUBRA-ERGIN-DINC-370x658.png 370w, https:\/\/beyazitdis.com\/wp-content\/uploads\/2026\/01\/KUBRA-ERGIN-DINC-840x1494.png 840w, https:\/\/beyazitdis.com\/wp-content\/uploads\/2026\/01\/KUBRA-ERGIN-DINC-410x729.png 410w, https:\/\/beyazitdis.com\/wp-content\/uploads\/2026\/01\/KUBRA-ERGIN-DINC-600x1067.png 600w, https:\/\/beyazitdis.com\/wp-content\/uploads\/2026\/01\/KUBRA-ERGIN-DINC.png 1406w\" sizes=\"(max-width: 600px) 100vw, 576px\" \/>\t\t\t\t\t\t\t\t\t\t\t\t\t\t\t<\/div>\n\t\t\t\t<\/div>\n\t\t\t\t\t<\/div>\n\t\t<\/div>\n\t\t\t\t<div class=\"elementor-column elementor-col-66 elementor-top-column elementor-element elementor-element-3b057c1 sc_inner_width_none sc_content_align_inherit sc_layouts_column_icons_position_left sc_fly_static\" data-id=\"3b057c1\" data-element_type=\"column\" data-e-type=\"column\">\n\t\t\t<div class=\"elementor-widget-wrap elementor-element-populated\">\n\t\t\t\t\t\t<div class=\"elementor-element elementor-element-2deb07b sc_fly_static elementor-widget elementor-widget-heading\" data-id=\"2deb07b\" data-element_type=\"widget\" data-e-type=\"widget\" data-widget_type=\"heading.default\">\n\t\t\t\t<div class=\"elementor-widget-container\">\n\t\t\t\t\t<h2 class=\"elementor-heading-title elementor-size-default\">DT. K\u00dcBRA ERG\u0130N D\u0130N\u00c7<\/h2>\t\t\t\t<\/div>\n\t\t\t\t<\/div>\n\t\t\t\t<div class=\"elementor-element elementor-element-f0a4d1b sc_fly_static elementor-widget elementor-widget-text-editor\" data-id=\"f0a4d1b\" data-element_type=\"widget\" data-e-type=\"widget\" data-widget_type=\"text-editor.default\">\n\t\t\t\t<div class=\"elementor-widget-container\">\n\t\t\t\t\t\t\t\t\t<p>\u00c7anakkale ili \u00c7an il\u00e7esinde do\u011fmu\u015ftur. \u0130lkokul, ortaokul ve lise e\u011fitimini \u00c7an\u2019da tamamlam\u0131\u015f, 2021 y\u0131l\u0131nda <strong>Trakya \u00dcniversitesi Di\u015f Hekimli\u011fi Fak\u00fcltesi<\/strong>\u2019nden mezun olmu\u015ftur.<\/p><p>\u00dcniversite e\u011fitimi s\u00fcresince mesleki geli\u015fimini desteklemek amac\u0131yla bir\u00e7ok kurs ve uygulamal\u0131 e\u011fitime kat\u0131lm\u0131\u015ft\u0131r. Mezuniyetinin ard\u0131ndan farkl\u0131 \u015fehirlerde edindi\u011fi klinik deneyimlerle hasta odakl\u0131 ve g\u00fcncel tedavi yakla\u015f\u0131mlar\u0131n\u0131 benimsemi\u015ftir.<\/p><p>Meslek hayat\u0131na 2021\u20132022 y\u0131llar\u0131 aras\u0131nda Bursa Kestel\u2019de <strong>\u00d6zel Ural A\u011f\u0131z ve Di\u015f Sa\u011fl\u0131\u011f\u0131 Poliklini\u011fi<\/strong>\u2019nde ba\u015flam\u0131\u015f, ard\u0131ndan 2022\u20132025 y\u0131llar\u0131 aras\u0131nda <strong>\u00c7anakkale Dental Park A\u011f\u0131z ve Di\u015f Sa\u011fl\u0131\u011f\u0131 Poliklini\u011fi<\/strong>\u2019nde aktif olarak g\u00f6rev alm\u0131\u015ft\u0131r. 2026 y\u0131l\u0131 itibar\u0131yla <strong>Private Poliklinik f\u00fcr Mund- und Zahnheilkunde Beyazit<\/strong>\u2019nde hasta kabul etmektedir.<\/p><p>Klinik prati\u011finde estetik restoratif tedaviler, endodonti uygulamalar\u0131 ve hasta memnuniyeti odakl\u0131 yakla\u015f\u0131mlar\u0131 benimseyen Dt. K\u00fcbra Ergin Din\u00e7, mesleki geli\u015fimini s\u00fcrekli e\u011fitimlerle s\u00fcrd\u00fcrmektedir.<\/p><p><strong>Kat\u0131ld\u0131\u011f\u0131 E\u011fitimler ve Sertifikalar<\/strong><\/p><ul><li>Ba\u015flang\u0131\u00e7 D\u00fczey \u0130mplantoloji Kursu (2022)<\/li><li>Kurumsal Dil ve Hasta Memnuniyeti Uygulamal\u0131 E\u011fitimi (2023)<\/li><li>\u0130mplant \u00dcst\u00fc Protezler \u2013 Uygulamal\u0131 Kurs (2023)<\/li><li>Porselen Laminate Veneerler \u2013 Uygulamal\u0131 Kurs (2023)<\/li><li>Anterior K\u0131r\u0131k ve Diastemalarda Kompozit Restorasyonlar ve Bitirme Teknikleri (2023)<\/li><li>Vaka \u00d6rnekleriyle Retreatment vs. Apikal Cerrahi (2023)<\/li><li>G\u00fcncel Beyazlatma Teknikleri ve Klinik \u0130pu\u00e7lar\u0131 (2023)<\/li><li>Vaka \u00d6rnekleriyle Kanal Dolum Teknikleri (2023)<\/li><li>Kompozit Lamina Restorasyonlar\u0131 (2023)<\/li><li>Vaka \u00d6rnekleriyle Pre-Endodontic Build-Up (2023)<\/li><li>Yeni Nesil Endodonti \u2013 Uygulamal\u0131 Kurs (2024)<\/li><\/ul>\t\t\t\t\t\t\t\t<\/div>\n\t\t\t\t<\/div>\n\t\t\t\t<div class=\"elementor-element elementor-element-cee24ef elementor-mobile-align-center sc_fly_static elementor-widget elementor-widget-button\" data-id=\"cee24ef\" data-element_type=\"widget\" data-e-type=\"widget\" data-widget_type=\"button.default\">\n\t\t\t\t<div class=\"elementor-widget-container\">\n\t\t\t\t\t\t\t\t\t<div class=\"elementor-button-wrapper\">\n\t\t\t\t\t<a class=\"elementor-button elementor-button-link elementor-size-lg\" href=\"https:\/\/beyazitdis.com\/de\/randevu-al\/\">\n\t\t\t\t\t\t<span class=\"elementor-button-content-wrapper\">\n\t\t\t\t\t\t<span class=\"elementor-button-icon\">\n\t\t\t\t<i aria-hidden=\"true\" class=\"fas fa-arrow-right\"><\/i>\t\t\t<\/span>\n\t\t\t\t\t\t\t\t\t<span class=\"elementor-button-text\">Termin vereinbaren<\/span>\n\t\t\t\t\t<\/span>\n\t\t\t\t\t<\/a>\n\t\t\t\t<\/div>\n\t\t\t\t\t\t\t\t<\/div>\n\t\t\t\t<\/div>\n\t\t\t\t\t<\/div>\n\t\t<\/div>\n\t\t\t\t\t<\/div>\n\t\t<\/section>\n\t\t\t\t<\/div>","protected":false},"excerpt":{"rendered":"<p>DT. K\u00dcBRA ERG\u0130N D\u0130N\u00c7 DT. K\u00dcBRA ERG\u0130N D\u0130N\u00c7 \u00c7anakkale ili \u00c7an il\u00e7esinde do\u011fmu\u015ftur. \u0130lkokul, ortaokul ve lise e\u011fitimini \u00c7an\u2019da tamamlam\u0131\u015f, 2021 y\u0131l\u0131nda Trakya \u00dcniversitesi Di\u015f Hekimli\u011fi Fak\u00fcltesi\u2019nden mezun olmu\u015ftur. \u00dcniversite&hellip;<\/p>","protected":false},"author":3,"featured_media":0,"parent":24649,"menu_order":0,"comment_status":"closed","ping_status":"closed","template":"elementor_theme","meta":{"_monsterinsights_skip_tracking":false,"_monsterinsights_sitenote_active":false,"_monsterinsights_sitenote_note":"","_monsterinsights_sitenote_category":0,"footnotes":""},"class_list":["post-26531","page","type-page","status-publish","hentry"],"_links":{"self":[{"href":"https:\/\/beyazitdis.com\/de\/wp-json\/wp\/v2\/pages\/26531","targetHints":{"allow":["GET"]}}],"collection":[{"href":"https:\/\/beyazitdis.com\/de\/wp-json\/wp\/v2\/pages"}],"about":[{"href":"https:\/\/beyazitdis.com\/de\/wp-json\/wp\/v2\/types\/page"}],"author":[{"embeddable":true,"href":"https:\/\/beyazitdis.com\/de\/wp-json\/wp\/v2\/users\/3"}],"replies":[{"embeddable":true,"href":"https:\/\/beyazitdis.com\/de\/wp-json\/wp\/v2\/comments?post=26531"}],"version-history":[{"count":10,"href":"https:\/\/beyazitdis.com\/de\/wp-json\/wp\/v2\/pages\/26531\/revisions"}],"predecessor-version":[{"id":26756,"href":"https:\/\/beyazitdis.com\/de\/wp-json\/wp\/v2\/pages\/26531\/revisions\/26756"}],"up":[{"embeddable":true,"href":"https:\/\/beyazitdis.com\/de\/wp-json\/wp\/v2\/pages\/24649"}],"wp:attachment":[{"href":"https:\/\/beyazitdis.com\/de\/wp-json\/wp\/v2\/media?parent=26531"}],"curies":[{"name":"wp","href":"https:\/\/api.w.org\/{rel}","templated":true}]}}