{"id":25396,"date":"2025-11-19T11:35:24","date_gmt":"2025-11-19T08:35:24","guid":{"rendered":"https:\/\/beyazitdis.com\/?page_id=25396"},"modified":"2026-03-31T11:52:11","modified_gmt":"2026-03-31T08:52:11","slug":"dt-gulsah-duran","status":"publish","type":"page","link":"https:\/\/beyazitdis.com\/de\/hekimlerimiz\/dt-gulsah-duran\/","title":{"rendered":"Dt. G\u00fcl\u015fah Duran"},"content":{"rendered":"<div data-elementor-type=\"wp-page\" data-elementor-id=\"25396\" class=\"elementor elementor-25396\">\n\t\t\t\t\t\t<section class=\"elementor-section elementor-top-section elementor-element elementor-element-b8b6d4a elementor-section-full_width elementor-section-stretched elementor-section-height-default elementor-section-height-default sc_fly_static\" data-id=\"b8b6d4a\" data-element_type=\"section\" data-e-type=\"section\" data-settings=\"{&quot;background_background&quot;:&quot;classic&quot;,&quot;stretch_section&quot;:&quot;section-stretched&quot;}\">\n\t\t\t\t\t\t\t<div class=\"elementor-background-overlay\"><\/div>\n\t\t\t\t\t\t\t<div class=\"elementor-container elementor-column-gap-extended\">\n\t\t\t\t\t<div class=\"elementor-column elementor-col-100 elementor-top-column elementor-element elementor-element-ef1dcc4 sc_inner_width_none sc_content_align_inherit sc_layouts_column_icons_position_left sc_fly_static\" data-id=\"ef1dcc4\" data-element_type=\"column\" data-e-type=\"column\">\n\t\t\t<div class=\"elementor-widget-wrap elementor-element-populated\">\n\t\t\t\t\t\t<div class=\"elementor-element elementor-element-ce3a1d3 elementor-widget__width-inherit sc_fly_static elementor-widget elementor-widget-heading\" data-id=\"ce3a1d3\" data-element_type=\"widget\" data-e-type=\"widget\" data-widget_type=\"heading.default\">\n\t\t\t\t<div class=\"elementor-widget-container\">\n\t\t\t\t\t<h2 class=\"elementor-heading-title elementor-size-default\">DT. G\u00dcL\u015eAH DURAN<\/h2>\t\t\t\t<\/div>\n\t\t\t\t<\/div>\n\t\t\t\t\t<\/div>\n\t\t<\/div>\n\t\t\t\t\t<\/div>\n\t\t<\/section>\n\t\t\t\t<section class=\"elementor-section elementor-top-section elementor-element elementor-element-b9bb7e9 elementor-section-boxed elementor-section-height-default elementor-section-height-default sc_fly_static\" data-id=\"b9bb7e9\" data-element_type=\"section\" data-e-type=\"section\">\n\t\t\t\t\t\t<div class=\"elementor-container elementor-column-gap-extended\">\n\t\t\t\t\t<div class=\"elementor-column elementor-col-33 elementor-top-column elementor-element elementor-element-555b4b5 sc_inner_width_none sc_content_align_inherit sc_layouts_column_icons_position_left sc_fly_static\" data-id=\"555b4b5\" data-element_type=\"column\" data-e-type=\"column\">\n\t\t\t<div class=\"elementor-widget-wrap elementor-element-populated\">\n\t\t\t\t\t\t<div class=\"elementor-element elementor-element-bb00fea sc_fly_static elementor-widget elementor-widget-image\" data-id=\"bb00fea\" data-element_type=\"widget\" data-e-type=\"widget\" data-widget_type=\"image.default\">\n\t\t\t\t<div class=\"elementor-widget-container\">\n\t\t\t\t\t\t\t\t\t\t\t\t\t\t\t<img fetchpriority=\"high\" decoding=\"async\" width=\"576\" height=\"1024\" src=\"https:\/\/beyazitdis.com\/wp-content\/uploads\/2026\/01\/Web-Sitesi-Ekibimiz-_66_-576x1024.webp\" class=\"attachment-large size-large wp-image-26447\" alt=\"\" srcset=\"https:\/\/beyazitdis.com\/wp-content\/uploads\/2026\/01\/Web-Sitesi-Ekibimiz-_66_-576x1024.webp 576w, https:\/\/beyazitdis.com\/wp-content\/uploads\/2026\/01\/Web-Sitesi-Ekibimiz-_66_-169x300.webp 169w, https:\/\/beyazitdis.com\/wp-content\/uploads\/2026\/01\/Web-Sitesi-Ekibimiz-_66_-768x1366.webp 768w, https:\/\/beyazitdis.com\/wp-content\/uploads\/2026\/01\/Web-Sitesi-Ekibimiz-_66_-864x1536.webp 864w, https:\/\/beyazitdis.com\/wp-content\/uploads\/2026\/01\/Web-Sitesi-Ekibimiz-_66_-1152x2048.webp 1152w, https:\/\/beyazitdis.com\/wp-content\/uploads\/2026\/01\/Web-Sitesi-Ekibimiz-_66_-7x12.webp 7w, https:\/\/beyazitdis.com\/wp-content\/uploads\/2026\/01\/Web-Sitesi-Ekibimiz-_66_-370x658.webp 370w, https:\/\/beyazitdis.com\/wp-content\/uploads\/2026\/01\/Web-Sitesi-Ekibimiz-_66_-840x1494.webp 840w, https:\/\/beyazitdis.com\/wp-content\/uploads\/2026\/01\/Web-Sitesi-Ekibimiz-_66_-410x729.webp 410w, https:\/\/beyazitdis.com\/wp-content\/uploads\/2026\/01\/Web-Sitesi-Ekibimiz-_66_-600x1067.webp 600w, https:\/\/beyazitdis.com\/wp-content\/uploads\/2026\/01\/Web-Sitesi-Ekibimiz-_66_.webp 1406w\" sizes=\"(max-width: 600px) 100vw, 576px\" \/>\t\t\t\t\t\t\t\t\t\t\t\t\t\t\t<\/div>\n\t\t\t\t<\/div>\n\t\t\t\t\t<\/div>\n\t\t<\/div>\n\t\t\t\t<div class=\"elementor-column elementor-col-66 elementor-top-column elementor-element elementor-element-3b057c1 sc_inner_width_none sc_content_align_inherit sc_layouts_column_icons_position_left sc_fly_static\" data-id=\"3b057c1\" data-element_type=\"column\" data-e-type=\"column\">\n\t\t\t<div class=\"elementor-widget-wrap elementor-element-populated\">\n\t\t\t\t\t\t<div class=\"elementor-element elementor-element-2deb07b sc_fly_static elementor-widget elementor-widget-heading\" data-id=\"2deb07b\" data-element_type=\"widget\" data-e-type=\"widget\" data-widget_type=\"heading.default\">\n\t\t\t\t<div class=\"elementor-widget-container\">\n\t\t\t\t\t<h2 class=\"elementor-heading-title elementor-size-default\">DT. G\u00dcL\u015eAH DURAN<\/h2>\t\t\t\t<\/div>\n\t\t\t\t<\/div>\n\t\t\t\t<div class=\"elementor-element elementor-element-f0a4d1b sc_fly_static elementor-widget elementor-widget-text-editor\" data-id=\"f0a4d1b\" data-element_type=\"widget\" data-e-type=\"widget\" data-widget_type=\"text-editor.default\">\n\t\t\t\t<div class=\"elementor-widget-container\">\n\t\t\t\t\t\t\t\t\t<p>\u00a0<\/p><p>Sie wurde 1997 in \u00c7anakkale geboren. Er absolvierte seine Sekundarschulausbildung an der L\u00fcleburgaz Ramazan Yaman Wissenschaftlichen Oberschule. Sie schloss 2020 ihr Studium an der Fakult\u00e4t f\u00fcr Zahnmedizin der Ayd\u0131n Adnan Menderes Universit\u00e4t ab. W\u00e4hrend seiner Ausbildung nahm er an verschiedenen Seminaren und Konferenzen teil.<\/p><p>Nach ihrem Abschluss arbeitete sie in einer Privatklinik und einer Arztpraxis. Seit 2025 behandelt sie Patienten in der privaten Beyaz\u0131t-Klinik f\u00fcr Mund- und Zahngesundheit.<\/p><p><strong>Besuchte Schulungen und Kongresse<\/strong><\/p><ul><li><strong>Uluslararas\u0131 Meandros Di\u015f Hekimli\u011fi Kongresi 2018 ve 2019<\/strong><\/li><li><strong>Rotierendes Instrument in der Endodontie<\/strong><\/li><li><strong>Innovation in der Zahnmedizin<\/strong><\/li><li><strong>Grundlagen der Implantologie<\/strong><\/li><li><strong>Botulinumtoxin-Anwendungen<\/strong><\/li><li><strong>Ausbildung zu festsitzendem Zahnersatz mit digitalen und traditionellen Methoden<\/strong><\/li><li><strong>\u00c4sthetische Komposit-Restaurationen im Frontzahnbereich<\/strong><\/li><li><strong>Komposit- und Porzellan-Laminat-Restaurationen<\/strong><\/li><li><strong>Weichteile-Management<\/strong><\/li><li><strong>Gummidam-Isolierung<\/strong><\/li><\/ul>\t\t\t\t\t\t\t\t<\/div>\n\t\t\t\t<\/div>\n\t\t\t\t<div class=\"elementor-element elementor-element-cee24ef elementor-mobile-align-center sc_fly_static elementor-widget elementor-widget-button\" data-id=\"cee24ef\" data-element_type=\"widget\" data-e-type=\"widget\" data-widget_type=\"button.default\">\n\t\t\t\t<div class=\"elementor-widget-container\">\n\t\t\t\t\t\t\t\t\t<div class=\"elementor-button-wrapper\">\n\t\t\t\t\t<a class=\"elementor-button elementor-button-link elementor-size-lg\" href=\"https:\/\/beyazitdis.com\/de\/randevu-al\/\">\n\t\t\t\t\t\t<span class=\"elementor-button-content-wrapper\">\n\t\t\t\t\t\t<span class=\"elementor-button-icon\">\n\t\t\t\t<i aria-hidden=\"true\" class=\"fas fa-arrow-right\"><\/i>\t\t\t<\/span>\n\t\t\t\t\t\t\t\t\t<span class=\"elementor-button-text\">Termin vereinbaren<\/span>\n\t\t\t\t\t<\/span>\n\t\t\t\t\t<\/a>\n\t\t\t\t<\/div>\n\t\t\t\t\t\t\t\t<\/div>\n\t\t\t\t<\/div>\n\t\t\t\t\t<\/div>\n\t\t<\/div>\n\t\t\t\t\t<\/div>\n\t\t<\/section>\n\t\t\t\t<\/div>","protected":false},"excerpt":{"rendered":"<p>DT. G\u00dcL\u015eAH DURAN DT. G\u00dcL\u015eAH DURAN \u00a0 1997 y\u0131l\u0131nda \u00c7anakkale ilinde do\u011fdu. Lise e\u011fitimini L\u00fcleburgaz Ramazan Yaman Fen Lisesi\u2019nde tamamlad\u0131. 2020 y\u0131l\u0131nda Ayd\u0131n Adnan Menderes \u00dcniversitesi Di\u015f hekimli\u011fi b\u00f6l\u00fcm\u00fcnden mezun&hellip;<\/p>","protected":false},"author":3,"featured_media":0,"parent":24649,"menu_order":0,"comment_status":"closed","ping_status":"closed","template":"elementor_theme","meta":{"_monsterinsights_skip_tracking":false,"_monsterinsights_sitenote_active":false,"_monsterinsights_sitenote_note":"","_monsterinsights_sitenote_category":0,"footnotes":""},"class_list":["post-25396","page","type-page","status-publish","hentry"],"_links":{"self":[{"href":"https:\/\/beyazitdis.com\/de\/wp-json\/wp\/v2\/pages\/25396","targetHints":{"allow":["GET"]}}],"collection":[{"href":"https:\/\/beyazitdis.com\/de\/wp-json\/wp\/v2\/pages"}],"about":[{"href":"https:\/\/beyazitdis.com\/de\/wp-json\/wp\/v2\/types\/page"}],"author":[{"embeddable":true,"href":"https:\/\/beyazitdis.com\/de\/wp-json\/wp\/v2\/users\/3"}],"replies":[{"embeddable":true,"href":"https:\/\/beyazitdis.com\/de\/wp-json\/wp\/v2\/comments?post=25396"}],"version-history":[{"count":16,"href":"https:\/\/beyazitdis.com\/de\/wp-json\/wp\/v2\/pages\/25396\/revisions"}],"predecessor-version":[{"id":26753,"href":"https:\/\/beyazitdis.com\/de\/wp-json\/wp\/v2\/pages\/25396\/revisions\/26753"}],"up":[{"embeddable":true,"href":"https:\/\/beyazitdis.com\/de\/wp-json\/wp\/v2\/pages\/24649"}],"wp:attachment":[{"href":"https:\/\/beyazitdis.com\/de\/wp-json\/wp\/v2\/media?parent=25396"}],"curies":[{"name":"wp","href":"https:\/\/api.w.org\/{rel}","templated":true}]}}