{"id":24310,"date":"2025-03-03T10:27:07","date_gmt":"2025-03-03T10:27:07","guid":{"rendered":"http:\/\/beyazitdis.com\/?page_id=24310"},"modified":"2026-02-04T13:09:00","modified_gmt":"2026-02-04T10:09:00","slug":"dt-ata-batuhan-bayrak","status":"publish","type":"page","link":"https:\/\/beyazitdis.com\/de\/hekimlerimiz\/dt-ata-batuhan-bayrak\/","title":{"rendered":"Dt. Ata Batuhan Bayrak"},"content":{"rendered":"<div data-elementor-type=\"wp-page\" data-elementor-id=\"24310\" class=\"elementor elementor-24310\">\n\t\t\t\t\t\t<section class=\"elementor-section elementor-top-section elementor-element elementor-element-b8b6d4a elementor-section-full_width elementor-section-stretched elementor-section-height-default elementor-section-height-default sc_fly_static\" data-id=\"b8b6d4a\" data-element_type=\"section\" data-e-type=\"section\" data-settings=\"{&quot;background_background&quot;:&quot;classic&quot;,&quot;stretch_section&quot;:&quot;section-stretched&quot;}\">\n\t\t\t\t\t\t\t<div class=\"elementor-background-overlay\"><\/div>\n\t\t\t\t\t\t\t<div class=\"elementor-container elementor-column-gap-extended\">\n\t\t\t\t\t<div class=\"elementor-column elementor-col-100 elementor-top-column elementor-element elementor-element-ef1dcc4 sc_inner_width_none sc_content_align_inherit sc_layouts_column_icons_position_left sc_fly_static\" data-id=\"ef1dcc4\" data-element_type=\"column\" data-e-type=\"column\">\n\t\t\t<div class=\"elementor-widget-wrap elementor-element-populated\">\n\t\t\t\t\t\t<div class=\"elementor-element elementor-element-ce3a1d3 elementor-widget__width-inherit sc_fly_static elementor-widget elementor-widget-heading\" data-id=\"ce3a1d3\" data-element_type=\"widget\" data-e-type=\"widget\" data-widget_type=\"heading.default\">\n\t\t\t\t<div class=\"elementor-widget-container\">\n\t\t\t\t\t<h2 class=\"elementor-heading-title elementor-size-default\">DT. ATA BATUHAN BAYRAK<\/h2>\t\t\t\t<\/div>\n\t\t\t\t<\/div>\n\t\t\t\t\t<\/div>\n\t\t<\/div>\n\t\t\t\t\t<\/div>\n\t\t<\/section>\n\t\t\t\t<section class=\"elementor-section elementor-top-section elementor-element elementor-element-b9bb7e9 elementor-section-boxed elementor-section-height-default elementor-section-height-default sc_fly_static\" data-id=\"b9bb7e9\" data-element_type=\"section\" data-e-type=\"section\">\n\t\t\t\t\t\t<div class=\"elementor-container elementor-column-gap-extended\">\n\t\t\t\t\t<div class=\"elementor-column elementor-col-33 elementor-top-column elementor-element elementor-element-555b4b5 sc_inner_width_none sc_content_align_inherit sc_layouts_column_icons_position_left sc_fly_static\" data-id=\"555b4b5\" data-element_type=\"column\" data-e-type=\"column\">\n\t\t\t<div class=\"elementor-widget-wrap elementor-element-populated\">\n\t\t\t\t\t\t<div class=\"elementor-element elementor-element-bb00fea sc_fly_static elementor-widget elementor-widget-image\" data-id=\"bb00fea\" data-element_type=\"widget\" data-e-type=\"widget\" data-widget_type=\"image.default\">\n\t\t\t\t<div class=\"elementor-widget-container\">\n\t\t\t\t\t\t\t\t\t\t\t\t\t\t\t<img fetchpriority=\"high\" decoding=\"async\" width=\"576\" height=\"1024\" src=\"https:\/\/beyazitdis.com\/wp-content\/uploads\/2026\/01\/Web-Sitesi-Ekibimiz-_64_-576x1024.webp\" class=\"attachment-large size-large wp-image-26442\" alt=\"\" srcset=\"https:\/\/beyazitdis.com\/wp-content\/uploads\/2026\/01\/Web-Sitesi-Ekibimiz-_64_-576x1024.webp 576w, https:\/\/beyazitdis.com\/wp-content\/uploads\/2026\/01\/Web-Sitesi-Ekibimiz-_64_-169x300.webp 169w, https:\/\/beyazitdis.com\/wp-content\/uploads\/2026\/01\/Web-Sitesi-Ekibimiz-_64_-768x1366.webp 768w, https:\/\/beyazitdis.com\/wp-content\/uploads\/2026\/01\/Web-Sitesi-Ekibimiz-_64_-864x1536.webp 864w, https:\/\/beyazitdis.com\/wp-content\/uploads\/2026\/01\/Web-Sitesi-Ekibimiz-_64_-1152x2048.webp 1152w, https:\/\/beyazitdis.com\/wp-content\/uploads\/2026\/01\/Web-Sitesi-Ekibimiz-_64_-7x12.webp 7w, https:\/\/beyazitdis.com\/wp-content\/uploads\/2026\/01\/Web-Sitesi-Ekibimiz-_64_-370x658.webp 370w, https:\/\/beyazitdis.com\/wp-content\/uploads\/2026\/01\/Web-Sitesi-Ekibimiz-_64_-840x1494.webp 840w, https:\/\/beyazitdis.com\/wp-content\/uploads\/2026\/01\/Web-Sitesi-Ekibimiz-_64_-410x729.webp 410w, https:\/\/beyazitdis.com\/wp-content\/uploads\/2026\/01\/Web-Sitesi-Ekibimiz-_64_-600x1067.webp 600w, https:\/\/beyazitdis.com\/wp-content\/uploads\/2026\/01\/Web-Sitesi-Ekibimiz-_64_.webp 1406w\" sizes=\"(max-width: 600px) 100vw, 576px\" \/>\t\t\t\t\t\t\t\t\t\t\t\t\t\t\t<\/div>\n\t\t\t\t<\/div>\n\t\t\t\t\t<\/div>\n\t\t<\/div>\n\t\t\t\t<div class=\"elementor-column elementor-col-66 elementor-top-column elementor-element elementor-element-3b057c1 sc_inner_width_none sc_content_align_inherit sc_layouts_column_icons_position_left sc_fly_static\" data-id=\"3b057c1\" data-element_type=\"column\" data-e-type=\"column\">\n\t\t\t<div class=\"elementor-widget-wrap elementor-element-populated\">\n\t\t\t\t\t\t<div class=\"elementor-element elementor-element-2deb07b sc_fly_static elementor-widget elementor-widget-heading\" data-id=\"2deb07b\" data-element_type=\"widget\" data-e-type=\"widget\" data-widget_type=\"heading.default\">\n\t\t\t\t<div class=\"elementor-widget-container\">\n\t\t\t\t\t<h2 class=\"elementor-heading-title elementor-size-default\">DT. ATA BATUHAN BAYRAK<\/h2>\t\t\t\t<\/div>\n\t\t\t\t<\/div>\n\t\t\t\t<div class=\"elementor-element elementor-element-f0a4d1b sc_fly_static elementor-widget elementor-widget-text-editor\" data-id=\"f0a4d1b\" data-element_type=\"widget\" data-e-type=\"widget\" data-widget_type=\"text-editor.default\">\n\t\t\t\t<div class=\"elementor-widget-container\">\n\t\t\t\t\t\t\t\t\t<p>\u00a0<\/p><p>Er wurde im Bezirk S\u00fcleymanpa\u015fa der Provinz Tekirda\u011f geboren. Seine Grund-, Mittel- und Oberschulausbildung absolvierte er in derselben Stadt. Im Jahr 2023 schloss er sein Studium an der Fakult\u00e4t f\u00fcr Zahnmedizin der Trakya-Universit\u00e4t ab.<\/p><p>W\u00e4hrend seiner Universit\u00e4tsausbildung trug er durch die Teilnahme an zahlreichen Kursen, Symposien und Kongressen zu seiner beruflichen Entwicklung bei. Gleichzeitig gr\u00fcndete sie die Gesellschaft f\u00fcr Mund- und Zahngesundheit der Universit\u00e4t Trakya und \u00fcbernahm den Vorsitz. Im Rahmen dieser Gesellschaft leistete er Pionierarbeit bei der Organisation zahlreicher Veranstaltungen, die sich an ein breites Publikum von Kindern bis hin zu Erwachsenen richteten, um das Bewusstsein f\u00fcr die Zahnpflege in der Region Thrakien zu sch\u00e4rfen und \u00fcber die in der lokalen und nationalen Presse berichtet wurde. Sie engagiert sich aktiv in zahnmedizinischen Organisationen.<\/p><p>Parallel zu ihrer Ausbildung arbeitete sie drei Jahre lang in einem Mundpflegeunternehmen und nach ihrem Abschluss zwei Jahre lang in einer privaten Poliklinik. Ab dem Jahr 2025 <strong>Private Poliklinik f\u00fcr Mund- und Zahnheilkunde Beyazit<\/strong>&#8216;nde hasta kabul etmektedir.<\/p><p><strong>Besuchte Schulungen und Kongresse<\/strong><\/p><ul><li><strong>Weichteilchirurgie - Theoretische und praktische Ausbildung<\/strong><\/li><li><strong>Hypnose in der Zahnmedizin: Hypnodontie<\/strong><\/li><li><strong>Digitale Zahnmedizin: ABC<\/strong><\/li><li><strong>Gummidamm-Anwendungen in der klinischen Praxis<\/strong><\/li><li><strong>Effektiver Lasereinsatz in der klinischen Praxis<\/strong><\/li><li><strong>Happy End in der Patientenkommunikation<\/strong><\/li><li><strong>Schulung f\u00fcr digitales L\u00e4chel-Design<\/strong><\/li><li><strong>Dentalfotografie-Fortbildung f\u00fcr Smile Design<\/strong><\/li><li><strong>Zahnmedizin und Kardiologie mit Fallbeispielen (Webinar)<\/strong><\/li><li><strong>Dentinempfindlichkeitsmanagement mit Fallbeispielen (Webinar)<\/strong><\/li><li><strong>Zahnheilkunde und Kardiologie: Ans\u00e4tze zur Blutstillung (Webinar)<\/strong><\/li><li><strong>Management diabetischer Patienten in der Praxis (Webinar)<\/strong><\/li><li><strong>Multidisziplin\u00e4res Management von Bruxismus (Webinar)<\/strong><\/li><li><strong>Den Moment verewigen: Zahn\u00e4rztliche Fotografie (Webinar)<\/strong><\/li><li><strong>Aktuelle Behandlungsans\u00e4tze in der Parodontologie (Webinar)<\/strong><\/li><li><strong>Multidisziplin\u00e4rer Ansatz bei Lippen-Kiefer-Gaumenspalten<\/strong><\/li><li><strong>Kongress der Academy of Aesthetic Dentistry Association (2021)<\/strong><\/li><li><strong>Global Dental Association UniGlobal Symposium - II (Implantat-Workshop &amp; Smile Design Workshop)<\/strong><\/li><li><strong>Teamplantologie - III Kongress<\/strong><\/li><\/ul>\t\t\t\t\t\t\t\t<\/div>\n\t\t\t\t<\/div>\n\t\t\t\t<div class=\"elementor-element elementor-element-cee24ef elementor-mobile-align-center sc_fly_static elementor-widget elementor-widget-button\" data-id=\"cee24ef\" data-element_type=\"widget\" data-e-type=\"widget\" data-widget_type=\"button.default\">\n\t\t\t\t<div class=\"elementor-widget-container\">\n\t\t\t\t\t\t\t\t\t<div class=\"elementor-button-wrapper\">\n\t\t\t\t\t<a class=\"elementor-button elementor-button-link elementor-size-lg\" href=\"https:\/\/beyazitdis.com\/de\/randevu-al\/\">\n\t\t\t\t\t\t<span class=\"elementor-button-content-wrapper\">\n\t\t\t\t\t\t<span class=\"elementor-button-icon\">\n\t\t\t\t<i aria-hidden=\"true\" class=\"fas fa-arrow-right\"><\/i>\t\t\t<\/span>\n\t\t\t\t\t\t\t\t\t<span class=\"elementor-button-text\">Termin vereinbaren<\/span>\n\t\t\t\t\t<\/span>\n\t\t\t\t\t<\/a>\n\t\t\t\t<\/div>\n\t\t\t\t\t\t\t\t<\/div>\n\t\t\t\t<\/div>\n\t\t\t\t\t<\/div>\n\t\t<\/div>\n\t\t\t\t\t<\/div>\n\t\t<\/section>\n\t\t\t\t<\/div>","protected":false},"excerpt":{"rendered":"<p>DT. ATA BATUHAN BAYRAK DT. ATA BATUHAN BAYRAK \u00a0 Tekirda\u011f ili S\u00fcleymanpa\u015fa il\u00e7esinde do\u011fmu\u015ftur. \u0130lkokul, ortaokul ve lise e\u011fitimini ayn\u0131 \u015fehirde tamamlam\u0131\u015ft\u0131r. 2023 y\u0131l\u0131nda Trakya \u00dcniversitesi Di\u015f Hekimli\u011fi Fak\u00fcltesi&#8217;nden mezun&hellip;<\/p>","protected":false},"author":3,"featured_media":0,"parent":24649,"menu_order":0,"comment_status":"closed","ping_status":"closed","template":"elementor_theme","meta":{"_monsterinsights_skip_tracking":false,"_monsterinsights_sitenote_active":false,"_monsterinsights_sitenote_note":"","_monsterinsights_sitenote_category":0,"footnotes":""},"class_list":["post-24310","page","type-page","status-publish","hentry"],"_links":{"self":[{"href":"https:\/\/beyazitdis.com\/de\/wp-json\/wp\/v2\/pages\/24310","targetHints":{"allow":["GET"]}}],"collection":[{"href":"https:\/\/beyazitdis.com\/de\/wp-json\/wp\/v2\/pages"}],"about":[{"href":"https:\/\/beyazitdis.com\/de\/wp-json\/wp\/v2\/types\/page"}],"author":[{"embeddable":true,"href":"https:\/\/beyazitdis.com\/de\/wp-json\/wp\/v2\/users\/3"}],"replies":[{"embeddable":true,"href":"https:\/\/beyazitdis.com\/de\/wp-json\/wp\/v2\/comments?post=24310"}],"version-history":[{"count":20,"href":"https:\/\/beyazitdis.com\/de\/wp-json\/wp\/v2\/pages\/24310\/revisions"}],"predecessor-version":[{"id":26588,"href":"https:\/\/beyazitdis.com\/de\/wp-json\/wp\/v2\/pages\/24310\/revisions\/26588"}],"up":[{"embeddable":true,"href":"https:\/\/beyazitdis.com\/de\/wp-json\/wp\/v2\/pages\/24649"}],"wp:attachment":[{"href":"https:\/\/beyazitdis.com\/de\/wp-json\/wp\/v2\/media?parent=24310"}],"curies":[{"name":"wp","href":"https:\/\/api.w.org\/{rel}","templated":true}]}}