{"id":24136,"date":"2024-11-14T12:13:55","date_gmt":"2024-11-14T12:13:55","guid":{"rendered":"http:\/\/beyazitdis.com\/?page_id=24136"},"modified":"2026-01-13T15:56:11","modified_gmt":"2026-01-13T12:56:11","slug":"dis-hekimi-asistan-basvurusu","status":"publish","type":"page","link":"https:\/\/beyazitdis.com\/de\/dis-hekimi-asistan-basvurusu\/","title":{"rendered":"Zahnarzthelferin Bewerbung"},"content":{"rendered":"<div data-elementor-type=\"wp-page\" data-elementor-id=\"24136\" class=\"elementor elementor-24136\">\n\t\t\t\t\t\t<section class=\"elementor-section elementor-top-section elementor-element elementor-element-cf5c50f elementor-section-boxed elementor-section-height-default elementor-section-height-default sc_fly_static\" data-id=\"cf5c50f\" data-element_type=\"section\" data-e-type=\"section\">\n\t\t\t\t\t\t<div class=\"elementor-container elementor-column-gap-extended\">\n\t\t\t\t\t<div class=\"elementor-column elementor-col-50 elementor-top-column elementor-element elementor-element-2f47ab9 sc_inner_width_none sc_content_align_inherit sc_layouts_column_icons_position_left sc_fly_static\" data-id=\"2f47ab9\" data-element_type=\"column\" data-e-type=\"column\">\n\t\t\t<div class=\"elementor-widget-wrap elementor-element-populated\">\n\t\t\t\t\t\t<div class=\"elementor-element elementor-element-95a1d15 sc_fly_static elementor-widget elementor-widget-trx_sc_contact_form_7\" data-id=\"95a1d15\" data-element_type=\"widget\" data-e-type=\"widget\" data-widget_type=\"trx_sc_contact_form_7.default\">\n\t\t\t\t<div class=\"elementor-widget-container\">\n\t\t\t\t\t\n<div class=\"wpcf7 no-js\" id=\"wpcf7-f24132-o1\" lang=\"tr-TR\" dir=\"ltr\" data-wpcf7-id=\"24132\">\n<div class=\"screen-reader-response\"><p role=\"status\" aria-live=\"polite\" aria-atomic=\"true\"><\/p> <ul><\/ul><\/div>\n<form action=\"\/de\/wp-json\/wp\/v2\/pages\/24136#wpcf7-f24132-o1\" method=\"post\" class=\"wpcf7-form init\" aria-label=\"\u0130leti\u015fim Formu\" novalidate=\"novalidate\" data-status=\"init\" data-trp-original-action=\"\/de\/wp-json\/wp\/v2\/pages\/24136#wpcf7-f24132-o1\">\n<fieldset class=\"hidden-fields-container\"><input type=\"hidden\" name=\"_wpcf7\" value=\"24132\" \/><input type=\"hidden\" name=\"_wpcf7_version\" value=\"6.1.5\" \/><input type=\"hidden\" name=\"_wpcf7_locale\" value=\"tr_TR\" \/><input type=\"hidden\" name=\"_wpcf7_unit_tag\" value=\"wpcf7-f24132-o1\" \/><input type=\"hidden\" name=\"_wpcf7_container_post\" value=\"0\" \/><input type=\"hidden\" name=\"_wpcf7_posted_data_hash\" value=\"\" \/>\n<\/fieldset>\n<h4>ALLGEMEINE INFORMATIONEN\n<\/h4>\n<p><label> Name Nachname *<br \/>\n<span class=\"wpcf7-form-control-wrap\" data-name=\"your-name\"><input size=\"40\" maxlength=\"400\" class=\"wpcf7-form-control wpcf7-text wpcf7-validates-as-required\" autocomplete=\"name\" aria-required=\"true\" aria-invalid=\"false\" value=\"\" type=\"text\" name=\"your-name\" \/><\/span> <\/label>\n<\/p>\n<p><label> Wohnsitzadresse *<br \/>\n<span class=\"wpcf7-form-control-wrap\" data-name=\"adres\"><input size=\"40\" maxlength=\"400\" class=\"wpcf7-form-control wpcf7-text wpcf7-validates-as-required\" aria-required=\"true\" aria-invalid=\"false\" value=\"\" type=\"text\" name=\"adres\" \/><\/span> <\/label>\n<\/p>\n<p><label> Provinz *<br \/>\n<span class=\"wpcf7-form-control-wrap\" data-name=\"il\"><input size=\"40\" maxlength=\"400\" class=\"wpcf7-form-control wpcf7-text wpcf7-validates-as-required\" aria-required=\"true\" aria-invalid=\"false\" value=\"\" type=\"text\" name=\"il\" \/><\/span> <\/label>\n<\/p>\n<p><label>Geburtsort *<br \/>\n<span class=\"wpcf7-form-control-wrap\" data-name=\"dogum-yeri\"><input size=\"40\" maxlength=\"400\" class=\"wpcf7-form-control wpcf7-text wpcf7-validates-as-required\" aria-required=\"true\" aria-invalid=\"false\" value=\"\" type=\"text\" name=\"dogum-yeri\" \/><\/span> <\/label>\n<\/p>\n<p><label>Geburtsjahr *<br \/>\n<span class=\"wpcf7-form-control-wrap\" data-name=\"dogum-yili\"><input class=\"wpcf7-form-control wpcf7-date wpcf7-validates-as-required wpcf7-validates-as-date\" aria-required=\"true\" aria-invalid=\"false\" value=\"\" type=\"date\" name=\"dogum-yili\" \/><\/span> <\/label>\n<\/p>\n<p><label>Mobiltelefon *<br \/>\n<span class=\"wpcf7-form-control-wrap\" data-name=\"telefeon\"><input size=\"40\" maxlength=\"400\" class=\"wpcf7-form-control wpcf7-tel wpcf7-validates-as-required wpcf7-text wpcf7-validates-as-tel\" aria-required=\"true\" aria-invalid=\"false\" value=\"\" type=\"tel\" name=\"telefeon\" \/><\/span> <\/label>\n<\/p>\n<p><label>E-Mail *<br \/>\n<span class=\"wpcf7-form-control-wrap\" data-name=\"your-email\"><input size=\"40\" maxlength=\"400\" class=\"wpcf7-form-control wpcf7-email wpcf7-validates-as-required wpcf7-text wpcf7-validates-as-email\" autocomplete=\"email\" aria-required=\"true\" aria-invalid=\"false\" value=\"\" type=\"email\" name=\"your-email\" \/><\/span> <\/label>\n<\/p>\n<p><label>Notrufnummer *<br \/>\n<span class=\"wpcf7-form-control-wrap\" data-name=\"acil-telefeon\"><input size=\"40\" maxlength=\"400\" class=\"wpcf7-form-control wpcf7-tel wpcf7-validates-as-required wpcf7-text wpcf7-validates-as-tel\" aria-required=\"true\" aria-invalid=\"false\" value=\"\" type=\"tel\" name=\"acil-telefeon\" \/><\/span> <\/label>\n<\/p>\n<p><label>Geschlecht *<br \/>\n<span class=\"wpcf7-form-control-wrap\" data-name=\"cinsiyet\"><select class=\"wpcf7-form-control wpcf7-select wpcf7-validates-as-required\" aria-required=\"true\" aria-invalid=\"false\" name=\"cinsiyet\"><option value=\"\">&#8212;L\u00fctfen bir se\u00e7enek se\u00e7in&#8212;<\/option><option value=\"Kad\u0131n\">Kad\u0131n<\/option><option value=\"Erkek\">Erkek<\/option><\/select><\/span> <\/label>\n<\/p>\n<p><label>Familienstand *<br \/>\n<span class=\"wpcf7-form-control-wrap\" data-name=\"medeni-durum\"><select class=\"wpcf7-form-control wpcf7-select wpcf7-validates-as-required\" aria-required=\"true\" aria-invalid=\"false\" name=\"medeni-durum\"><option value=\"\">&#8212;L\u00fctfen bir se\u00e7enek se\u00e7in&#8212;<\/option><option value=\"Bekar\">Bekar<\/option><option value=\"Evli\">Evli<\/option><\/select><\/span> <\/label>\n<\/p>\n<p>&nbsp;\n<\/p>\n<h4>BILDUNGSINFORMATION\n<\/h4>\n<p><label>Bildungsstand *<br \/>\n<span class=\"wpcf7-form-control-wrap\" data-name=\"egitim-durumu\"><select class=\"wpcf7-form-control wpcf7-select wpcf7-validates-as-required\" aria-required=\"true\" aria-invalid=\"false\" name=\"egitim-durumu\"><option value=\"\">&#8212;L\u00fctfen bir se\u00e7enek se\u00e7in&#8212;<\/option><option value=\"Lisans\">Lisans<\/option><option value=\"\u00d6nlisans\">\u00d6nlisans<\/option><option value=\"Lise\">Lise<\/option><\/select><\/span><br \/>\n<span class=\"wpcf7-form-control-wrap\" data-name=\"egitim-durumu-yazi\"><input size=\"40\" maxlength=\"400\" class=\"wpcf7-form-control wpcf7-text\" aria-invalid=\"false\" value=\"\" type=\"text\" name=\"egitim-durumu-yazi\" \/><\/span><\/label>\n<\/p>\n<p><label>Datum des Abschlusses *<br \/>\n<span class=\"wpcf7-form-control-wrap\" data-name=\"mezuniyet-tarihi\"><input class=\"wpcf7-form-control wpcf7-date wpcf7-validates-as-required wpcf7-validates-as-date\" aria-required=\"true\" aria-invalid=\"false\" value=\"\" type=\"date\" name=\"mezuniyet-tarihi\" \/><\/span> <\/label>\n<\/p>\n<p><label> Fremdsprache<br \/>\n<span class=\"wpcf7-form-control-wrap\" data-name=\"yabanci-dil\"><input size=\"40\" maxlength=\"400\" class=\"wpcf7-form-control wpcf7-text\" aria-invalid=\"false\" value=\"\" type=\"text\" name=\"yabanci-dil\" \/><\/span> <\/label>\n<\/p>\n<p>&nbsp;\n<\/p>\n<h4>BERUFSERFAHRUNG\n<\/h4>\n<p><label> Ihre Berufserfahrung *<br \/>\n<span class=\"wpcf7-form-control-wrap\" data-name=\"is-tecrubeleri\"><input size=\"40\" maxlength=\"400\" class=\"wpcf7-form-control wpcf7-text wpcf7-validates-as-required\" aria-required=\"true\" aria-invalid=\"false\" value=\"\" type=\"text\" name=\"is-tecrubeleri\" \/><\/span> <\/label>\n<\/p>\n<p><label> Berufserfahrung *<br \/>\n<span class=\"wpcf7-form-control-wrap\" data-name=\"son-calistigi-kurulus\"><input size=\"40\" maxlength=\"400\" class=\"wpcf7-form-control wpcf7-text wpcf7-validates-as-required\" aria-required=\"true\" aria-invalid=\"false\" value=\"\" type=\"text\" name=\"son-calistigi-kurulus\" \/><\/span> <\/label>\n<\/p>\n<p><label> Ihre Arbeitszeit*<br \/>\n<span class=\"wpcf7-form-control-wrap\" data-name=\"calisma-sureniz\"><input size=\"40\" maxlength=\"400\" class=\"wpcf7-form-control wpcf7-text wpcf7-validates-as-required\" aria-required=\"true\" aria-invalid=\"false\" value=\"\" type=\"text\" name=\"calisma-sureniz\" \/><\/span> <\/label>\n<\/p>\n<p><label> Ihr Auftrag*<br \/>\n<span class=\"wpcf7-form-control-wrap\" data-name=\"goreviniz\"><input size=\"40\" maxlength=\"400\" class=\"wpcf7-form-control wpcf7-text wpcf7-validates-as-required\" aria-required=\"true\" aria-invalid=\"false\" value=\"\" type=\"text\" name=\"goreviniz\" \/><\/span> <\/label>\n<\/p>\n<p><label> Grund f\u00fcr den Austritt *<br \/>\n<span class=\"wpcf7-form-control-wrap\" data-name=\"ayrilma-nedeniniz\"><input size=\"40\" maxlength=\"400\" class=\"wpcf7-form-control wpcf7-text wpcf7-validates-as-required\" aria-required=\"true\" aria-invalid=\"false\" value=\"\" type=\"text\" name=\"ayrilma-nedeniniz\" \/><\/span> <\/label>\n<\/p>\n<p><label> Was Sie hinzuf\u00fcgen m\u00f6chten<br \/>\n<span class=\"wpcf7-form-control-wrap\" data-name=\"eklemek-istedikleriniz\"><textarea cols=\"40\" rows=\"10\" maxlength=\"2000\" class=\"wpcf7-form-control wpcf7-textarea\" aria-invalid=\"false\" name=\"eklemek-istedikleriniz\"><\/textarea><\/span><\/label>\n<\/p>\n<p><input class=\"wpcf7-form-control wpcf7-submit has-spinner\" type=\"submit\" value=\"Senden Sie\" \/>\n<\/p><div class=\"wpcf7-response-output\" aria-hidden=\"true\"><\/div>\n<input type=\"hidden\" name=\"trp-form-language\" value=\"de\"\/><\/form>\n<\/div>\n\t\t\t\t<\/div>\n\t\t\t\t<\/div>\n\t\t\t\t\t<\/div>\n\t\t<\/div>\n\t\t\t\t<div class=\"elementor-column elementor-col-50 elementor-top-column elementor-element elementor-element-c7ff012 sc_inner_width_none sc_content_align_inherit sc_layouts_column_icons_position_left sc_fly_static\" data-id=\"c7ff012\" data-element_type=\"column\" data-e-type=\"column\">\n\t\t\t<div class=\"elementor-widget-wrap\">\n\t\t\t\t\t\t\t<\/div>\n\t\t<\/div>\n\t\t\t\t\t<\/div>\n\t\t<\/section>\n\t\t\t\t<\/div>","protected":false},"excerpt":{"rendered":"<p>GENEL B\u0130LG\u0130LER Ba\u015fvurmak \u0130stedi\u011finiz Pozisyon * Ad\u0131 Soyad\u0131 * \u0130kametgah Adresi * \u0130l * Do\u011fum Yeri * Do\u011fum Y\u0131l\u0131 * Cep Telefonu * E-posta adresiniz * Acil Durum Telefonu *&hellip;<\/p>","protected":false},"author":3,"featured_media":0,"parent":0,"menu_order":0,"comment_status":"closed","ping_status":"closed","template":"","meta":{"_monsterinsights_skip_tracking":false,"_monsterinsights_sitenote_active":false,"_monsterinsights_sitenote_note":"","_monsterinsights_sitenote_category":0,"footnotes":""},"class_list":["post-24136","page","type-page","status-publish","hentry"],"_links":{"self":[{"href":"https:\/\/beyazitdis.com\/de\/wp-json\/wp\/v2\/pages\/24136","targetHints":{"allow":["GET"]}}],"collection":[{"href":"https:\/\/beyazitdis.com\/de\/wp-json\/wp\/v2\/pages"}],"about":[{"href":"https:\/\/beyazitdis.com\/de\/wp-json\/wp\/v2\/types\/page"}],"author":[{"embeddable":true,"href":"https:\/\/beyazitdis.com\/de\/wp-json\/wp\/v2\/users\/3"}],"replies":[{"embeddable":true,"href":"https:\/\/beyazitdis.com\/de\/wp-json\/wp\/v2\/comments?post=24136"}],"version-history":[{"count":27,"href":"https:\/\/beyazitdis.com\/de\/wp-json\/wp\/v2\/pages\/24136\/revisions"}],"predecessor-version":[{"id":25327,"href":"https:\/\/beyazitdis.com\/de\/wp-json\/wp\/v2\/pages\/24136\/revisions\/25327"}],"wp:attachment":[{"href":"https:\/\/beyazitdis.com\/de\/wp-json\/wp\/v2\/media?parent=24136"}],"curies":[{"name":"wp","href":"https:\/\/api.w.org\/{rel}","templated":true}]}}