{"id":23983,"date":"2024-10-07T16:11:53","date_gmt":"2024-10-07T16:11:53","guid":{"rendered":"http:\/\/beyazitdis.com\/?page_id=23983"},"modified":"2026-01-29T16:36:35","modified_gmt":"2026-01-29T13:36:35","slug":"sp-dt-gizem-cebi-mahramli","status":"publish","type":"page","link":"https:\/\/beyazitdis.com\/de\/hekimlerimiz\/sp-dt-gizem-cebi-mahramli\/","title":{"rendered":"Periodontoloji Uzm. Dt. Gizem \u00c7ebi Mahraml\u0131"},"content":{"rendered":"<div data-elementor-type=\"wp-page\" data-elementor-id=\"23983\" class=\"elementor elementor-23983\">\n\t\t\t\t\t\t<section class=\"elementor-section elementor-top-section elementor-element elementor-element-b9bb7e9 elementor-section-boxed elementor-section-height-default elementor-section-height-default sc_fly_static\" data-id=\"b9bb7e9\" data-element_type=\"section\" data-e-type=\"section\">\n\t\t\t\t\t\t<div class=\"elementor-container elementor-column-gap-extended\">\n\t\t\t\t\t<div class=\"elementor-column elementor-col-33 elementor-top-column elementor-element elementor-element-555b4b5 sc_inner_width_none sc_content_align_inherit sc_layouts_column_icons_position_left sc_fly_static\" data-id=\"555b4b5\" data-element_type=\"column\" data-e-type=\"column\">\n\t\t\t<div class=\"elementor-widget-wrap elementor-element-populated\">\n\t\t\t\t\t\t<div class=\"elementor-element elementor-element-bb00fea sc_fly_static elementor-widget elementor-widget-image\" data-id=\"bb00fea\" data-element_type=\"widget\" data-e-type=\"widget\" data-widget_type=\"image.default\">\n\t\t\t\t<div class=\"elementor-widget-container\">\n\t\t\t\t\t\t\t\t\t\t\t\t\t\t\t<img fetchpriority=\"high\" decoding=\"async\" width=\"576\" height=\"1024\" src=\"https:\/\/beyazitdis.com\/wp-content\/uploads\/2024\/05\/Gizem-Cebi-Mahramli-576x1024.jpg\" class=\"attachment-large size-large wp-image-23811\" alt=\"\" srcset=\"https:\/\/beyazitdis.com\/wp-content\/uploads\/2024\/05\/Gizem-Cebi-Mahramli-576x1024.jpg 576w, https:\/\/beyazitdis.com\/wp-content\/uploads\/2024\/05\/Gizem-Cebi-Mahramli-169x300.jpg 169w, https:\/\/beyazitdis.com\/wp-content\/uploads\/2024\/05\/Gizem-Cebi-Mahramli-768x1365.jpg 768w, https:\/\/beyazitdis.com\/wp-content\/uploads\/2024\/05\/Gizem-Cebi-Mahramli-864x1536.jpg 864w, https:\/\/beyazitdis.com\/wp-content\/uploads\/2024\/05\/Gizem-Cebi-Mahramli-370x658.jpg 370w, https:\/\/beyazitdis.com\/wp-content\/uploads\/2024\/05\/Gizem-Cebi-Mahramli-840x1493.jpg 840w, https:\/\/beyazitdis.com\/wp-content\/uploads\/2024\/05\/Gizem-Cebi-Mahramli-410x729.jpg 410w, https:\/\/beyazitdis.com\/wp-content\/uploads\/2024\/05\/Gizem-Cebi-Mahramli-600x1067.jpg 600w, https:\/\/beyazitdis.com\/wp-content\/uploads\/2024\/05\/Gizem-Cebi-Mahramli.jpg 1080w\" sizes=\"(max-width: 600px) 100vw, 576px\" \/>\t\t\t\t\t\t\t\t\t\t\t\t\t\t\t<\/div>\n\t\t\t\t<\/div>\n\t\t\t\t\t<\/div>\n\t\t<\/div>\n\t\t\t\t<div class=\"elementor-column elementor-col-66 elementor-top-column elementor-element elementor-element-3b057c1 sc_inner_width_none sc_content_align_inherit sc_layouts_column_icons_position_left sc_fly_static\" data-id=\"3b057c1\" data-element_type=\"column\" data-e-type=\"column\">\n\t\t\t<div class=\"elementor-widget-wrap elementor-element-populated\">\n\t\t\t\t\t\t<div class=\"elementor-element elementor-element-2deb07b sc_fly_static elementor-widget elementor-widget-heading\" data-id=\"2deb07b\" data-element_type=\"widget\" data-e-type=\"widget\" data-widget_type=\"heading.default\">\n\t\t\t\t<div class=\"elementor-widget-container\">\n\t\t\t\t\t<h2 class=\"elementor-heading-title elementor-size-default\">Dr. Gizem \u00c7ebi Mahraml\u0131 - Facharzt f\u00fcr Parodontologie<\/h2>\t\t\t\t<\/div>\n\t\t\t\t<\/div>\n\t\t\t\t<div class=\"elementor-element elementor-element-f0a4d1b sc_fly_static elementor-widget elementor-widget-text-editor\" data-id=\"f0a4d1b\" data-element_type=\"widget\" data-e-type=\"widget\" data-widget_type=\"text-editor.default\">\n\t\t\t\t<div class=\"elementor-widget-container\">\n\t\t\t\t\t\t\t\t\t<p><br \/>Dr. Gizem \u00c7ebi Mahraml\u0131 wurde 1996 in Tekirda\u011f geboren. Sie schloss ihre Grundschulausbildung an der S\u00fcleymanpa\u015fa-Grundschule ab und absolvierte die Tekirda\u011f Science High School. Im Jahr 2014 schrieb sie sich an der Fakult\u00e4t f\u00fcr Zahnmedizin der Universit\u00e4t Istanbul ein, wo sie 2019 ihren Abschluss machte. Anschlie\u00dfend begann sie ihr Promotionsstudium und nahm im Herbst 2020 ihre Ausbildung in der Abteilung f\u00fcr Parodontologie an der zahnmedizinischen Fakult\u00e4t der Universit\u00e4t Istanbul auf.<\/p><p>Im Jahr 2024 begann Dr. Mahraml\u0131 ihre berufliche Laufbahn in der Beyaz\u0131t Oral and Dental Health Clinic, wo sie sich weiterhin auf Parodontologie und fortgeschrittene zahnmedizinische Behandlung konzentriert.<\/p><p><strong>Berufliche Entwicklung und Fortbildung: Dr. Mahraml\u0131 hat an zahlreichen nationalen und internationalen Konferenzen, Symposien und spezialisierten Fortbildungsprogrammen teilgenommen, um ihr Fachwissen im Bereich der Parodontologie und Zahnpflege kontinuierlich zu erweitern. Zu den bemerkenswerten Schulungen und Konferenzen geh\u00f6ren:<\/strong><\/p><ul><li>Weich- und Hartgewebelaserschulung - Dentsem (2021)<\/li><li>Botulinumtoxin-Anwendungstraining - Quintessenz (2021)<\/li><li>50. Internationaler wissenschaftlicher Online-Kongress - T\u00fcrkischer Zahn\u00e4rzteverband (2021)<\/li><li>Weiches Gewebe um Z\u00e4hne und Implantate - Prof. Dr. Fire Shines, Optimum Dent Academy (2022)<\/li><li>Nationales Symposium zur Osseointegration - OSSEDER (2022)<\/li><li>51. Internationaler wissenschaftlicher Kongress und 29. wissenschaftliches Symposium - T\u00fcrkische Gesellschaft f\u00fcr Parodontologie (2022)<\/li><li>ITI-Regionaltreffen T\u00fcrkei und Aserbaidschan (2022)<\/li><li>Schulung f\u00fcr Porzellanlaminat-Veneers - Dentsem (2023)<\/li><li>ITI-Frauentreffen (2023)<\/li><li>52. Internationaler wissenschaftlicher Kongress und 30. wissenschaftliches Symposium - T\u00fcrkische Gesellschaft f\u00fcr Parodontologie (2023)<\/li><\/ul><p><strong>Ver\u00f6ffentlichung<\/strong><\/p><ul><li>\u201eUnzureichend keratinisierte Schleimhaut vor und nach einer Implantatbehandlung: Eine Fallserie\u201c, vorgestellt auf dem 52. t\u00fcrkischen Parodontologiekongress in \u0130zmir, T\u00fcrkei, im Jahr 2023.<\/li><li>\u201eBehandlung mit einem multidisziplin\u00e4ren Ansatz\u201c, das gemeinsam verfasst und auf demselben Kongress im Jahr 2023 vorgestellt wurde.<\/li><li>\u201eThe Effects of Immediate Implant and Temporary Prosthesis on Soft and Hard Tissues in a Case of Root Surface Wear and Gum Recession\u201c (Die Auswirkungen von Sofortimplantat und provisorischer Prothese auf Weich- und Hartgewebe bei Abnutzung der Wurzeloberfl\u00e4che und Zahnfleischr\u00fcckgang), vorgestellt auf dem 51. t\u00fcrkischen Parodontologiekongress im Jahr 2022.<\/li><\/ul><h5><strong>Expertise Thesis Abstract;<\/strong><\/h5><p>Mahramli Gizem. Auswirkungen der Implantatinsertion und -versorgung auf Weich- und Hartgewebe: Eine systematische \u00dcbersicht. Fakult\u00e4t f\u00fcr Zahnmedizin der Universit\u00e4t Istanbul, Abteilung f\u00fcr Parodontologie. Forschungsarbeit im Rahmen der Fachausbildung. Istanbul 2023.<\/p><p><strong>Zielsetzung:\u00a0<\/strong>Ziel dieser Studie war es, die Auswirkungen einer Notfallimplantation und einer tempor\u00e4ren Implantatinsertion auf Weich- und Hartgewebe in einer systematischen \u00dcbersicht \u00fcber randomisierte, kontrollierte klinische Studien mit einer Nachbeobachtungszeit von mindestens 12 Monaten zu bewerten und eine zuverl\u00e4ssige Informationsquelle zu schaffen, an der sich Kliniker orientieren k\u00f6nnen.<\/p><p><strong>Materialien und Methoden:\u00a0<\/strong>Diese systematische \u00dcbersichtsarbeit wurde unter Anwendung der Punkte der PRISMA 2020-Checkliste \u201ePreferred Reporting Items for Systematic Reviews and Meta-Analyses\u201c verfasst. Mit den ausgew\u00e4hlten Schl\u00fcsselw\u00f6rtern wurde eine detaillierte Literatursuche in Original-Forschungsartikeln durchgef\u00fchrt, die in englischer Sprache in den Datenbanken MEDLINE (PubMed), Wiley und Turkish Citation Index von 2015 bis Mai 2023 ver\u00f6ffentlicht wurden. In dieser systematischen \u00dcberpr\u00fcfung wurden Ver\u00e4nderungen an Knochen und Schleimhaut als prim\u00e4re Ergebnisvariable betrachtet. Die \u00e4sthetische Bewertung wurde als sekund\u00e4re Ergebnisvariable betrachtet. Wir haben sichergestellt, dass die f\u00fcr die systematische \u00dcberpr\u00fcfung ausgew\u00e4hlten Studien Daten zu diesen Variablen enthielten.<\/p><p><strong>Feststellungen:\u00a0<\/strong>Durch eine detaillierte Suche mit den ausgew\u00e4hlten Schl\u00fcsselw\u00f6rtern wurde auf insgesamt 2250 Studien zugegriffen. Nach Durchsicht des Titels, der Zusammenfassung und des Volltexts wurde beschlossen, 7 randomisierte kontrollierte klinische Studien einzuschlie\u00dfen, die die Einschlusskriterien f\u00fcr die systematische \u00dcberpr\u00fcfung erf\u00fcllten. In 3 der 7 eingeschlossenen Studien wurde jedem Patienten in der Testgruppe sofort ein Implantat eingesetzt und in der gleichen Sitzung eine provisorische Versorgung angebracht, w\u00e4hrend in der Kontrollgruppe in der gleichen Sitzung keine provisorische Versorgung angebracht wurde. In den anderen 3 Studien wurden jedem Patienten in derselben Sitzung sofort Implantate und provisorische Versorgungen eingesetzt, und in der Testgruppe wurde ein subepitheliales Bindegewebstransplantat verwendet, in der Kontrollgruppe jedoch nicht. In einer Studie wurden jedem Patienten in der gleichen Sitzung Sofortimplantate und provisorische Versorgungen eingesetzt, in der Testgruppe wurde der Eingriff ohne Lappenentfernung durchgef\u00fchrt, in der Kontrollgruppe mit Lappenentfernung. Bei der Sofortimplantation wurde ein Weichgewebeverlust unabh\u00e4ngig von der Provisorienversorgung beobachtet. In Studien mit einem stabilen Volumen und Bindegewebstransplantat wurde das Schleimhautniveau im Weichgewebe \u00fcber einen l\u00e4ngeren Zeitraum beobachtet.<\/p><p><strong>Ergebnisse:<\/strong>\u00a0Die Sofortimplantation und -provisorisation kann als eine Behandlungsmethode mit zuverl\u00e4ssigen und vorhersagbaren Ergebnissen angesehen werden, unabh\u00e4ngig davon, ob ein zus\u00e4tzliches Bindegewebstransplantat verwendet wird. Randomisierte kontrollierte klinische Studien mit l\u00e4ngeren Nachbeobachtungszeitr\u00e4umen und standardisierten Messmethoden und Messzeitpunkten sind f\u00fcr angemessene systematische \u00dcberpr\u00fcfungen und Metaanalysen erforderlich.<\/p><p><em><strong>Schl\u00fcsselw\u00f6rter:\u00a0<\/strong>Zahnimplantat, nicht funktionsf\u00e4hige provisorische Versorgung, Sofortimplantat<\/em><\/p>\t\t\t\t\t\t\t\t<\/div>\n\t\t\t\t<\/div>\n\t\t\t\t<div class=\"elementor-element elementor-element-1cc28cc elementor-mobile-align-center sc_fly_static elementor-widget elementor-widget-button\" data-id=\"1cc28cc\" data-element_type=\"widget\" data-e-type=\"widget\" data-widget_type=\"button.default\">\n\t\t\t\t<div class=\"elementor-widget-container\">\n\t\t\t\t\t\t\t\t\t<div class=\"elementor-button-wrapper\">\n\t\t\t\t\t<a class=\"elementor-button elementor-button-link elementor-size-lg\" href=\"https:\/\/beyazitdis.com\/de\/randevu-al\/\">\n\t\t\t\t\t\t<span class=\"elementor-button-content-wrapper\">\n\t\t\t\t\t\t<span class=\"elementor-button-icon\">\n\t\t\t\t<i aria-hidden=\"true\" class=\"fas fa-arrow-right\"><\/i>\t\t\t<\/span>\n\t\t\t\t\t\t\t\t\t<span class=\"elementor-button-text\">Termin vereinbaren<\/span>\n\t\t\t\t\t<\/span>\n\t\t\t\t\t<\/a>\n\t\t\t\t<\/div>\n\t\t\t\t\t\t\t\t<\/div>\n\t\t\t\t<\/div>\n\t\t\t\t\t<\/div>\n\t\t<\/div>\n\t\t\t\t\t<\/div>\n\t\t<\/section>\n\t\t\t\t<\/div>","protected":false},"excerpt":{"rendered":"<p>UZ. DT. G\u0130ZEM \u00c7EB\u0130 MAHRAMLI 1996 y\u0131l\u0131nda Tekirda\u011f\u2019da do\u011fdu. \u0130lk\u00f6\u011frenimini S\u00fcleymanpa\u015fa \u0130lkokulu\u2019nda, lise \u00f6\u011frenimini ise Tekirda\u011f Fen Lisesi\u2019nde tamamlad\u0131. 2014 y\u0131l\u0131nda girdi\u011fi \u0130stanbul \u00dcniversitesi Di\u015f Hekimli\u011fi Fak\u00fcltesi\u2019nden 2019 y\u0131l\u0131nda mezun&hellip;<\/p>","protected":false},"author":3,"featured_media":0,"parent":24649,"menu_order":0,"comment_status":"closed","ping_status":"closed","template":"elementor_theme","meta":{"_monsterinsights_skip_tracking":false,"_monsterinsights_sitenote_active":false,"_monsterinsights_sitenote_note":"","_monsterinsights_sitenote_category":0,"footnotes":""},"class_list":["post-23983","page","type-page","status-publish","hentry"],"_links":{"self":[{"href":"https:\/\/beyazitdis.com\/de\/wp-json\/wp\/v2\/pages\/23983","targetHints":{"allow":["GET"]}}],"collection":[{"href":"https:\/\/beyazitdis.com\/de\/wp-json\/wp\/v2\/pages"}],"about":[{"href":"https:\/\/beyazitdis.com\/de\/wp-json\/wp\/v2\/types\/page"}],"author":[{"embeddable":true,"href":"https:\/\/beyazitdis.com\/de\/wp-json\/wp\/v2\/users\/3"}],"replies":[{"embeddable":true,"href":"https:\/\/beyazitdis.com\/de\/wp-json\/wp\/v2\/comments?post=23983"}],"version-history":[{"count":10,"href":"https:\/\/beyazitdis.com\/de\/wp-json\/wp\/v2\/pages\/23983\/revisions"}],"predecessor-version":[{"id":25844,"href":"https:\/\/beyazitdis.com\/de\/wp-json\/wp\/v2\/pages\/23983\/revisions\/25844"}],"up":[{"embeddable":true,"href":"https:\/\/beyazitdis.com\/de\/wp-json\/wp\/v2\/pages\/24649"}],"wp:attachment":[{"href":"https:\/\/beyazitdis.com\/de\/wp-json\/wp\/v2\/media?parent=23983"}],"curies":[{"name":"wp","href":"https:\/\/api.w.org\/{rel}","templated":true}]}}