{"id":23978,"date":"2024-10-07T16:08:47","date_gmt":"2024-10-07T16:08:47","guid":{"rendered":"http:\/\/beyazitdis.com\/?page_id=23978"},"modified":"2026-01-29T16:36:12","modified_gmt":"2026-01-29T13:36:12","slug":"dt-murat-beyazit","status":"publish","type":"page","link":"https:\/\/beyazitdis.com\/de\/hekimlerimiz\/dt-murat-beyazit\/","title":{"rendered":"Dt. Murat Beyaz\u0131t"},"content":{"rendered":"<div data-elementor-type=\"wp-page\" data-elementor-id=\"23978\" class=\"elementor elementor-23978\">\n\t\t\t\t\t\t<section class=\"elementor-section elementor-top-section elementor-element elementor-element-adf424d elementor-section-full_width elementor-section-stretched elementor-section-height-default elementor-section-height-default sc_fly_static\" data-id=\"adf424d\" data-element_type=\"section\" data-e-type=\"section\" data-settings=\"{&quot;background_background&quot;:&quot;classic&quot;,&quot;stretch_section&quot;:&quot;section-stretched&quot;}\">\n\t\t\t\t\t\t\t<div class=\"elementor-background-overlay\"><\/div>\n\t\t\t\t\t\t\t<div class=\"elementor-container elementor-column-gap-extended\">\n\t\t\t\t\t<div class=\"elementor-column elementor-col-100 elementor-top-column elementor-element elementor-element-ff21a02 sc_inner_width_none sc_content_align_inherit sc_layouts_column_icons_position_left sc_fly_static\" data-id=\"ff21a02\" data-element_type=\"column\" data-e-type=\"column\">\n\t\t\t<div class=\"elementor-widget-wrap elementor-element-populated\">\n\t\t\t\t\t\t<div class=\"elementor-element elementor-element-d5a2b90 elementor-widget__width-inherit sc_fly_static elementor-widget elementor-widget-heading\" data-id=\"d5a2b90\" data-element_type=\"widget\" data-e-type=\"widget\" data-widget_type=\"heading.default\">\n\t\t\t\t<div class=\"elementor-widget-container\">\n\t\t\t\t\t<h2 class=\"elementor-heading-title elementor-size-default\">DT. MURAT BEYAZIT<\/h2>\t\t\t\t<\/div>\n\t\t\t\t<\/div>\n\t\t\t\t\t<\/div>\n\t\t<\/div>\n\t\t\t\t\t<\/div>\n\t\t<\/section>\n\t\t\t\t<section class=\"elementor-section elementor-top-section elementor-element elementor-element-b9bb7e9 elementor-section-boxed elementor-section-height-default elementor-section-height-default sc_fly_static\" data-id=\"b9bb7e9\" data-element_type=\"section\" data-e-type=\"section\">\n\t\t\t\t\t\t<div class=\"elementor-container elementor-column-gap-extended\">\n\t\t\t\t\t<div class=\"elementor-column elementor-col-33 elementor-top-column elementor-element elementor-element-555b4b5 sc_inner_width_none sc_content_align_inherit sc_layouts_column_icons_position_left sc_fly_static\" data-id=\"555b4b5\" data-element_type=\"column\" data-e-type=\"column\">\n\t\t\t<div class=\"elementor-widget-wrap elementor-element-populated\">\n\t\t\t\t\t\t<div class=\"elementor-element elementor-element-bb00fea sc_fly_static elementor-widget elementor-widget-image\" data-id=\"bb00fea\" data-element_type=\"widget\" data-e-type=\"widget\" data-widget_type=\"image.default\">\n\t\t\t\t<div class=\"elementor-widget-container\">\n\t\t\t\t\t\t\t\t\t\t\t\t\t\t\t<img fetchpriority=\"high\" decoding=\"async\" width=\"576\" height=\"1024\" src=\"https:\/\/beyazitdis.com\/wp-content\/uploads\/2024\/05\/Murat-Beyazit-576x1024.jpg\" class=\"attachment-large size-large wp-image-23812\" alt=\"\" srcset=\"https:\/\/beyazitdis.com\/wp-content\/uploads\/2024\/05\/Murat-Beyazit-576x1024.jpg 576w, https:\/\/beyazitdis.com\/wp-content\/uploads\/2024\/05\/Murat-Beyazit-169x300.jpg 169w, https:\/\/beyazitdis.com\/wp-content\/uploads\/2024\/05\/Murat-Beyazit-768x1365.jpg 768w, https:\/\/beyazitdis.com\/wp-content\/uploads\/2024\/05\/Murat-Beyazit-864x1536.jpg 864w, https:\/\/beyazitdis.com\/wp-content\/uploads\/2024\/05\/Murat-Beyazit-370x658.jpg 370w, https:\/\/beyazitdis.com\/wp-content\/uploads\/2024\/05\/Murat-Beyazit-840x1493.jpg 840w, https:\/\/beyazitdis.com\/wp-content\/uploads\/2024\/05\/Murat-Beyazit-410x729.jpg 410w, https:\/\/beyazitdis.com\/wp-content\/uploads\/2024\/05\/Murat-Beyazit-600x1067.jpg 600w, https:\/\/beyazitdis.com\/wp-content\/uploads\/2024\/05\/Murat-Beyazit.jpg 1080w\" sizes=\"(max-width: 600px) 100vw, 576px\" \/>\t\t\t\t\t\t\t\t\t\t\t\t\t\t\t<\/div>\n\t\t\t\t<\/div>\n\t\t\t\t\t<\/div>\n\t\t<\/div>\n\t\t\t\t<div class=\"elementor-column elementor-col-66 elementor-top-column elementor-element elementor-element-3b057c1 sc_inner_width_none sc_content_align_inherit sc_layouts_column_icons_position_left sc_fly_static\" data-id=\"3b057c1\" data-element_type=\"column\" data-e-type=\"column\">\n\t\t\t<div class=\"elementor-widget-wrap elementor-element-populated\">\n\t\t\t\t\t\t<div class=\"elementor-element elementor-element-2deb07b sc_fly_static elementor-widget elementor-widget-heading\" data-id=\"2deb07b\" data-element_type=\"widget\" data-e-type=\"widget\" data-widget_type=\"heading.default\">\n\t\t\t\t<div class=\"elementor-widget-container\">\n\t\t\t\t\t<h2 class=\"elementor-heading-title elementor-size-default\">DT. MURAT BEYAZIT<\/h2>\t\t\t\t<\/div>\n\t\t\t\t<\/div>\n\t\t\t\t<div class=\"elementor-element elementor-element-f0a4d1b sc_fly_static elementor-widget elementor-widget-text-editor\" data-id=\"f0a4d1b\" data-element_type=\"widget\" data-e-type=\"widget\" data-widget_type=\"text-editor.default\">\n\t\t\t\t<div class=\"elementor-widget-container\">\n\t\t\t\t\t\t\t\t\t<p><br \/>Er wurde 1976 in Istanbul geboren. Im Jahr 2000 schloss er sein Studium an der Fakult\u00e4t f\u00fcr Zahnmedizin der Universit\u00e4t Istanbul ab. Zwischen 2000 und 2001 arbeitete er im Istanbuler Florence-Nightingale-Krankenhaus.<\/p><p>Im Jahr 2003 gr\u00fcndete er die zahnmedizinische Abteilung des Tekirda\u011f Hayat Krankenhauses. Von 2003 bis 2011 arbeitete er im Tekirda\u011f State Hospital.<\/p><p>Im Jahr 2005 begann Dt. Fulya \u00c7ebi Beyaz\u0131t und begann, in der von ihnen gemeinsam gegr\u00fcndeten Klinik zu arbeiten. Seit 2013 arbeitet er bei Dt. Seit 2013 arbeitet er in der Poliklinik f\u00fcr Mund- und Zahngesundheit Beyaz\u0131t, die er zusammen mit Dt. Fulya \u00c7ebi Beyaz\u0131t gegr\u00fcndet hat.<\/p><p>Er ist Mitglied der Aesthetic Dentistry Association (EDAD) und der Turkish Dental Association (TDB).<\/p><p>Im Laufe seines Berufslebens hat er versucht, durch die Teilnahme an zahlreichen nationalen und internationalen Kursen, Symposien und Kongressen seinen Patienten noch mehr zu helfen.<\/p><p>Neben der allgemeinen Zahnmedizin interessiert er sich vor allem f\u00fcr Implantat- und Implantatprothetikbehandlungen. Neben seinem Berufsleben interessiert er sich auch beruflich f\u00fcr das Segeln.<\/p>\t\t\t\t\t\t\t\t<\/div>\n\t\t\t\t<\/div>\n\t\t\t\t<div class=\"elementor-element elementor-element-d7c3a7c elementor-mobile-align-center sc_fly_static elementor-widget elementor-widget-button\" data-id=\"d7c3a7c\" data-element_type=\"widget\" data-e-type=\"widget\" data-widget_type=\"button.default\">\n\t\t\t\t<div class=\"elementor-widget-container\">\n\t\t\t\t\t\t\t\t\t<div class=\"elementor-button-wrapper\">\n\t\t\t\t\t<a class=\"elementor-button elementor-button-link elementor-size-lg\" href=\"https:\/\/beyazitdis.com\/de\/randevu-al\/\">\n\t\t\t\t\t\t<span class=\"elementor-button-content-wrapper\">\n\t\t\t\t\t\t<span class=\"elementor-button-icon\">\n\t\t\t\t<i aria-hidden=\"true\" class=\"fas fa-arrow-right\"><\/i>\t\t\t<\/span>\n\t\t\t\t\t\t\t\t\t<span class=\"elementor-button-text\">Termin vereinbaren<\/span>\n\t\t\t\t\t<\/span>\n\t\t\t\t\t<\/a>\n\t\t\t\t<\/div>\n\t\t\t\t\t\t\t\t<\/div>\n\t\t\t\t<\/div>\n\t\t\t\t\t<\/div>\n\t\t<\/div>\n\t\t\t\t\t<\/div>\n\t\t<\/section>\n\t\t\t\t<\/div>","protected":false},"excerpt":{"rendered":"<p>DT. MURAT BEYAZIT DT. MURAT BEYAZIT 1976 y\u0131l\u0131nda \u0130stanbul\u2019da do\u011fdu. 2000 y\u0131l\u0131nda \u0130stanbul \u00dcniversitesi Di\u015f Hekimli\u011fi Fak\u00fcltesi\u2019nden mezun oldu. 2000-2001 y\u0131llar\u0131 aras\u0131nda \u0130stanbul Florence Nightingale Hastanesi\u2019nde \u00e7al\u0131\u015ft\u0131. 2003 y\u0131l\u0131nda Tekirda\u011f&hellip;<\/p>","protected":false},"author":3,"featured_media":0,"parent":24649,"menu_order":0,"comment_status":"closed","ping_status":"closed","template":"elementor_theme","meta":{"_monsterinsights_skip_tracking":false,"_monsterinsights_sitenote_active":false,"_monsterinsights_sitenote_note":"","_monsterinsights_sitenote_category":0,"footnotes":""},"class_list":["post-23978","page","type-page","status-publish","hentry"],"_links":{"self":[{"href":"https:\/\/beyazitdis.com\/de\/wp-json\/wp\/v2\/pages\/23978","targetHints":{"allow":["GET"]}}],"collection":[{"href":"https:\/\/beyazitdis.com\/de\/wp-json\/wp\/v2\/pages"}],"about":[{"href":"https:\/\/beyazitdis.com\/de\/wp-json\/wp\/v2\/types\/page"}],"author":[{"embeddable":true,"href":"https:\/\/beyazitdis.com\/de\/wp-json\/wp\/v2\/users\/3"}],"replies":[{"embeddable":true,"href":"https:\/\/beyazitdis.com\/de\/wp-json\/wp\/v2\/comments?post=23978"}],"version-history":[{"count":14,"href":"https:\/\/beyazitdis.com\/de\/wp-json\/wp\/v2\/pages\/23978\/revisions"}],"predecessor-version":[{"id":25121,"href":"https:\/\/beyazitdis.com\/de\/wp-json\/wp\/v2\/pages\/23978\/revisions\/25121"}],"up":[{"embeddable":true,"href":"https:\/\/beyazitdis.com\/de\/wp-json\/wp\/v2\/pages\/24649"}],"wp:attachment":[{"href":"https:\/\/beyazitdis.com\/de\/wp-json\/wp\/v2\/media?parent=23978"}],"curies":[{"name":"wp","href":"https:\/\/api.w.org\/{rel}","templated":true}]}}