{"id":23264,"date":"2024-02-08T08:58:17","date_gmt":"2024-02-08T08:58:17","guid":{"rendered":"http:\/\/beyazitdis.com\/?page_id=23264"},"modified":"2026-03-31T11:45:43","modified_gmt":"2026-03-31T08:45:43","slug":"klinigimiz","status":"publish","type":"page","link":"https:\/\/beyazitdis.com\/de\/klinigimiz\/","title":{"rendered":"Unsere Klinik"},"content":{"rendered":"<div data-elementor-type=\"wp-page\" data-elementor-id=\"23264\" class=\"elementor elementor-23264\">\n\t\t\t\t\t\t<section class=\"elementor-section elementor-top-section elementor-element elementor-element-91dcd2c elementor-section-boxed elementor-section-height-default elementor-section-height-default sc_fly_static\" data-id=\"91dcd2c\" data-element_type=\"section\" data-e-type=\"section\">\n\t\t\t\t\t\t<div class=\"elementor-container elementor-column-gap-extended\">\n\t\t\t\t\t<div class=\"elementor-column elementor-col-100 elementor-top-column elementor-element elementor-element-001837f sc_inner_width_none sc_content_align_inherit sc_layouts_column_icons_position_left sc_fly_static\" data-id=\"001837f\" data-element_type=\"column\" data-e-type=\"column\">\n\t\t\t<div class=\"elementor-widget-wrap elementor-element-populated\">\n\t\t\t\t\t\t<div class=\"elementor-element elementor-element-e5f9e7e sc_height_huge sc_fly_static elementor-widget elementor-widget-spacer\" data-id=\"e5f9e7e\" data-element_type=\"widget\" data-e-type=\"widget\" data-widget_type=\"spacer.default\">\n\t\t\t\t<div class=\"elementor-widget-container\">\n\t\t\t\t\t\t\t<div class=\"elementor-spacer\">\n\t\t\t<div class=\"elementor-spacer-inner\"><\/div>\n\t\t<\/div>\n\t\t\t\t\t\t<\/div>\n\t\t\t\t<\/div>\n\t\t\t\t\t<\/div>\n\t\t<\/div>\n\t\t\t\t\t<\/div>\n\t\t<\/section>\n\t\t\t\t<section class=\"elementor-section elementor-top-section elementor-element elementor-element-f4fd4fa elementor-section-full_width elementor-section-stretched elementor-section-height-default elementor-section-height-default sc_fly_static\" data-id=\"f4fd4fa\" data-element_type=\"section\" data-e-type=\"section\" data-settings=\"{&quot;background_background&quot;:&quot;classic&quot;,&quot;stretch_section&quot;:&quot;section-stretched&quot;}\">\n\t\t\t\t\t\t\t<div class=\"elementor-background-overlay\"><\/div>\n\t\t\t\t\t\t\t<div class=\"elementor-container elementor-column-gap-extended\">\n\t\t\t\t\t<div class=\"elementor-column elementor-col-100 elementor-top-column elementor-element elementor-element-2dccb50 sc_inner_width_none sc_content_align_inherit sc_layouts_column_icons_position_left sc_fly_static\" data-id=\"2dccb50\" data-element_type=\"column\" data-e-type=\"column\">\n\t\t\t<div class=\"elementor-widget-wrap elementor-element-populated\">\n\t\t\t\t\t\t<div class=\"elementor-element elementor-element-34690bd elementor-widget__width-inherit sc_fly_static elementor-widget elementor-widget-heading\" data-id=\"34690bd\" data-element_type=\"widget\" data-e-type=\"widget\" data-widget_type=\"heading.default\">\n\t\t\t\t<div class=\"elementor-widget-container\">\n\t\t\t\t\t<h2 class=\"elementor-heading-title elementor-size-default\">NEREDEY\u0130Z?<\/h2>\t\t\t\t<\/div>\n\t\t\t\t<\/div>\n\t\t\t\t\t<\/div>\n\t\t<\/div>\n\t\t\t\t\t<\/div>\n\t\t<\/section>\n\t\t\t\t<section class=\"elementor-section elementor-top-section elementor-element elementor-element-1d6e545 elementor-section-boxed elementor-section-height-default elementor-section-height-default sc_fly_static\" data-id=\"1d6e545\" data-element_type=\"section\" data-e-type=\"section\" data-settings=\"{&quot;background_background&quot;:&quot;classic&quot;}\">\n\t\t\t\t\t\t<div class=\"elementor-container elementor-column-gap-extended\">\n\t\t\t\t\t<div class=\"elementor-column elementor-col-100 elementor-top-column elementor-element elementor-element-dbe4543 sc_inner_width_none sc_content_align_inherit sc_layouts_column_icons_position_left sc_fly_static\" data-id=\"dbe4543\" data-element_type=\"column\" data-e-type=\"column\">\n\t\t\t<div class=\"elementor-widget-wrap\">\n\t\t\t\t\t\t\t<\/div>\n\t\t<\/div>\n\t\t\t\t\t<\/div>\n\t\t<\/section>\n\t\t\t\t<section class=\"elementor-section-with-custom-width elementor-section elementor-top-section elementor-element elementor-element-e1f173a elementor-section-boxed elementor-section-height-default elementor-section-height-default sc_fly_static\" data-id=\"e1f173a\" data-element_type=\"section\" data-e-type=\"section\">\n\t\t\t\t\t\t<div class=\"elementor-container elementor-column-gap-default\">\n\t\t\t\t\t<div class=\"elementor-column elementor-col-100 elementor-top-column elementor-element elementor-element-18bdf85 sc_inner_width_none sc_content_align_inherit sc_layouts_column_icons_position_left sc_fly_static\" data-id=\"18bdf85\" data-element_type=\"column\" data-e-type=\"column\">\n\t\t\t<div class=\"elementor-widget-wrap elementor-element-populated\">\n\t\t\t\t\t\t<div class=\"elementor-element elementor-element-d2618c5 sc_fly_static elementor-widget elementor-widget-text-editor\" data-id=\"d2618c5\" data-element_type=\"widget\" data-e-type=\"widget\" data-widget_type=\"text-editor.default\">\n\t\t\t\t<div class=\"elementor-widget-container\">\n\t\t\t\t\t\t\t\t\t<h2 style=\"font-size: 3.5em; font-weight: 500; margin-bottom: 13px;\">360\u00b0 Virtueller Rundgang<\/h2>\t\t\t\t\t\t\t\t<\/div>\n\t\t\t\t<\/div>\n\t\t\t\t<div class=\"elementor-element elementor-element-e241fa5 sc_fly_static elementor-widget elementor-widget-html\" data-id=\"e241fa5\" data-element_type=\"widget\" data-e-type=\"widget\" data-widget_type=\"html.default\">\n\t\t\t\t<div class=\"elementor-widget-container\">\n\t\t\t\t\t<iframe src=\"https:\/\/sanaltur.beyazitdis.com\" style=\"width:100%; height:1000px !important;\" frameborder=\"0\"><\/iframe>\t\t\t\t<\/div>\n\t\t\t\t<\/div>\n\t\t\t\t\t<\/div>\n\t\t<\/div>\n\t\t\t\t\t<\/div>\n\t\t<\/section>\n\t\t\t\t<section class=\"elementor-section elementor-top-section elementor-element elementor-element-378c7b6 elementor-section-boxed elementor-section-height-default elementor-section-height-default sc_fly_static\" data-id=\"378c7b6\" data-element_type=\"section\" data-e-type=\"section\">\n\t\t\t\t\t\t<div class=\"elementor-container elementor-column-gap-extended\">\n\t\t\t\t\t<div class=\"elementor-column elementor-col-100 elementor-top-column elementor-element elementor-element-005caf3 sc_inner_width_none sc_content_align_inherit sc_layouts_column_icons_position_left sc_fly_static\" data-id=\"005caf3\" data-element_type=\"column\" data-e-type=\"column\">\n\t\t\t<div class=\"elementor-widget-wrap elementor-element-populated\">\n\t\t\t\t\t\t<section class=\"elementor-section elementor-inner-section elementor-element elementor-element-d0f595e elementor-section-boxed elementor-section-height-default elementor-section-height-default sc_fly_static\" data-id=\"d0f595e\" data-element_type=\"section\" data-e-type=\"section\">\n\t\t\t\t\t\t<div class=\"elementor-container elementor-column-gap-extended\">\n\t\t\t\t\t<div class=\"elementor-column elementor-col-100 elementor-inner-column elementor-element elementor-element-28bd0cd sc_inner_width_none sc_content_align_inherit sc_layouts_column_icons_position_left sc_fly_static\" data-id=\"28bd0cd\" data-element_type=\"column\" data-e-type=\"column\">\n\t\t\t<div class=\"elementor-widget-wrap elementor-element-populated\">\n\t\t\t\t\t\t<div class=\"elementor-element elementor-element-c6fc807 sc_fly_static elementor-widget elementor-widget-heading\" data-id=\"c6fc807\" data-element_type=\"widget\" data-e-type=\"widget\" data-widget_type=\"heading.default\">\n\t\t\t\t<div class=\"elementor-widget-container\">\n\t\t\t\t\t<h2 class=\"elementor-heading-title elementor-size-default\">Warum Tekirdag?<\/h2>\t\t\t\t<\/div>\n\t\t\t\t<\/div>\n\t\t\t\t<div class=\"elementor-element elementor-element-f5fba31 sc_fly_static elementor-widget elementor-widget-text-editor\" data-id=\"f5fba31\" data-element_type=\"widget\" data-e-type=\"widget\" data-widget_type=\"text-editor.default\">\n\t\t\t\t<div class=\"elementor-widget-container\">\n\t\t\t\t\t\t\t\t\t<p>Tekirdag, eine der wenig bekannten, aber wundersch\u00f6nen St\u00e4dte der T\u00fcrkei, liegt anmutig an der Nordwestk\u00fcste des Marmarameers. In den letzten Jahren hat Tekirdag einen Anstieg der Touristenbesuche erlebt, was es zu einem begehrten Reiseziel macht. Hier ist der Grund daf\u00fcr:<\/p>\t\t\t\t\t\t\t\t<\/div>\n\t\t\t\t<\/div>\n\t\t\t\t\t<\/div>\n\t\t<\/div>\n\t\t\t\t\t<\/div>\n\t\t<\/section>\n\t\t\t\t<section class=\"elementor-section elementor-inner-section elementor-element elementor-element-7a0cb82 elementor-section-content-middle elementor-section-boxed elementor-section-height-default elementor-section-height-default sc_fly_static\" data-id=\"7a0cb82\" data-element_type=\"section\" data-e-type=\"section\">\n\t\t\t\t\t\t<div class=\"elementor-container elementor-column-gap-extended\">\n\t\t\t\t\t<div class=\"elementor-column elementor-col-50 elementor-inner-column elementor-element elementor-element-f5eba2a sc_inner_width_none sc_content_align_inherit sc_layouts_column_icons_position_left sc_fly_static\" data-id=\"f5eba2a\" data-element_type=\"column\" data-e-type=\"column\">\n\t\t\t<div class=\"elementor-widget-wrap elementor-element-populated\">\n\t\t\t\t\t\t<div class=\"elementor-element elementor-element-abe32ee sc_fly_static elementor-widget elementor-widget-text-editor\" data-id=\"abe32ee\" data-element_type=\"widget\" data-e-type=\"widget\" data-widget_type=\"text-editor.default\">\n\t\t\t\t<div class=\"elementor-widget-container\">\n\t\t\t\t\t\t\t\t\t<p>Eine Mischung aus Geschichte und Kultur: Die tausendj\u00e4hrige Geschichte von Tekirda\u011f ist eine Fundgrube f\u00fcr Geschichtsinteressierte. Spuren alter Zivilisationen wie der Thraker, Osmanen und Byzantiner finden sich \u00fcberall in der Region. Das Rakoczi-Museum zum Beispiel ist eine Ode an die ungarisch-t\u00fcrkische Geschichte und zeigt das Leben und die Zeit von F\u00fcrst R\u00e1k\u00f3czi II. <b>Kulinarische Gen\u00fcsse:<\/b> Tekirdag ist ber\u00fchmt f\u00fcr seine lokale K\u00fcche. Die Tekirda\u011f-Fleischb\u00e4llchen haben die Herzen vieler Menschen mit ihrem einzigartigen Geschmack erobert. Dar\u00fcber hinaus bieten die lokalen Weine und Raki, die aus den Trauben der Weinberge in der Region hergestellt werden, unvergessliche Geschmackserlebnisse f\u00fcr Gastronomie-Liebhaber. Verlassen Sie Tekirdag nicht, ohne diese K\u00f6stlichkeiten probiert zu haben!<\/p><p>Landschaftliche Sch\u00f6nheit: Die K\u00fcstenlinie der Stadt ist zweifellos eine ihrer Hauptattraktionen. Die unber\u00fchrten Str\u00e4nde mit dem tiefblauen Marmarameer im Hintergrund bieten postkarten\u00e4hnliche Aussichten. Es ist ein idealer Ort f\u00fcr diejenigen, die eine ruhige und gelassene Atmosph\u00e4re abseits der gesch\u00e4ftigen Menschenmassen der Gro\u00dfst\u00e4dte suchen. Einfacher Transport: Tekirdag liegt in der N\u00e4he von Istanbul und ist sowohl f\u00fcr einheimische als auch f\u00fcr ausl\u00e4ndische Touristen leicht zu erreichen. Moderne Autobahnen und regelm\u00e4\u00dfige F\u00e4hrverbindungen machen das Pendeln problemlos. Einzigartige Feste: Das Kirschfest und das Weinlesefest in Tekirdag sind farbenfroh und feierlich. Mit diesen Festen werden nicht nur der landwirtschaftliche Reichtum der Region, sondern auch die lebendigen lokalen Traditionen gefeiert.<\/p>\t\t\t\t\t\t\t\t<\/div>\n\t\t\t\t<\/div>\n\t\t\t\t\t<\/div>\n\t\t<\/div>\n\t\t\t\t<div class=\"elementor-column elementor-col-50 elementor-inner-column elementor-element elementor-element-7d32b5d sc_inner_width_none sc_content_align_inherit sc_layouts_column_icons_position_left sc_fly_static\" data-id=\"7d32b5d\" data-element_type=\"column\" data-e-type=\"column\">\n\t\t\t<div class=\"elementor-widget-wrap elementor-element-populated\">\n\t\t\t\t\t\t<div class=\"elementor-element elementor-element-d17f95c sc_fly_static elementor-widget elementor-widget-image\" data-id=\"d17f95c\" data-element_type=\"widget\" data-e-type=\"widget\" data-widget_type=\"image.default\">\n\t\t\t\t<div class=\"elementor-widget-container\">\n\t\t\t\t\t\t\t\t\t\t\t\t\t\t\t<img fetchpriority=\"high\" decoding=\"async\" width=\"1024\" height=\"741\" src=\"https:\/\/beyazitdis.com\/wp-content\/uploads\/2024\/02\/nedentekirdag-2-1024x741.jpeg\" class=\"attachment-large size-large wp-image-23269\" alt=\"\" srcset=\"https:\/\/beyazitdis.com\/wp-content\/uploads\/2024\/02\/nedentekirdag-2-1024x741.jpeg 1024w, https:\/\/beyazitdis.com\/wp-content\/uploads\/2024\/02\/nedentekirdag-2-300x217.jpeg 300w, https:\/\/beyazitdis.com\/wp-content\/uploads\/2024\/02\/nedentekirdag-2-768x556.jpeg 768w, https:\/\/beyazitdis.com\/wp-content\/uploads\/2024\/02\/nedentekirdag-2-370x268.jpeg 370w, https:\/\/beyazitdis.com\/wp-content\/uploads\/2024\/02\/nedentekirdag-2-840x608.jpeg 840w, https:\/\/beyazitdis.com\/wp-content\/uploads\/2024\/02\/nedentekirdag-2-410x297.jpeg 410w, https:\/\/beyazitdis.com\/wp-content\/uploads\/2024\/02\/nedentekirdag-2-600x434.jpeg 600w, https:\/\/beyazitdis.com\/wp-content\/uploads\/2024\/02\/nedentekirdag-2.jpeg 1300w\" sizes=\"(max-width: 1024px) 100vw, 1024px\" \/>\t\t\t\t\t\t\t\t\t\t\t\t\t\t\t<\/div>\n\t\t\t\t<\/div>\n\t\t\t\t\t<\/div>\n\t\t<\/div>\n\t\t\t\t\t<\/div>\n\t\t<\/section>\n\t\t\t\t<section class=\"elementor-section elementor-inner-section elementor-element elementor-element-8f24d20 elementor-section-content-middle elementor-section-boxed elementor-section-height-default elementor-section-height-default sc_fly_static\" data-id=\"8f24d20\" data-element_type=\"section\" data-e-type=\"section\">\n\t\t\t\t\t\t<div class=\"elementor-container elementor-column-gap-extended\">\n\t\t\t\t\t<div class=\"elementor-column elementor-col-50 elementor-inner-column elementor-element elementor-element-cd0d732 sc_inner_width_none sc_content_align_inherit sc_layouts_column_icons_position_left sc_fly_static\" data-id=\"cd0d732\" data-element_type=\"column\" data-e-type=\"column\">\n\t\t\t<div class=\"elementor-widget-wrap elementor-element-populated\">\n\t\t\t\t\t\t<div class=\"elementor-element elementor-element-23ca602 sc_fly_static elementor-widget elementor-widget-image\" data-id=\"23ca602\" data-element_type=\"widget\" data-e-type=\"widget\" data-widget_type=\"image.default\">\n\t\t\t\t<div class=\"elementor-widget-container\">\n\t\t\t\t\t\t\t\t\t\t\t\t\t\t\t<img decoding=\"async\" width=\"1024\" height=\"768\" src=\"https:\/\/beyazitdis.com\/wp-content\/uploads\/2024\/02\/nedentekirdag-4-1024x768.jpeg\" class=\"attachment-large size-large wp-image-23270\" alt=\"\" srcset=\"https:\/\/beyazitdis.com\/wp-content\/uploads\/2024\/02\/nedentekirdag-4-1024x768.jpeg 1024w, https:\/\/beyazitdis.com\/wp-content\/uploads\/2024\/02\/nedentekirdag-4-300x225.jpeg 300w, https:\/\/beyazitdis.com\/wp-content\/uploads\/2024\/02\/nedentekirdag-4-768x576.jpeg 768w, https:\/\/beyazitdis.com\/wp-content\/uploads\/2024\/02\/nedentekirdag-4-370x278.jpeg 370w, https:\/\/beyazitdis.com\/wp-content\/uploads\/2024\/02\/nedentekirdag-4-840x630.jpeg 840w, https:\/\/beyazitdis.com\/wp-content\/uploads\/2024\/02\/nedentekirdag-4-410x308.jpeg 410w, https:\/\/beyazitdis.com\/wp-content\/uploads\/2024\/02\/nedentekirdag-4-600x450.jpeg 600w, https:\/\/beyazitdis.com\/wp-content\/uploads\/2024\/02\/nedentekirdag-4.jpeg 1280w\" sizes=\"(max-width: 1024px) 100vw, 1024px\" \/>\t\t\t\t\t\t\t\t\t\t\t\t\t\t\t<\/div>\n\t\t\t\t<\/div>\n\t\t\t\t\t<\/div>\n\t\t<\/div>\n\t\t\t\t<div class=\"elementor-column elementor-col-50 elementor-inner-column elementor-element elementor-element-a30bc33 sc_inner_width_none sc_content_align_inherit sc_layouts_column_icons_position_left sc_fly_static\" data-id=\"a30bc33\" data-element_type=\"column\" data-e-type=\"column\">\n\t\t\t<div class=\"elementor-widget-wrap elementor-element-populated\">\n\t\t\t\t\t\t<div class=\"elementor-element elementor-element-fc45f9a sc_fly_static elementor-widget elementor-widget-text-editor\" data-id=\"fc45f9a\" data-element_type=\"widget\" data-e-type=\"widget\" data-widget_type=\"text-editor.default\">\n\t\t\t\t<div class=\"elementor-widget-container\">\n\t\t\t\t\t\t\t\t\t<p>Gastfreundliche Einheimische: Die t\u00fcrkische Gastfreundschaft ist weltweit bekannt, und Tekirdag bildet da keine Ausnahme. Die herzliche und gastfreundliche Art der Einwohner macht das Erlebnis eines jeden Besuchers unvergesslich. Erschwingliches Reiseziel: Im Vergleich zu beliebteren Reisezielen in der T\u00fcrkei bietet Tekirdag eine erschwinglichere Option f\u00fcr Reisende, ohne dabei auf den Reichtum an Erfahrungen zu verzichten. Abenteuer-Begeisterte: F\u00fcr alle, die sich f\u00fcr Abenteuer und Outdoor-Aktivit\u00e4ten interessieren, hat Tekirdag eine Menge zu bieten. Vom Gleitschirmfliegen \u00fcber dem Marmarameer bis hin zu Wanderungen durch die \u00fcppige Natur ist Tekirdag ein Spielplatz f\u00fcr abenteuerlustige Seelen. Therapeutische hei\u00dfe Quellen: In Tekirdag befinden sich einige der verj\u00fcngendsten hei\u00dfen Quellen des Landes, die f\u00fcr ihre therapeutischen Eigenschaften bekannt sind. Viele Besucher finden Trost und Heilung in diesen warmen Gew\u00e4ssern. \u00d6kologische Gebiete: Naturliebhaber k\u00f6nnen die ruhige Umgebung des Igneada Flood Forests National Park erkunden. Dieser Park bietet mit seinen dichten W\u00e4ldern, D\u00fcnen und S\u00fcmpfen ein einzigartiges \u00d6kosystem und beherbergt viele bedrohte Tierarten.<\/p>\t\t\t\t\t\t\t\t<\/div>\n\t\t\t\t<\/div>\n\t\t\t\t\t<\/div>\n\t\t<\/div>\n\t\t\t\t\t<\/div>\n\t\t<\/section>\n\t\t\t\t<section class=\"elementor-section elementor-inner-section elementor-element elementor-element-871024d elementor-section-content-middle elementor-section-boxed elementor-section-height-default elementor-section-height-default sc_fly_static\" data-id=\"871024d\" data-element_type=\"section\" data-e-type=\"section\">\n\t\t\t\t\t\t<div class=\"elementor-container elementor-column-gap-extended\">\n\t\t\t\t\t<div class=\"elementor-column elementor-col-100 elementor-inner-column elementor-element elementor-element-1ca831d sc_inner_width_none sc_content_align_inherit sc_layouts_column_icons_position_left sc_fly_static\" data-id=\"1ca831d\" data-element_type=\"column\" data-e-type=\"column\">\n\t\t\t<div class=\"elementor-widget-wrap elementor-element-populated\">\n\t\t\t\t\t\t<div class=\"elementor-element elementor-element-cf1820a sc_fly_static elementor-widget elementor-widget-text-editor\" data-id=\"cf1820a\" data-element_type=\"widget\" data-e-type=\"widget\" data-widget_type=\"text-editor.default\">\n\t\t\t\t<div class=\"elementor-widget-container\">\n\t\t\t\t\t\t\t\t\t<p>Daher verspricht Tekirda\u011f seinen Besuchern ein vielseitiges Erlebnis mit einer harmonischen Mischung aus Natur, Geschichte und Kultur. Sie ist ein Beweis daf\u00fcr, dass der Charme der T\u00fcrkei \u00fcber ihre ber\u00fchmten Sehensw\u00fcrdigkeiten hinausgeht. Diese Stadt l\u00e4dt mit ihren authentischen Erlebnissen Reisende ein, die die weniger befahrenen Stra\u00dfen erkunden m\u00f6chten.<\/p>\t\t\t\t\t\t\t\t<\/div>\n\t\t\t\t<\/div>\n\t\t\t\t\t<\/div>\n\t\t<\/div>\n\t\t\t\t\t<\/div>\n\t\t<\/section>\n\t\t\t\t<div class=\"elementor-element elementor-element-7674ac8 sc_height_huge sc_fly_static elementor-widget elementor-widget-spacer\" data-id=\"7674ac8\" data-element_type=\"widget\" data-e-type=\"widget\" data-widget_type=\"spacer.default\">\n\t\t\t\t<div class=\"elementor-widget-container\">\n\t\t\t\t\t\t\t<div class=\"elementor-spacer\">\n\t\t\t<div class=\"elementor-spacer-inner\"><\/div>\n\t\t<\/div>\n\t\t\t\t\t\t<\/div>\n\t\t\t\t<\/div>\n\t\t\t\t\t<\/div>\n\t\t<\/div>\n\t\t\t\t\t<\/div>\n\t\t<\/section>\n\t\t\t\t<\/div>","protected":false},"excerpt":{"rendered":"<p>NEREDEY\u0130Z? 360\u00b0 Sanal Tur Neden Tekirda\u011f? T\u00fcrkiye&#8217;nin az bilinen ama muhte\u015fem \u015fehirlerinden biri olan Tekirda\u011f, Marmara Denizi&#8217;nin kuzeybat\u0131 k\u0131y\u0131s\u0131nda zarif bir \u015fekilde oturuyor. Tekirda\u011f, son birka\u00e7 y\u0131lda turist ziyaretlerinde bir&hellip;<\/p>","protected":false},"author":1,"featured_media":0,"parent":0,"menu_order":0,"comment_status":"closed","ping_status":"closed","template":"","meta":{"_monsterinsights_skip_tracking":false,"_monsterinsights_sitenote_active":false,"_monsterinsights_sitenote_note":"","_monsterinsights_sitenote_category":0,"footnotes":""},"class_list":["post-23264","page","type-page","status-publish","hentry"],"_links":{"self":[{"href":"https:\/\/beyazitdis.com\/de\/wp-json\/wp\/v2\/pages\/23264","targetHints":{"allow":["GET"]}}],"collection":[{"href":"https:\/\/beyazitdis.com\/de\/wp-json\/wp\/v2\/pages"}],"about":[{"href":"https:\/\/beyazitdis.com\/de\/wp-json\/wp\/v2\/types\/page"}],"author":[{"embeddable":true,"href":"https:\/\/beyazitdis.com\/de\/wp-json\/wp\/v2\/users\/1"}],"replies":[{"embeddable":true,"href":"https:\/\/beyazitdis.com\/de\/wp-json\/wp\/v2\/comments?post=23264"}],"version-history":[{"count":23,"href":"https:\/\/beyazitdis.com\/de\/wp-json\/wp\/v2\/pages\/23264\/revisions"}],"predecessor-version":[{"id":26738,"href":"https:\/\/beyazitdis.com\/de\/wp-json\/wp\/v2\/pages\/23264\/revisions\/26738"}],"wp:attachment":[{"href":"https:\/\/beyazitdis.com\/de\/wp-json\/wp\/v2\/media?parent=23264"}],"curies":[{"name":"wp","href":"https:\/\/api.w.org\/{rel}","templated":true}]}}