{"id":18412,"date":"2022-01-28T13:46:00","date_gmt":"2022-01-28T13:46:00","guid":{"rendered":"http:\/\/beyazitdis.com\/?page_id=18412"},"modified":"2025-10-14T11:11:57","modified_gmt":"2025-10-14T08:11:57","slug":"hakkimizda","status":"publish","type":"page","link":"https:\/\/beyazitdis.com\/de\/hakkimizda\/","title":{"rendered":"\u00dcber uns"},"content":{"rendered":"<div data-elementor-type=\"wp-page\" data-elementor-id=\"18412\" class=\"elementor elementor-18412\">\n\t\t\t\t\t\t<section class=\"elementor-section elementor-top-section elementor-element elementor-element-378c7b6 elementor-section-boxed elementor-section-height-default elementor-section-height-default sc_fly_static\" data-id=\"378c7b6\" data-element_type=\"section\" data-e-type=\"section\">\n\t\t\t\t\t\t<div class=\"elementor-container elementor-column-gap-extended\">\n\t\t\t\t\t<div class=\"elementor-column elementor-col-100 elementor-top-column elementor-element elementor-element-005caf3 sc_inner_width_none sc_content_align_inherit sc_layouts_column_icons_position_left sc_fly_static\" data-id=\"005caf3\" data-element_type=\"column\" data-e-type=\"column\">\n\t\t\t<div class=\"elementor-widget-wrap elementor-element-populated\">\n\t\t\t\t\t\t<div class=\"elementor-element elementor-element-7674ac8 sc_height_huge sc_fly_static elementor-widget elementor-widget-spacer\" data-id=\"7674ac8\" data-element_type=\"widget\" data-e-type=\"widget\" data-widget_type=\"spacer.default\">\n\t\t\t\t<div class=\"elementor-widget-container\">\n\t\t\t\t\t\t\t<div class=\"elementor-spacer\">\n\t\t\t<div class=\"elementor-spacer-inner\"><\/div>\n\t\t<\/div>\n\t\t\t\t\t\t<\/div>\n\t\t\t\t<\/div>\n\t\t\t\t\t<\/div>\n\t\t<\/div>\n\t\t\t\t\t<\/div>\n\t\t<\/section>\n\t\t\t\t<section class=\"elementor-section elementor-top-section elementor-element elementor-element-613b0f9 elementor-section-full_width elementor-section-stretched elementor-section-height-default elementor-section-height-default sc_fly_static\" data-id=\"613b0f9\" data-element_type=\"section\" data-e-type=\"section\" data-settings=\"{&quot;background_background&quot;:&quot;classic&quot;,&quot;stretch_section&quot;:&quot;section-stretched&quot;}\">\n\t\t\t\t\t\t\t<div class=\"elementor-background-overlay\"><\/div>\n\t\t\t\t\t\t\t<div class=\"elementor-container elementor-column-gap-extended\">\n\t\t\t\t\t<div class=\"elementor-column elementor-col-100 elementor-top-column elementor-element elementor-element-bde88c9 sc_inner_width_none sc_content_align_inherit sc_layouts_column_icons_position_left sc_fly_static\" data-id=\"bde88c9\" data-element_type=\"column\" data-e-type=\"column\">\n\t\t\t<div class=\"elementor-widget-wrap elementor-element-populated\">\n\t\t\t\t\t\t<div class=\"elementor-element elementor-element-5027bb1 elementor-widget__width-inherit sc_fly_static elementor-widget elementor-widget-heading\" data-id=\"5027bb1\" data-element_type=\"widget\" data-e-type=\"widget\" data-widget_type=\"heading.default\">\n\t\t\t\t<div class=\"elementor-widget-container\">\n\t\t\t\t\t<h2 class=\"elementor-heading-title elementor-size-default\">KL\u0130N\u0130\u011e\u0130M\u0130Z<\/h2>\t\t\t\t<\/div>\n\t\t\t\t<\/div>\n\t\t\t\t\t<\/div>\n\t\t<\/div>\n\t\t\t\t\t<\/div>\n\t\t<\/section>\n\t\t\t\t<section class=\"elementor-section elementor-top-section elementor-element elementor-element-f6895e0 elementor-section-content-middle elementor-section-boxed elementor-section-height-default elementor-section-height-default sc_fly_static\" data-id=\"f6895e0\" data-element_type=\"section\" data-e-type=\"section\">\n\t\t\t\t\t\t<div class=\"elementor-container elementor-column-gap-extended\">\n\t\t\t\t\t<div class=\"elementor-column elementor-col-100 elementor-top-column elementor-element elementor-element-4ddefc2 sc_inner_width_none sc_content_align_inherit sc_layouts_column_icons_position_left sc_fly_static\" data-id=\"4ddefc2\" data-element_type=\"column\" data-e-type=\"column\">\n\t\t\t<div class=\"elementor-widget-wrap elementor-element-populated\">\n\t\t\t\t\t\t<div class=\"elementor-element elementor-element-5f23ebc sc_fly_static elementor-widget elementor-widget-trx_sc_title\" data-id=\"5f23ebc\" data-element_type=\"widget\" data-e-type=\"widget\" data-widget_type=\"trx_sc_title.default\">\n\t\t\t\t<div class=\"elementor-widget-container\">\n\t\t\t\t\t<div\t\tclass=\"sc_title sc_title_default\" ><h1 class=\"sc_item_title sc_title_title sc_item_title_style_default sc_item_title_tag\"\n\t\t\t><span class=\"sc_item_title_text\">Unsere Klinik<\/span><\/h1><div class=\"sc_item_descr sc_title_descr\"><p>Der Grundstein der Beyaz\u0131t-Poliklinik f\u00fcr Mund- und Zahnheilkunde wurde mit der Er\u00f6ffnung der ersten Praxis im Jahr 2000 gelegt. Im Jahr 2005 wurde unsere Einzelpraxis in eine Zweierpraxis umgewandelt und eingerichtet. Im Jahr 2013 erfolgte der \u00dcbergang von einer Praxis mit zwei Abteilungen zu einer modernen Poliklinik mit vier Abteilungen. Im Jahr 2021 wurde sie in die heutige, voll ausgestattete Poliklinik mit sieben Einheiten umgewandelt, die mit der Technologie in ihrem Bereich Schritt h\u00e4lt.<\/p>\n<\/div><\/div>\t\t\t\t<\/div>\n\t\t\t\t<\/div>\n\t\t\t\t<div class=\"elementor-element elementor-element-969ce8e sc_fly_static elementor-widget elementor-widget-text-editor\" data-id=\"969ce8e\" data-element_type=\"widget\" data-e-type=\"widget\" data-widget_type=\"text-editor.default\">\n\t\t\t\t<div class=\"elementor-widget-container\">\n\t\t\t\t\t\t\t\t\t<h4>Unsere Poliklinik ist behindertengerecht;<\/h4>\n<ul>\n<li>7 Klinik<\/li>\n<li>Sterilisationsabteilung<\/li>\n<li>R\u00f6ntgenraum mit Panorama- und Tomographieaufnahmen<\/li>\n<li>Besprechungsraum<\/li>\n<li>Postoperativer Ruheraum<\/li>\n<li>Lobby und Balkoncafeteria<\/li>\n<li>Ruheraum f\u00fcr das Personal<\/li>\n<li>Es besteht aus den Bereichen Buchhaltung, K\u00fcche, Lager und Archiv.<\/li>\n<\/ul>\n<p>Auf unserer Website und den Seiten der sozialen Medien werden Beitr\u00e4ge zur F\u00f6rderung des sozialen Bewusstseins f\u00fcr Mund- und Zahngesundheit ver\u00f6ffentlicht.<\/p>\n<h4>Unsere Qualit\u00e4tsziele;<\/h4>\n<ul>\n<li><span style=\"font-size: 17px; background-color: var(--theme-color-bg_color); color: var(--theme-color-text); letter-spacing: 0px;\">Bereitstellung von Mund- und Zahngesundheitsdiensten nach nationalen und internationalen Standards<\/span><br><\/li>\n<li>Erf\u00fcllung der Sterilisations- und Hygienebedingungen unter Beteiligung des gesamten Personals<\/li>\n<li>eine vorbildliche Einrichtung zu sein, die im Rahmen der ethischen Regeln den Patientenrechten Vorrang vor allem anderen einr\u00e4umt<\/li>\n<li>einen effektiven L\u00f6sungsprozess f\u00fcr die W\u00fcnsche und Beschwerden unserer Patienten zu schaffen<\/li>\n<li>Sicherstellung der Fortbildung der Mitarbeiter zur kontinuierlichen Weiterentwicklung<\/li>\n<li>Die Aufrechterhaltung unserer Dienstleistungen in \u00dcbereinstimmung mit den Arbeitsschutz- und Umweltbedingungen.<\/li>\n<\/ul>\t\t\t\t\t\t\t\t<\/div>\n\t\t\t\t<\/div>\n\t\t\t\t<div class=\"elementor-element elementor-element-66f602e sc_fly_static elementor-widget elementor-widget-spacer\" data-id=\"66f602e\" data-element_type=\"widget\" data-e-type=\"widget\" data-widget_type=\"spacer.default\">\n\t\t\t\t<div class=\"elementor-widget-container\">\n\t\t\t\t\t\t\t<div class=\"elementor-spacer\">\n\t\t\t<div class=\"elementor-spacer-inner\"><\/div>\n\t\t<\/div>\n\t\t\t\t\t\t<\/div>\n\t\t\t\t<\/div>\n\t\t\t\t<div class=\"elementor-element elementor-element-9080095 sc_fly_static elementor-widget elementor-widget-trx_sc_button\" data-id=\"9080095\" data-element_type=\"widget\" data-e-type=\"widget\" data-widget_type=\"trx_sc_button.default\">\n\t\t\t\t<div class=\"elementor-widget-container\">\n\t\t\t\t\t<div\tclass=\"sc_item_button sc_button_wrap\" ><a href=\"https:\/\/beyazitdis.com\/de\/iletisim\/\" class=\"sc_button sc_button_default sc_button_size_normal sc_button_icon_left color_style_link2\" ><span class=\"sc_button_text\"><span class=\"sc_button_title\">Kontakt<\/span><\/span><\/a><a href=\"tel:+902822641676\" class=\"sc_button sc_button_simple button_bg_icon_color sc_button_size_large sc_button_with_icon sc_button_icon_left color_style_dark\" style=\"margin-top: 1px;\" ><span class=\"sc_button_icon\"><span class=\"icon-call\"><\/span><\/span><span class=\"sc_button_text\"><span class=\"sc_button_title\">0282 264 16 76<\/span><\/span><\/a><\/div>\t\t\t\t<\/div>\n\t\t\t\t<\/div>\n\t\t\t\t<div class=\"elementor-element elementor-element-1391c92 sc_height_small sc_layouts_hide_on_tablet sc_fly_static elementor-widget elementor-widget-spacer\" data-id=\"1391c92\" data-element_type=\"widget\" data-e-type=\"widget\" data-widget_type=\"spacer.default\">\n\t\t\t\t<div class=\"elementor-widget-container\">\n\t\t\t\t\t\t\t<div class=\"elementor-spacer\">\n\t\t\t<div class=\"elementor-spacer-inner\"><\/div>\n\t\t<\/div>\n\t\t\t\t\t\t<\/div>\n\t\t\t\t<\/div>\n\t\t\t\t\t<\/div>\n\t\t<\/div>\n\t\t\t\t\t<\/div>\n\t\t<\/section>\n\t\t\t\t<\/div>","protected":false},"excerpt":{"rendered":"<p>KL\u0130N\u0130\u011e\u0130M\u0130Z Klini\u011fimiz Beyaz\u0131t A\u011f\u0131z ve Di\u015f Sa\u011fl\u0131\u011f\u0131 Poliklini\u011fi\u2019nin temelleri 2000 y\u0131l\u0131nda a\u00e7\u0131lan ilk muayenehane ile at\u0131lm\u0131\u015ft\u0131r. 2005 y\u0131l\u0131nda tek \u00fcnitli muayenehanemiz iki \u00fcnitli hale getirilerek dekore edilmi\u015ftir. 2013 y\u0131l\u0131nda iki&hellip;<\/p>","protected":false},"author":1,"featured_media":0,"parent":0,"menu_order":0,"comment_status":"closed","ping_status":"closed","template":"","meta":{"_monsterinsights_skip_tracking":false,"_monsterinsights_sitenote_active":false,"_monsterinsights_sitenote_note":"","_monsterinsights_sitenote_category":0,"footnotes":""},"class_list":["post-18412","page","type-page","status-publish","hentry"],"_links":{"self":[{"href":"https:\/\/beyazitdis.com\/de\/wp-json\/wp\/v2\/pages\/18412","targetHints":{"allow":["GET"]}}],"collection":[{"href":"https:\/\/beyazitdis.com\/de\/wp-json\/wp\/v2\/pages"}],"about":[{"href":"https:\/\/beyazitdis.com\/de\/wp-json\/wp\/v2\/types\/page"}],"author":[{"embeddable":true,"href":"https:\/\/beyazitdis.com\/de\/wp-json\/wp\/v2\/users\/1"}],"replies":[{"embeddable":true,"href":"https:\/\/beyazitdis.com\/de\/wp-json\/wp\/v2\/comments?post=18412"}],"version-history":[{"count":56,"href":"https:\/\/beyazitdis.com\/de\/wp-json\/wp\/v2\/pages\/18412\/revisions"}],"predecessor-version":[{"id":25192,"href":"https:\/\/beyazitdis.com\/de\/wp-json\/wp\/v2\/pages\/18412\/revisions\/25192"}],"wp:attachment":[{"href":"https:\/\/beyazitdis.com\/de\/wp-json\/wp\/v2\/media?parent=18412"}],"curies":[{"name":"wp","href":"https:\/\/api.w.org\/{rel}","templated":true}]}}