{"id":26646,"date":"2026-02-13T17:11:02","date_gmt":"2026-02-13T14:11:02","guid":{"rendered":"https:\/\/beyazitdis.com\/?page_id=26646"},"modified":"2026-03-31T11:53:18","modified_gmt":"2026-03-31T08:53:18","slug":"dt-hazal-arslan-tiryaki","status":"publish","type":"page","link":"https:\/\/beyazitdis.com\/bg\/hekimlerimiz\/dt-hazal-arslan-tiryaki\/","title":{"rendered":"Dt. Hazal Arslan Tiryaki"},"content":{"rendered":"<div data-elementor-type=\"wp-page\" data-elementor-id=\"26646\" class=\"elementor elementor-26646\">\n\t\t\t\t\t\t<section class=\"elementor-section elementor-top-section elementor-element elementor-element-b8b6d4a elementor-section-full_width elementor-section-stretched elementor-section-height-default elementor-section-height-default sc_fly_static\" data-id=\"b8b6d4a\" data-element_type=\"section\" data-e-type=\"section\" data-settings=\"{&quot;background_background&quot;:&quot;classic&quot;,&quot;stretch_section&quot;:&quot;section-stretched&quot;}\">\n\t\t\t\t\t\t\t<div class=\"elementor-background-overlay\"><\/div>\n\t\t\t\t\t\t\t<div class=\"elementor-container elementor-column-gap-extended\">\n\t\t\t\t\t<div class=\"elementor-column elementor-col-100 elementor-top-column elementor-element elementor-element-ef1dcc4 sc_inner_width_none sc_content_align_inherit sc_layouts_column_icons_position_left sc_fly_static\" data-id=\"ef1dcc4\" data-element_type=\"column\" data-e-type=\"column\">\n\t\t\t<div class=\"elementor-widget-wrap elementor-element-populated\">\n\t\t\t\t\t\t<div class=\"elementor-element elementor-element-ce3a1d3 elementor-widget__width-inherit sc_fly_static elementor-widget elementor-widget-heading\" data-id=\"ce3a1d3\" data-element_type=\"widget\" data-e-type=\"widget\" data-widget_type=\"heading.default\">\n\t\t\t\t<div class=\"elementor-widget-container\">\n\t\t\t\t\t<h2 class=\"elementor-heading-title elementor-size-default\">DT. HAZAL ARSLAN T\u0130RYAK\u0130<\/h2>\t\t\t\t<\/div>\n\t\t\t\t<\/div>\n\t\t\t\t\t<\/div>\n\t\t<\/div>\n\t\t\t\t\t<\/div>\n\t\t<\/section>\n\t\t\t\t<section class=\"elementor-section elementor-top-section elementor-element elementor-element-b9bb7e9 elementor-section-boxed elementor-section-height-default elementor-section-height-default sc_fly_static\" data-id=\"b9bb7e9\" data-element_type=\"section\" data-e-type=\"section\">\n\t\t\t\t\t\t<div class=\"elementor-container elementor-column-gap-extended\">\n\t\t\t\t\t<div class=\"elementor-column elementor-col-33 elementor-top-column elementor-element elementor-element-555b4b5 sc_inner_width_none sc_content_align_inherit sc_layouts_column_icons_position_left sc_fly_static\" data-id=\"555b4b5\" data-element_type=\"column\" data-e-type=\"column\">\n\t\t\t<div class=\"elementor-widget-wrap elementor-element-populated\">\n\t\t\t\t\t\t<div class=\"elementor-element elementor-element-bb00fea sc_fly_static elementor-widget elementor-widget-image\" data-id=\"bb00fea\" data-element_type=\"widget\" data-e-type=\"widget\" data-widget_type=\"image.default\">\n\t\t\t\t<div class=\"elementor-widget-container\">\n\t\t\t\t\t\t\t\t\t\t\t\t\t\t\t<img fetchpriority=\"high\" decoding=\"async\" width=\"576\" height=\"1024\" src=\"https:\/\/beyazitdis.com\/wp-content\/uploads\/2026\/02\/hazal-arslan-tiryaki-beyazit-576x1024.webp\" class=\"attachment-large size-large wp-image-26648\" alt=\"\" srcset=\"https:\/\/beyazitdis.com\/wp-content\/uploads\/2026\/02\/hazal-arslan-tiryaki-beyazit-576x1024.webp 576w, https:\/\/beyazitdis.com\/wp-content\/uploads\/2026\/02\/hazal-arslan-tiryaki-beyazit-169x300.webp 169w, https:\/\/beyazitdis.com\/wp-content\/uploads\/2026\/02\/hazal-arslan-tiryaki-beyazit-768x1366.webp 768w, https:\/\/beyazitdis.com\/wp-content\/uploads\/2026\/02\/hazal-arslan-tiryaki-beyazit-864x1536.webp 864w, https:\/\/beyazitdis.com\/wp-content\/uploads\/2026\/02\/hazal-arslan-tiryaki-beyazit-1152x2048.webp 1152w, https:\/\/beyazitdis.com\/wp-content\/uploads\/2026\/02\/hazal-arslan-tiryaki-beyazit-7x12.webp 7w, https:\/\/beyazitdis.com\/wp-content\/uploads\/2026\/02\/hazal-arslan-tiryaki-beyazit-370x658.webp 370w, https:\/\/beyazitdis.com\/wp-content\/uploads\/2026\/02\/hazal-arslan-tiryaki-beyazit-840x1494.webp 840w, https:\/\/beyazitdis.com\/wp-content\/uploads\/2026\/02\/hazal-arslan-tiryaki-beyazit-410x729.webp 410w, https:\/\/beyazitdis.com\/wp-content\/uploads\/2026\/02\/hazal-arslan-tiryaki-beyazit-600x1067.webp 600w, https:\/\/beyazitdis.com\/wp-content\/uploads\/2026\/02\/hazal-arslan-tiryaki-beyazit.webp 1406w\" sizes=\"(max-width: 600px) 100vw, 576px\" \/>\t\t\t\t\t\t\t\t\t\t\t\t\t\t\t<\/div>\n\t\t\t\t<\/div>\n\t\t\t\t\t<\/div>\n\t\t<\/div>\n\t\t\t\t<div class=\"elementor-column elementor-col-66 elementor-top-column elementor-element elementor-element-3b057c1 sc_inner_width_none sc_content_align_inherit sc_layouts_column_icons_position_left sc_fly_static\" data-id=\"3b057c1\" data-element_type=\"column\" data-e-type=\"column\">\n\t\t\t<div class=\"elementor-widget-wrap elementor-element-populated\">\n\t\t\t\t\t\t<div class=\"elementor-element elementor-element-2deb07b sc_fly_static elementor-widget elementor-widget-heading\" data-id=\"2deb07b\" data-element_type=\"widget\" data-e-type=\"widget\" data-widget_type=\"heading.default\">\n\t\t\t\t<div class=\"elementor-widget-container\">\n\t\t\t\t\t<h2 class=\"elementor-heading-title elementor-size-default\">DT. HAZAL ARSLAN T\u0130RYAK\u0130<\/h2>\t\t\t\t<\/div>\n\t\t\t\t<\/div>\n\t\t\t\t<div class=\"elementor-element elementor-element-f0a4d1b sc_fly_static elementor-widget elementor-widget-text-editor\" data-id=\"f0a4d1b\" data-element_type=\"widget\" data-e-type=\"widget\" data-widget_type=\"text-editor.default\">\n\t\t\t\t<div class=\"elementor-widget-container\">\n\t\t\t\t\t\t\t\t\t<p><strong>\u041e\u0440\u0442\u043e\u0434\u043e\u043d\u0442<\/strong><\/p><p>\u0420\u043e\u0434\u0435\u043d\u0430 \u0432 \u043e\u043a\u0440\u044a\u0433 \u041b\u044e\u043b\u0435\u0431\u0443\u0440\u0433\u0430\u0437, \u041a\u0438\u0440\u043a\u043b\u0430\u0440\u0435\u043b\u0438, \u043f\u0440\u0435\u0437 1995 \u0433., \u0434-\u0440 \u0425\u0430\u0437\u0430\u043b \u0410\u0440\u0441\u043b\u0430\u043d \u0422\u0438\u0440\u044f\u043a\u0438 \u0437\u0430\u0432\u044a\u0440\u0448\u0432\u0430 \u043e\u0441\u043d\u043e\u0432\u043d\u043e\u0442\u043e, \u0441\u0440\u0435\u0434\u043d\u043e\u0442\u043e \u0438 \u0433\u0438\u043c\u043d\u0430\u0437\u0438\u0430\u043b\u043d\u043e\u0442\u043e \u0441\u0438 \u043e\u0431\u0440\u0430\u0437\u043e\u0432\u0430\u043d\u0438\u0435 \u0432 \u041b\u044e\u043b\u0435\u0431\u0443\u0440\u0433\u0430\u0437.<\/p><p>\u0417\u0430\u0432\u044a\u0440\u0448\u0432\u0430 \u0431\u0430\u043a\u0430\u043b\u0430\u0432\u044a\u0440\u0441\u043a\u043e\u0442\u043e \u0441\u0438 <strong>\u043e\u0431\u0440\u0430\u0437\u043e\u0432\u0430\u043d\u0438\u0435 \u0432\u044a\u0432 \u0424\u0430\u043a\u0443\u043b\u0442\u0435\u0442\u0430 \u043f\u043e<\/strong>\u0441\u0442\u043e\u043c\u0430\u0442\u043e\u043b\u043e\u0433\u0438\u044f \u043d\u0430 \u0423\u043d\u0438\u0432\u0435\u0440\u0441\u0438\u0442\u0435\u0442\u0430 \u0432 \u041a\u043e\u0434\u0436\u0430\u0435\u043b\u0438 \u043c\u0435\u0436\u0434\u0443 2013 \u0438 2018 \u0433. \u041f\u0440\u0435\u0437 2019 \u0433. \u0441\u0435 \u043a\u043b\u0430\u0441\u0438\u0440\u0430 \u043d\u0430 53-\u0442\u043e \u043c\u044f\u0441\u0442\u043e \u043d\u0430 \u0438\u0437\u043f\u0438\u0442\u0430 \u0437\u0430 <strong>\u0441\u043f\u0435\u0446\u0438\u0430\u043b\u0438\u0437\u0430\u0446\u0438\u044f \u043f\u043e \u0441\u0442\u043e\u043c\u0430\u0442\u043e\u043b\u043e\u0433\u0438\u044f (DUS) \u0438 \u0437\u0430\u043f\u043e\u0447\u0432\u0430 \u0441\u043f\u0435\u0446\u0438\u0430\u043b\u0438\u0437\u0430\u0446\u0438\u044f\u0442\u0430 \u0441\u0438 \u0432\u044a\u0432 \u0424\u0430\u043a\u0443\u043b\u0442\u0435\u0442\u0430 \u043f\u043e<\/strong>\u0441\u0442\u043e\u043c\u0430\u0442\u043e\u043b\u043e\u0433\u0438\u044f \u043d\u0430 \u0423\u043d\u0438\u0432\u0435\u0440\u0441\u0438\u0442\u0435\u0442\u0430 \u0432 \u0422\u0440\u0430\u043a\u0438\u044f, \u041a\u0430\u0442\u0435\u0434\u0440\u0430 \u043f\u043e \u043e\u0440\u0442\u043e\u0434\u043e\u043d\u0442\u0438\u044f. \u0422\u044f \u043f\u043e\u043b\u0443\u0447\u0430\u0432\u0430 \u0437\u0432\u0430\u043d\u0438\u0435\u0442\u043e \u043e\u0440\u0442\u043e\u0434\u043e\u043d\u0442 \u043f\u0440\u0435\u0437 2024 \u0433.<\/p><p>\u041f\u043e \u0432\u0440\u0435\u043c\u0435 \u043d\u0430 \u0441\u043f\u0435\u0446\u0438\u0430\u043b\u0438\u0437\u0430\u0446\u0438\u044f\u0442\u0430 \u0441\u0438 \u0434-\u0440 \u0425\u0430\u0437\u0430\u043b \u0410\u0440\u0441\u043b\u0430\u043d <strong>\u0422\u0438\u0440\u044f\u043a\u0438 \u0432\u044a\u0437\u043f\u0440\u0438\u0435\u043c\u0430<\/strong>, <strong>\u0441\u044a\u0432\u0440\u0435\u043c\u0435\u043d\u043d\u0438 \u043f\u043e\u0434\u0445\u043e\u0434\u0438<\/strong>, <strong>\u0437\u0430 \u043e\u0440\u0442\u043e\u0434\u043e\u043d\u0442\u0441\u043a\u043e \u043b\u0435\u0447\u0435\u043d\u0438\u0435,<\/strong> \u043a\u0430\u0442\u043e \u0441\u0435 <strong>\u0444\u043e\u043a\u0443\u0441\u0438\u0440\u0430 \u043e\u0441\u043e\u0431\u0435\u043d\u043e \u0432\u044a\u0440\u0445\u0443 \u043b\u0435\u0447\u0435\u043d\u0438\u044f<\/strong> \u0441 \u043f\u0440\u043e\u0437\u0440\u0430\u0447\u043d\u0438 \u0430\u043b\u0438\u043d\u0435\u0430\u0440\u0438, \u0441\u043b\u0443\u0447\u0430\u0438 \u043d\u0430 \u0437\u0430\u0441\u0435\u0433\u043d\u0430\u0442\u0438 \u0437\u044a\u0431\u0438, \u0444\u0443\u043d\u043a\u0446\u0438\u043e\u043d\u0430\u043b\u043d\u0438 \u043e\u0440\u0442\u043e\u043f\u0435\u0434\u0438\u0447\u043d\u0438 \u043b\u0435\u0447\u0435\u043d\u0438\u044f \u0438 \u043f\u0440\u0438\u043b\u043e\u0436\u0435\u043d\u0438\u044f \u0441 \u043c\u0438\u043d\u0438 \u0432\u0438\u043d\u0442\u043e\u0432\u0435.<\/p><p>\u041e\u0442 2025 \u0433. <strong>\u043f\u0440\u0438\u0435\u043c\u0430 \u043f\u0430\u0446\u0438\u0435\u043d\u0442\u0438 \u043a\u0430\u0442\u043e \u043e\u0440\u0442\u043e\u0434\u043e\u043d\u0442 \u0432<\/strong>\u043a\u043b\u0438\u043d\u0438\u043a\u0430\u0442\u0430 \u0437\u0430 \u043e\u0440\u0430\u043b\u043d\u043e \u0438 \u0437\u044a\u0431\u043d\u043e \u0437\u0434\u0440\u0430\u0432\u0435 \u201eBeyaz\u0131t\u201c. \u0412\u043b\u0430\u0434\u0435\u0435 \u0434\u043e\u0431\u0440\u0435 \u0430\u043d\u0433\u043b\u0438\u0439\u0441\u043a\u0438 \u0435\u0437\u0438\u043a.<\/p>\t\t\t\t\t\t\t\t<\/div>\n\t\t\t\t<\/div>\n\t\t\t\t<div class=\"elementor-element elementor-element-cee24ef elementor-mobile-align-center sc_fly_static elementor-widget elementor-widget-button\" data-id=\"cee24ef\" data-element_type=\"widget\" data-e-type=\"widget\" data-widget_type=\"button.default\">\n\t\t\t\t<div class=\"elementor-widget-container\">\n\t\t\t\t\t\t\t\t\t<div class=\"elementor-button-wrapper\">\n\t\t\t\t\t<a class=\"elementor-button elementor-button-link elementor-size-lg\" href=\"https:\/\/beyazitdis.com\/bg\/randevu-al\/\">\n\t\t\t\t\t\t<span class=\"elementor-button-content-wrapper\">\n\t\t\t\t\t\t<span class=\"elementor-button-icon\">\n\t\t\t\t<i aria-hidden=\"true\" class=\"fas fa-arrow-right\"><\/i>\t\t\t<\/span>\n\t\t\t\t\t\t\t\t\t<span class=\"elementor-button-text\">\u0417\u0430\u043f\u0430\u0437\u0435\u0442\u0435 \u0447\u0430\u0441<\/span>\n\t\t\t\t\t<\/span>\n\t\t\t\t\t<\/a>\n\t\t\t\t<\/div>\n\t\t\t\t\t\t\t\t<\/div>\n\t\t\t\t<\/div>\n\t\t\t\t\t<\/div>\n\t\t<\/div>\n\t\t\t\t\t<\/div>\n\t\t<\/section>\n\t\t\t\t<\/div>","protected":false},"excerpt":{"rendered":"<p>DT. HAZAL ARSLAN T\u0130RYAK\u0130 DT. HAZAL ARSLAN T\u0130RYAK\u0130 Ortodonti Uzman\u0131 1995 y\u0131l\u0131nda K\u0131rklareli\u2019nin L\u00fcleburgaz il\u00e7esinde do\u011fan Dt. Hazal Arslan Tiryaki, ilk, orta ve lise e\u011fitimini L\u00fcleburgaz\u2019da tamamlam\u0131\u015ft\u0131r. 2013\u20132018 y\u0131llar\u0131 aras\u0131nda&hellip;<\/p>","protected":false},"author":3,"featured_media":0,"parent":24649,"menu_order":0,"comment_status":"closed","ping_status":"closed","template":"elementor_theme","meta":{"_monsterinsights_skip_tracking":false,"_monsterinsights_sitenote_active":false,"_monsterinsights_sitenote_note":"","_monsterinsights_sitenote_category":0,"footnotes":""},"class_list":["post-26646","page","type-page","status-publish","hentry"],"_links":{"self":[{"href":"https:\/\/beyazitdis.com\/bg\/wp-json\/wp\/v2\/pages\/26646","targetHints":{"allow":["GET"]}}],"collection":[{"href":"https:\/\/beyazitdis.com\/bg\/wp-json\/wp\/v2\/pages"}],"about":[{"href":"https:\/\/beyazitdis.com\/bg\/wp-json\/wp\/v2\/types\/page"}],"author":[{"embeddable":true,"href":"https:\/\/beyazitdis.com\/bg\/wp-json\/wp\/v2\/users\/3"}],"replies":[{"embeddable":true,"href":"https:\/\/beyazitdis.com\/bg\/wp-json\/wp\/v2\/comments?post=26646"}],"version-history":[{"count":10,"href":"https:\/\/beyazitdis.com\/bg\/wp-json\/wp\/v2\/pages\/26646\/revisions"}],"predecessor-version":[{"id":26759,"href":"https:\/\/beyazitdis.com\/bg\/wp-json\/wp\/v2\/pages\/26646\/revisions\/26759"}],"up":[{"embeddable":true,"href":"https:\/\/beyazitdis.com\/bg\/wp-json\/wp\/v2\/pages\/24649"}],"wp:attachment":[{"href":"https:\/\/beyazitdis.com\/bg\/wp-json\/wp\/v2\/media?parent=26646"}],"curies":[{"name":"wp","href":"https:\/\/api.w.org\/{rel}","templated":true}]}}