{"id":25986,"date":"2025-12-23T14:42:37","date_gmt":"2025-12-23T11:42:37","guid":{"rendered":"https:\/\/beyazitdis.com\/?page_id=25986"},"modified":"2026-01-13T15:58:48","modified_gmt":"2026-01-13T12:58:48","slug":"kompozit-restorasyonlar-bonding-uygulamalari","status":"publish","type":"page","link":"https:\/\/beyazitdis.com\/bg\/kompozit-restorasyonlar-bonding-uygulamalari\/","title":{"rendered":"\u041a\u043e\u043c\u043f\u043e\u0437\u0438\u0442\u043d\u0438 \u0440\u0435\u0441\u0442\u0430\u0432\u0440\u0430\u0446\u0438\u0438 (\u0411\u043e\u043d\u0434\u0438\u043d\u0433 \u043f\u0440\u0438\u043b\u043e\u0436\u0435\u043d\u0438\u044f)"},"content":{"rendered":"<div data-elementor-type=\"wp-page\" data-elementor-id=\"25986\" class=\"elementor elementor-25986\">\n\t\t\t\t\t\t<section class=\"elementor-section elementor-top-section elementor-element elementor-element-0aa4a35 elementor-section-boxed elementor-section-height-default elementor-section-height-default sc_fly_static\" data-id=\"0aa4a35\" data-element_type=\"section\" data-e-type=\"section\">\n\t\t\t\t\t\t<div class=\"elementor-container elementor-column-gap-extended\">\n\t\t\t\t\t<div class=\"elementor-column elementor-col-50 elementor-top-column elementor-element elementor-element-0d13eac sc_inner_width_none sc_content_align_inherit sc_layouts_column_icons_position_left sc_fly_static\" data-id=\"0d13eac\" data-element_type=\"column\" data-e-type=\"column\">\n\t\t\t<div class=\"elementor-widget-wrap elementor-element-populated\">\n\t\t\t\t\t\t<div class=\"elementor-element elementor-element-80c4286 sc_fly_static elementor-widget elementor-widget-image\" data-id=\"80c4286\" data-element_type=\"widget\" data-e-type=\"widget\" data-widget_type=\"image.default\">\n\t\t\t\t<div class=\"elementor-widget-container\">\n\t\t\t\t\t\t\t\t\t\t\t\t\t\t\t<img fetchpriority=\"high\" decoding=\"async\" width=\"700\" height=\"450\" src=\"https:\/\/beyazitdis.com\/wp-content\/uploads\/2025\/11\/6394-1784-1.jpg\" class=\"attachment-full size-full wp-image-25540\" alt=\"\" srcset=\"https:\/\/beyazitdis.com\/wp-content\/uploads\/2025\/11\/6394-1784-1.jpg 700w, https:\/\/beyazitdis.com\/wp-content\/uploads\/2025\/11\/6394-1784-1-300x193.jpg 300w, https:\/\/beyazitdis.com\/wp-content\/uploads\/2025\/11\/6394-1784-1-18x12.jpg 18w, https:\/\/beyazitdis.com\/wp-content\/uploads\/2025\/11\/6394-1784-1-370x238.jpg 370w, https:\/\/beyazitdis.com\/wp-content\/uploads\/2025\/11\/6394-1784-1-410x264.jpg 410w, https:\/\/beyazitdis.com\/wp-content\/uploads\/2025\/11\/6394-1784-1-600x386.jpg 600w\" sizes=\"(max-width: 700px) 100vw, 700px\" \/>\t\t\t\t\t\t\t\t\t\t\t\t\t\t\t<\/div>\n\t\t\t\t<\/div>\n\t\t\t\t<div class=\"elementor-element elementor-element-a1d484e sc_fly_static elementor-widget elementor-widget-text-editor\" data-id=\"a1d484e\" data-element_type=\"widget\" data-e-type=\"widget\" data-widget_type=\"text-editor.default\">\n\t\t\t\t<div class=\"elementor-widget-container\">\n\t\t\t\t\t\t\t\t\t<h4 data-start=\"186\" data-end=\"236\">\u041a\u043e\u043c\u043f\u043e\u0437\u0438\u0442\u043d\u0438 \u0440\u0435\u0441\u0442\u0430\u0432\u0440\u0430\u0446\u0438\u0438 (\u0411\u043e\u043d\u0434\u0438\u043d\u0433 \u043f\u0440\u0438\u043b\u043e\u0436\u0435\u043d\u0438\u044f)<\/h4><p data-start=\"238\" data-end=\"729\">\u041a\u043e\u043c\u043f\u043e\u0437\u0438\u0442\u043d\u0438\u0442\u0435 \u0440\u0435\u0441\u0442\u0430\u0432\u0440\u0430\u0446\u0438\u0438 \u0441\u0430 \u0435\u0441\u0442\u0435\u0442\u0438\u0447\u0435\u043d \u0438 \u0444\u0443\u043d\u043a\u0446\u0438\u043e\u043d\u0430\u043b\u0435\u043d \u043c\u0435\u0442\u043e\u0434 \u0437\u0430 \u043b\u0435\u0447\u0435\u043d\u0438\u0435, \u043f\u0440\u0438\u043b\u0430\u0433\u0430\u043d \u0437\u0430 \u043e\u0442\u0441\u0442\u0440\u0430\u043d\u044f\u0432\u0430\u043d\u0435 \u043d\u0430 \u043a\u0430\u0440\u0438\u0435\u0441, \u0441\u0447\u0443\u043f\u0432\u0430\u043d\u0438\u044f, \u0438\u0437\u043d\u043e\u0441\u0432\u0430\u043d\u0435 \u0438 \u043d\u0435\u043f\u0440\u0430\u0432\u0438\u043b\u043d\u0430 \u0444\u043e\u0440\u043c\u0430 \u043d\u0430 \u0437\u044a\u0431\u0438\u0442\u0435. \u0411\u043e\u043d\u0434\u0438\u043d\u0433 \u043f\u0440\u0438\u043b\u043e\u0436\u0435\u043d\u0438\u044f\u0442\u0430 \u0441 \u0438\u0437\u043f\u043e\u043b\u0437\u0432\u0430\u043d\u0435 \u043d\u0430 \u043a\u043e\u043c\u043f\u043e\u0437\u0438\u0442\u043d\u0438 \u043c\u0430\u0442\u0435\u0440\u0438\u0430\u043b\u0438 \u0432 \u0446\u0432\u044f\u0442 \u043d\u0430 \u0437\u044a\u0431\u0430 \u0446\u0435\u043b\u044f\u0442 \u0434\u0430 \u0437\u0430\u043f\u0430\u0437\u044f\u0442 \u0435\u0441\u0442\u0435\u0441\u0442\u0432\u0435\u043d\u0438\u044f \u0432\u0438\u0434 \u043d\u0430 \u0437\u044a\u0431\u0438\u0442\u0435. \u0412\u044a\u0437\u043c\u043e\u0436\u043d\u043e\u0441\u0442\u0442\u0430 \u0437\u0430 \u043f\u0440\u0438\u043b\u043e\u0436\u0435\u043d\u0438\u0435 \u0441 \u043c\u0438\u043d\u0438\u043c\u0430\u043b\u043d\u0430 \u0437\u0430\u0433\u0443\u0431\u0430 \u043d\u0430 \u0437\u044a\u0431\u043d\u0430 \u0442\u044a\u043a\u0430\u043d \u043f\u0440\u0430\u0432\u0438 \u0442\u043e\u0437\u0438 \u043c\u0435\u0442\u043e\u0434 \u0435\u0434\u043d\u0430 \u043e\u0442 \u043d\u0430\u0439-\u043f\u0440\u0435\u0434\u043f\u043e\u0447\u0438\u0442\u0430\u043d\u0438\u0442\u0435 \u0432\u044a\u0437\u0441\u0442\u0430\u043d\u043e\u0432\u0438\u0442\u0435\u043b\u043d\u0438 \u043f\u0440\u043e\u0446\u0435\u0434\u0443\u0440\u0438. \u041f\u0440\u043e\u0446\u0435\u0434\u0443\u0440\u0430\u0442\u0430 \u043e\u0431\u0438\u043a\u043d\u043e\u0432\u0435\u043d\u043e \u043c\u043e\u0436\u0435 \u0434\u0430 \u0441\u0435 \u0437\u0430\u0432\u044a\u0440\u0448\u0438 \u0431\u044a\u0440\u0437\u043e \u043f\u043e\u0434 \u043b\u043e\u043a\u0430\u043b\u043d\u0430 \u0430\u043d\u0435\u0441\u0442\u0435\u0437\u0438\u044f \u0432 \u043a\u043b\u0438\u043d\u0438\u0447\u043d\u0430 \u043e\u0431\u0441\u0442\u0430\u043d\u043e\u0432\u043a\u0430.<\/p><h4 data-start=\"731\" data-end=\"765\">\u041a\u0430\u043a\u0432\u043e \u043f\u0440\u0435\u0434\u0441\u0442\u0430\u0432\u043b\u044f\u0432\u0430\u0442 \u043a\u043e\u043c\u043f\u043e\u0437\u0438\u0442\u043d\u0438\u0442\u0435 \u0440\u0435\u0441\u0442\u0430\u0432\u0440\u0430\u0446\u0438\u0438?<\/h4><p data-start=\"767\" data-end=\"1105\">\u041a\u043e\u043c\u043f\u043e\u0437\u0438\u0442\u043d\u0438\u0442\u0435 \u0440\u0435\u0441\u0442\u0430\u0432\u0440\u0430\u0446\u0438\u0438 \u0441\u0430 \u043f\u0440\u043e\u0446\u0435\u0434\u0443\u0440\u0438 \u0437\u0430 \u043f\u043b\u043e\u043c\u0431\u0438\u0440\u0430\u043d\u0435 \u0438 \u043c\u043e\u0434\u0435\u043b\u0438\u0440\u0430\u043d\u0435, \u043f\u0440\u0438 \u043a\u043e\u0438\u0442\u043e \u0441\u0435 \u0438\u0437\u043f\u043e\u043b\u0437\u0432\u0430\u0442 \u043a\u043e\u043c\u043f\u043e\u0437\u0438\u0442\u043d\u0438 \u043c\u0430\u0442\u0435\u0440\u0438\u0430\u043b\u0438, \u0441\u0432\u044a\u0440\u0437\u0430\u043d\u0438 \u0441\u044a\u0441 \u0437\u044a\u0431\u043d\u0430\u0442\u0430 \u0442\u044a\u043a\u0430\u043d \u0447\u0440\u0435\u0437 \u0441\u043f\u0435\u0446\u0438\u0430\u043b\u043d\u0438 \u0430\u0434\u0445\u0435\u0437\u0438\u0432\u043d\u0438 \u0441\u0438\u0441\u0442\u0435\u043c\u0438. \u0422\u0430\u0437\u0438 \u043f\u0440\u043e\u0446\u0435\u0434\u0443\u0440\u0430 \u0432\u044a\u0437\u0441\u0442\u0430\u043d\u043e\u0432\u044f\u0432\u0430 \u0444\u043e\u0440\u043c\u0430\u0442\u0430, \u0446\u0432\u0435\u0442\u0430 \u0438 \u0444\u0443\u043d\u043a\u0446\u0438\u044f\u0442\u0430 \u043d\u0430 \u0437\u044a\u0431\u0438\u0442\u0435 \u0432 \u0441\u044a\u043e\u0442\u0432\u0435\u0442\u0441\u0442\u0432\u0438\u0435 \u0441 \u0442\u044f\u0445\u043d\u0430\u0442\u0430 \u0435\u0441\u0442\u0435\u0441\u0442\u0432\u0435\u043d\u0430 \u0441\u0442\u0440\u0443\u043a\u0442\u0443\u0440\u0430. \u0422\u043e\u0432\u0430 \u0435 \u0435\u0441\u0442\u0435\u0442\u0438\u0447\u043d\u0430 \u043e\u043f\u0446\u0438\u044f \u0437\u0430 \u0440\u0435\u0441\u0442\u0430\u0432\u0440\u0430\u0446\u0438\u044f, \u043a\u043e\u044f\u0442\u043e \u043c\u043e\u0436\u0435 \u0434\u0430 \u0441\u0435 \u0438\u0437\u043f\u043e\u043b\u0437\u0432\u0430 \u0431\u0435\u0437\u043e\u043f\u0430\u0441\u043d\u043e \u043a\u0430\u043a\u0442\u043e \u0437\u0430 \u043f\u0440\u0435\u0434\u043d\u0438\u0442\u0435, \u0442\u0430\u043a\u0430 \u0438 \u0437\u0430 \u0437\u0430\u0434\u043d\u0438\u0442\u0435 \u0437\u044a\u0431\u0438.<\/p><h4 data-start=\"1107\" data-end=\"1160\">\u0412 \u043a\u043e\u0438 \u0441\u043b\u0443\u0447\u0430\u0438 \u0441\u0435 \u043f\u0440\u0438\u043b\u0430\u0433\u0430\u0442 \u0431\u043e\u043d\u0434\u0438\u043d\u0433 \u043f\u0440\u0438\u043b\u043e\u0436\u0435\u043d\u0438\u044f?<\/h4><p data-start=\"1162\" data-end=\"1439\">\u0411\u043e\u043d\u0434\u0438\u043d\u0433 \u043f\u0440\u0438\u043b\u043e\u0436\u0435\u043d\u0438\u044f\u0442\u0430 \u0441\u0435 \u0438\u0437\u043f\u043e\u043b\u0437\u0432\u0430\u0442 \u0437\u0430 \u043b\u0435\u0447\u0435\u043d\u0438\u0435 \u043d\u0430 \u043a\u0430\u0440\u0438\u0435\u0441\u0438, \u0432\u044a\u0437\u0441\u0442\u0430\u043d\u043e\u0432\u044f\u0432\u0430\u043d\u0435 \u043d\u0430 \u0441\u0447\u0443\u043f\u0435\u043d\u0438 \u0438\u043b\u0438 \u043d\u0430\u043f\u0443\u043a\u0430\u043d\u0438 \u0437\u044a\u0431\u0438, \u0437\u0430\u0442\u0432\u0430\u0440\u044f\u043d\u0435 \u043d\u0430 \u043c\u0435\u0436\u0434\u0443\u043f\u0440\u043e\u0437\u043e\u0440\u0446\u0438 \u043c\u0435\u0436\u0434\u0443 \u0437\u044a\u0431\u0438\u0442\u0435 \u0438 \u043a\u043e\u0440\u0435\u043a\u0446\u0438\u044f \u043d\u0430 \u0435\u0441\u0442\u0435\u0442\u0438\u0447\u0435\u0441\u043a\u0438 \u043f\u0440\u043e\u0431\u043b\u0435\u043c\u0438 \u0441 \u0446\u0432\u0435\u0442\u0430 \u043d\u0430 \u0437\u044a\u0431\u0438\u0442\u0435. \u0422\u0435 \u0441\u044a\u0449\u043e \u0441\u0435 \u043f\u0440\u0435\u0434\u043f\u043e\u0447\u0438\u0442\u0430\u0442 \u0437\u0430 \u043a\u043e\u0440\u0435\u043a\u0446\u0438\u044f \u043d\u0430 \u0440\u0430\u0437\u043c\u0435\u0440\u043d\u0438 \u0438 \u0444\u043e\u0440\u043c\u043e\u0432\u0438 \u043d\u0435\u0441\u044a\u0432\u044a\u0440\u0448\u0435\u043d\u0441\u0442\u0432\u0430 \u043d\u0430 \u0437\u044a\u0431\u0438\u0442\u0435.<\/p><h4 data-start=\"1441\" data-end=\"1505\">\u0412\u0430\u0436\u043d\u0438 \u043d\u0435\u0449\u0430 \u043f\u0440\u0435\u0434\u0438 \u043a\u043e\u043c\u043f\u043e\u0437\u0438\u0442\u043d\u0438 \u0440\u0435\u0441\u0442\u0430\u0432\u0440\u0430\u0446\u0438\u0438<\/h4><p data-start=\"1507\" data-end=\"1804\">\u041f\u0440\u0435\u0434\u0438 \u043b\u0435\u0447\u0435\u043d\u0438\u0435\u0442\u043e \u0437\u044a\u0431\u0438\u0442\u0435 \u0438 \u0432\u0435\u043d\u0446\u0438\u0442\u0435 \u0442\u0440\u044f\u0431\u0432\u0430 \u0434\u0430 \u0441\u0430 \u0437\u0434\u0440\u0430\u0432\u0438. \u0422\u0440\u044f\u0431\u0432\u0430 \u0434\u0430 \u0441\u0435 \u0438\u0437\u0432\u044a\u0440\u0448\u0438 \u0432\u044a\u0442\u0440\u0435\u0448\u043d\u043e\u043e\u0440\u0430\u043b\u043d\u043e \u0438\u0437\u0441\u043b\u0435\u0434\u0432\u0430\u043d\u0435, \u0437\u0430 \u0434\u0430 \u0441\u0435 \u043e\u0446\u0435\u043d\u0438 \u043d\u0430\u043b\u0438\u0447\u0438\u0435\u0442\u043e \u043d\u0430 \u043a\u0430\u0440\u0438\u0435\u0441, \u0438\u043d\u0444\u0435\u043a\u0446\u0438\u0438 \u0438\u043b\u0438 \u0437\u0430\u0431\u043e\u043b\u044f\u0432\u0430\u043d\u0435 \u043d\u0430 \u0432\u0435\u043d\u0446\u0438\u0442\u0435. \u041e\u0441\u0438\u0433\u0443\u0440\u044f\u0432\u0430\u043d\u0435\u0442\u043e \u043d\u0430 \u0443\u0441\u0442\u043d\u0430 \u0445\u0438\u0433\u0438\u0435\u043d\u0430 \u043f\u0440\u0435\u0434\u0438 \u043f\u0440\u043e\u0446\u0435\u0434\u0443\u0440\u0430\u0442\u0430, \u0432\u043a\u043b\u044e\u0447\u0438\u0442\u0435\u043b\u043d\u043e \u043c\u0438\u0435\u043d\u0435 \u043d\u0430 \u0437\u044a\u0431\u0438\u0442\u0435 \u0438 \u0438\u0437\u043f\u043e\u043b\u0437\u0432\u0430\u043d\u0435 \u043d\u0430 \u0430\u043d\u0442\u0438\u0441\u0435\u043f\u0442\u0438\u0447\u0435\u043d \u0432\u043e\u0434\u0430 \u0437\u0430 \u0443\u0441\u0442\u0430, \u0443\u0432\u0435\u043b\u0438\u0447\u0430\u0432\u0430 \u0443\u0441\u043f\u0435\u0445\u0430 \u043d\u0430 \u043b\u0435\u0447\u0435\u043d\u0438\u0435\u0442\u043e.<\/p><h4 data-start=\"1806\" data-end=\"1868\">\u0412\u0430\u0436\u043d\u0438 \u043d\u0435\u0449\u0430 \u0441\u043b\u0435\u0434 \u043a\u043e\u043c\u043f\u043e\u0437\u0438\u0442\u043d\u0438 \u0440\u0435\u0441\u0442\u0430\u0432\u0440\u0430\u0446\u0438\u0438<\/h4><p data-start=\"1870\" data-end=\"2182\">\u0421\u043b\u0435\u0434 \u043f\u0440\u043e\u0446\u0435\u0434\u0443\u0440\u0430\u0442\u0430 \u0441\u0435 \u043f\u0440\u0435\u043f\u043e\u0440\u044a\u0447\u0432\u0430 \u0434\u0430 \u0441\u0435 \u0438\u0437\u0431\u044f\u0433\u0432\u0430\u0442 \u0442\u0432\u044a\u0440\u0434\u0438 \u0445\u0440\u0430\u043d\u0438 \u0438 \u043d\u0430\u043f\u0438\u0442\u043a\u0438, \u043a\u043e\u0438\u0442\u043e \u043c\u043e\u0433\u0430\u0442 \u0434\u0430 \u043f\u0440\u0438\u0447\u0438\u043d\u044f\u0442 \u043e\u0431\u0435\u0437\u0446\u0432\u0435\u0442\u044f\u0432\u0430\u043d\u0435, \u043f\u0440\u0435\u0437 \u043f\u044a\u0440\u0432\u0438\u0442\u0435 \u043d\u044f\u043a\u043e\u043b\u043a\u043e \u0447\u0430\u0441\u0430. \u0422\u0440\u044f\u0431\u0432\u0430 \u0434\u0430 \u0441\u0435 \u043f\u043e\u0434\u0434\u044a\u0440\u0436\u0430 \u0443\u0441\u0442\u043d\u0430 \u0445\u0438\u0433\u0438\u0435\u043d\u0430, \u043a\u0430\u0442\u043e \u0440\u0435\u0434\u043e\u0432\u043d\u043e\u0442\u043e \u043c\u0438\u0435\u043d\u0435 \u043d\u0430 \u0437\u044a\u0431\u0438\u0442\u0435 \u0438 \u0438\u0437\u043f\u043e\u043b\u0437\u0432\u0430\u043d\u0435\u0442\u043e \u043d\u0430 \u043a\u043e\u043d\u0435\u0446 \u0437\u0430 \u0437\u044a\u0431\u0438 \u043d\u0435 \u0442\u0440\u044f\u0431\u0432\u0430 \u0434\u0430 \u0441\u0435 \u043f\u0440\u0435\u043d\u0435\u0431\u0440\u0435\u0433\u0432\u0430. \u041f\u043e\u0441\u0435\u0449\u0435\u043d\u0438\u0435\u0442\u043e \u043d\u0430 \u043a\u043e\u043d\u0442\u0440\u043e\u043b\u043d\u0438 \u043f\u0440\u0435\u0433\u043b\u0435\u0434\u0438 \u0435 \u0432\u0430\u0436\u043d\u043e \u0437\u0430 \u0434\u044a\u043b\u0433\u043e\u0442\u0440\u0430\u0439\u043d\u043e\u0441\u0442\u0442\u0430 \u043d\u0430 \u0440\u0435\u0441\u0442\u0430\u0432\u0440\u0430\u0446\u0438\u044f\u0442\u0430.<\/p>\t\t\t\t\t\t\t\t<\/div>\n\t\t\t\t<\/div>\n\t\t\t\t\t<\/div>\n\t\t<\/div>\n\t\t\t\t<div class=\"elementor-column elementor-col-50 elementor-top-column elementor-element elementor-element-d7f3ca8 sc_fly_tr sc_inner_width_none sc_content_align_inherit sc_layouts_column_icons_position_left\" data-id=\"d7f3ca8\" data-element_type=\"column\" data-e-type=\"column\" data-settings=\"{&quot;background_background&quot;:&quot;classic&quot;}\">\n\t\t\t<div class=\"elementor-widget-wrap elementor-element-populated\">\n\t\t\t\t\t\t<div class=\"elementor-element elementor-element-20b2233 sc_fly_static elementor-widget elementor-widget-trx_sc_contact_form_7\" data-id=\"20b2233\" data-element_type=\"widget\" data-e-type=\"widget\" data-widget_type=\"trx_sc_contact_form_7.default\">\n\t\t\t\t<div class=\"elementor-widget-container\">\n\t\t\t\t\t\n<div class=\"wpcf7 no-js\" id=\"wpcf7-f1413-o1\" lang=\"en-US\" dir=\"ltr\" data-wpcf7-id=\"1413\">\n<div class=\"screen-reader-response\"><p role=\"status\" aria-live=\"polite\" aria-atomic=\"true\"><\/p> <ul><\/ul><\/div>\n<form action=\"\/bg\/wp-json\/wp\/v2\/pages\/25986#wpcf7-f1413-o1\" method=\"post\" class=\"wpcf7-form init\" aria-label=\"Contact form\" novalidate=\"novalidate\" data-status=\"init\" data-trp-original-action=\"\/bg\/wp-json\/wp\/v2\/pages\/25986#wpcf7-f1413-o1\">\n<fieldset class=\"hidden-fields-container\"><input type=\"hidden\" name=\"_wpcf7\" value=\"1413\" \/><input type=\"hidden\" name=\"_wpcf7_version\" value=\"6.1.5\" \/><input type=\"hidden\" name=\"_wpcf7_locale\" value=\"en_US\" \/><input type=\"hidden\" name=\"_wpcf7_unit_tag\" value=\"wpcf7-f1413-o1\" \/><input type=\"hidden\" name=\"_wpcf7_container_post\" value=\"0\" \/><input type=\"hidden\" name=\"_wpcf7_posted_data_hash\" value=\"\" \/>\n<\/fieldset>\n<div class=\"form-style-7\">\n\t<div class=\"columns_wrap\">\n\t\t<div class=\"column-1_1\">\n\t\t\t<p><span class=\"style-line icon-name\"><span class=\"wpcf7-form-control-wrap\" data-name=\"your-name\"><input size=\"40\" maxlength=\"400\" class=\"wpcf7-form-control wpcf7-text wpcf7-validates-as-required\" aria-required=\"true\" aria-invalid=\"false\" placeholder=\"\u0418\u043c\u0435 \u0438 \u0444\u0430\u043c\u0438\u043b\u0438\u044f\" value=\"\" type=\"text\" name=\"your-name\" \/><\/span><\/span>\n\t\t\t<\/p>\n\t\t<\/div>\n\t\t<div class=\"column-1_1\">\n\t\t\t<p><span class=\"style-line icon-phone\"><span class=\"wpcf7-form-control-wrap\" data-name=\"phone\"><input size=\"40\" maxlength=\"400\" class=\"wpcf7-form-control wpcf7-tel wpcf7-validates-as-required wpcf7-text wpcf7-validates-as-tel\" aria-required=\"true\" aria-invalid=\"false\" placeholder=\"\u0422\u0435\u043b\u0435\u0444\u043e\u043d\" value=\"\" type=\"tel\" name=\"phone\" \/><\/span><\/span>\n\t\t\t<\/p>\n\t\t<\/div>\n\t\t<div class=\"column-1_1\">\n\t\t\t<p><span class=\"style-line icon-email\"><span class=\"wpcf7-form-control-wrap\" data-name=\"your-email\"><input size=\"40\" maxlength=\"400\" class=\"wpcf7-form-control wpcf7-email wpcf7-validates-as-required wpcf7-text wpcf7-validates-as-email\" aria-required=\"true\" aria-invalid=\"false\" placeholder=\"\u0418\u043c\u0435\u0439\u043b\" value=\"\" type=\"email\" name=\"your-email\" \/><\/span><\/span>\n\t\t\t<\/p>\n\t\t<\/div>\n\t<\/div>\n\t<div class=\"columns_wrap margin-bottom\">\n\t\t<div class=\"column-1_1\">\n\t\t\t<p><span class=\"style-line icon-textarea\"><span class=\"wpcf7-form-control-wrap\" data-name=\"your-message\"><textarea cols=\"40\" rows=\"10\" maxlength=\"2000\" class=\"wpcf7-form-control wpcf7-textarea wpcf7-validates-as-required\" aria-required=\"true\" aria-invalid=\"false\" placeholder=\"\u0412\u0430\u0448\u0435\u0442\u043e \u0441\u044a\u043e\u0431\u0449\u0435\u043d\u0438\u0435\" name=\"your-message\"><\/textarea><\/span><\/span>\n\t\t\t<\/p>\n\t\t<\/div>\n\t<\/div>\n\t<p><input class=\"wpcf7-form-control wpcf7-submit has-spinner\" type=\"submit\" value=\"\u0418\u0437\u043f\u0440\u0430\u0442\u0438\" \/>\n\t<\/p>\n<\/div><div class=\"wpcf7-response-output\" aria-hidden=\"true\"><\/div>\n<input type=\"hidden\" name=\"trp-form-language\" value=\"bg\"\/><\/form>\n<\/div>\n\t\t\t\t<\/div>\n\t\t\t\t<\/div>\n\t\t\t\t<div class=\"elementor-element elementor-element-cd93f30 elementor-position-inline-start elementor-view-default elementor-mobile-position-block-start sc_fly_static elementor-widget elementor-widget-icon-box\" data-id=\"cd93f30\" data-element_type=\"widget\" data-e-type=\"widget\" data-widget_type=\"icon-box.default\">\n\t\t\t\t<div class=\"elementor-widget-container\">\n\t\t\t\t\t\t\t<div class=\"elementor-icon-box-wrapper\">\n\n\t\t\t\t\t\t<div class=\"elementor-icon-box-icon\">\n\t\t\t\t<span  class=\"elementor-icon\">\n\t\t\t\t<i aria-hidden=\"true\" class=\"fas fa-map-marked\"><\/i>\t\t\t\t<\/span>\n\t\t\t<\/div>\n\t\t\t\n\t\t\t\t\t\t<div class=\"elementor-icon-box-content\">\n\n\t\t\t\t\n\t\t\t\t\t\t\t\t\t<p class=\"elementor-icon-box-description\">\n\t\t\t\t\t\tCumhuriyet Mh. B\u00fc\u015fra Sk. No: 18\/20 (Ozan Plaza) S\u00fcleymanpa\u015fa\/TEK\u0130RDA\u011e\t\t\t\t\t<\/p>\n\t\t\t\t\n\t\t\t<\/div>\n\t\t\t\n\t\t<\/div>\n\t\t\t\t\t\t<\/div>\n\t\t\t\t<\/div>\n\t\t\t\t<div class=\"elementor-element elementor-element-20103d4 elementor-position-inline-start elementor-view-default elementor-mobile-position-block-start sc_fly_static elementor-widget elementor-widget-icon-box\" data-id=\"20103d4\" data-element_type=\"widget\" data-e-type=\"widget\" data-widget_type=\"icon-box.default\">\n\t\t\t\t<div class=\"elementor-widget-container\">\n\t\t\t\t\t\t\t<div class=\"elementor-icon-box-wrapper\">\n\n\t\t\t\t\t\t<div class=\"elementor-icon-box-icon\">\n\t\t\t\t<a href=\"mailto:info@beyazitdis.com\" class=\"elementor-icon\" tabindex=\"-1\">\n\t\t\t\t<i aria-hidden=\"true\" class=\"fas fa-envelope\"><\/i>\t\t\t\t<\/a>\n\t\t\t<\/div>\n\t\t\t\n\t\t\t\t\t\t<div class=\"elementor-icon-box-content\">\n\n\t\t\t\t\n\t\t\t\t\t\t\t\t\t<p class=\"elementor-icon-box-description\">\n\t\t\t\t\t\tinfo@beyazitdis.com\t\t\t\t\t<\/p>\n\t\t\t\t\n\t\t\t<\/div>\n\t\t\t\n\t\t<\/div>\n\t\t\t\t\t\t<\/div>\n\t\t\t\t<\/div>\n\t\t\t\t<div class=\"elementor-element elementor-element-f864601 elementor-position-inline-start elementor-view-default elementor-mobile-position-block-start sc_fly_static elementor-widget elementor-widget-icon-box\" data-id=\"f864601\" data-element_type=\"widget\" data-e-type=\"widget\" data-widget_type=\"icon-box.default\">\n\t\t\t\t<div class=\"elementor-widget-container\">\n\t\t\t\t\t\t\t<div class=\"elementor-icon-box-wrapper\">\n\n\t\t\t\t\t\t<div class=\"elementor-icon-box-icon\">\n\t\t\t\t<a href=\"tel:0282%20264%2016%2076\" class=\"elementor-icon\" tabindex=\"-1\">\n\t\t\t\t<i aria-hidden=\"true\" class=\"fas fa-phone-alt\"><\/i>\t\t\t\t<\/a>\n\t\t\t<\/div>\n\t\t\t\n\t\t\t\t\t\t<div class=\"elementor-icon-box-content\">\n\n\t\t\t\t\n\t\t\t\t\t\t\t\t\t<p class=\"elementor-icon-box-description\">\n\t\t\t\t\t\t0282 264 16 76\t\t\t\t\t<\/p>\n\t\t\t\t\n\t\t\t<\/div>\n\t\t\t\n\t\t<\/div>\n\t\t\t\t\t\t<\/div>\n\t\t\t\t<\/div>\n\t\t\t\t\t<\/div>\n\t\t<\/div>\n\t\t\t\t\t<\/div>\n\t\t<\/section>\n\t\t\t\t<\/div>","protected":false},"excerpt":{"rendered":"<p>Kompozit Restorasyonlar (Bonding Uygulamalar\u0131) Kompozit restorasyonlar, di\u015flerdeki \u00e7\u00fcr\u00fck, k\u0131r\u0131k, a\u015f\u0131nma ve \u015fekil bozukluklar\u0131n\u0131n giderilmesi amac\u0131yla uygulanan estetik ve fonksiyonel bir tedavi y\u00f6ntemidir. Di\u015f renginde kompozit materyaller kullan\u0131larak yap\u0131lan bonding uygulamalar\u0131,&hellip;<\/p>","protected":false},"author":4,"featured_media":0,"parent":0,"menu_order":0,"comment_status":"closed","ping_status":"closed","template":"elementor_header_footer","meta":{"_monsterinsights_skip_tracking":false,"_monsterinsights_sitenote_active":false,"_monsterinsights_sitenote_note":"","_monsterinsights_sitenote_category":0,"footnotes":""},"class_list":["post-25986","page","type-page","status-publish","hentry"],"_links":{"self":[{"href":"https:\/\/beyazitdis.com\/bg\/wp-json\/wp\/v2\/pages\/25986","targetHints":{"allow":["GET"]}}],"collection":[{"href":"https:\/\/beyazitdis.com\/bg\/wp-json\/wp\/v2\/pages"}],"about":[{"href":"https:\/\/beyazitdis.com\/bg\/wp-json\/wp\/v2\/types\/page"}],"author":[{"embeddable":true,"href":"https:\/\/beyazitdis.com\/bg\/wp-json\/wp\/v2\/users\/4"}],"replies":[{"embeddable":true,"href":"https:\/\/beyazitdis.com\/bg\/wp-json\/wp\/v2\/comments?post=25986"}],"version-history":[{"count":8,"href":"https:\/\/beyazitdis.com\/bg\/wp-json\/wp\/v2\/pages\/25986\/revisions"}],"predecessor-version":[{"id":26385,"href":"https:\/\/beyazitdis.com\/bg\/wp-json\/wp\/v2\/pages\/25986\/revisions\/26385"}],"wp:attachment":[{"href":"https:\/\/beyazitdis.com\/bg\/wp-json\/wp\/v2\/media?parent=25986"}],"curies":[{"name":"wp","href":"https:\/\/api.w.org\/{rel}","templated":true}]}}