{"id":25396,"date":"2025-11-19T11:35:24","date_gmt":"2025-11-19T08:35:24","guid":{"rendered":"https:\/\/beyazitdis.com\/?page_id=25396"},"modified":"2026-03-31T11:52:11","modified_gmt":"2026-03-31T08:52:11","slug":"dt-gulsah-duran","status":"publish","type":"page","link":"https:\/\/beyazitdis.com\/bg\/hekimlerimiz\/dt-gulsah-duran\/","title":{"rendered":"Dt. G\u00fcl\u015fah Duran"},"content":{"rendered":"<div data-elementor-type=\"wp-page\" data-elementor-id=\"25396\" class=\"elementor elementor-25396\">\n\t\t\t\t\t\t<section class=\"elementor-section elementor-top-section elementor-element elementor-element-b8b6d4a elementor-section-full_width elementor-section-stretched elementor-section-height-default elementor-section-height-default sc_fly_static\" data-id=\"b8b6d4a\" data-element_type=\"section\" data-e-type=\"section\" data-settings=\"{&quot;background_background&quot;:&quot;classic&quot;,&quot;stretch_section&quot;:&quot;section-stretched&quot;}\">\n\t\t\t\t\t\t\t<div class=\"elementor-background-overlay\"><\/div>\n\t\t\t\t\t\t\t<div class=\"elementor-container elementor-column-gap-extended\">\n\t\t\t\t\t<div class=\"elementor-column elementor-col-100 elementor-top-column elementor-element elementor-element-ef1dcc4 sc_inner_width_none sc_content_align_inherit sc_layouts_column_icons_position_left sc_fly_static\" data-id=\"ef1dcc4\" data-element_type=\"column\" data-e-type=\"column\">\n\t\t\t<div class=\"elementor-widget-wrap elementor-element-populated\">\n\t\t\t\t\t\t<div class=\"elementor-element elementor-element-ce3a1d3 elementor-widget__width-inherit sc_fly_static elementor-widget elementor-widget-heading\" data-id=\"ce3a1d3\" data-element_type=\"widget\" data-e-type=\"widget\" data-widget_type=\"heading.default\">\n\t\t\t\t<div class=\"elementor-widget-container\">\n\t\t\t\t\t<h2 class=\"elementor-heading-title elementor-size-default\">DT. G\u00dcL\u015eAH DURAN<\/h2>\t\t\t\t<\/div>\n\t\t\t\t<\/div>\n\t\t\t\t\t<\/div>\n\t\t<\/div>\n\t\t\t\t\t<\/div>\n\t\t<\/section>\n\t\t\t\t<section class=\"elementor-section elementor-top-section elementor-element elementor-element-b9bb7e9 elementor-section-boxed elementor-section-height-default elementor-section-height-default sc_fly_static\" data-id=\"b9bb7e9\" data-element_type=\"section\" data-e-type=\"section\">\n\t\t\t\t\t\t<div class=\"elementor-container elementor-column-gap-extended\">\n\t\t\t\t\t<div class=\"elementor-column elementor-col-33 elementor-top-column elementor-element elementor-element-555b4b5 sc_inner_width_none sc_content_align_inherit sc_layouts_column_icons_position_left sc_fly_static\" data-id=\"555b4b5\" data-element_type=\"column\" data-e-type=\"column\">\n\t\t\t<div class=\"elementor-widget-wrap elementor-element-populated\">\n\t\t\t\t\t\t<div class=\"elementor-element elementor-element-bb00fea sc_fly_static elementor-widget elementor-widget-image\" data-id=\"bb00fea\" data-element_type=\"widget\" data-e-type=\"widget\" data-widget_type=\"image.default\">\n\t\t\t\t<div class=\"elementor-widget-container\">\n\t\t\t\t\t\t\t\t\t\t\t\t\t\t\t<img fetchpriority=\"high\" decoding=\"async\" width=\"576\" height=\"1024\" src=\"https:\/\/beyazitdis.com\/wp-content\/uploads\/2026\/01\/Web-Sitesi-Ekibimiz-_66_-576x1024.webp\" class=\"attachment-large size-large wp-image-26447\" alt=\"\" srcset=\"https:\/\/beyazitdis.com\/wp-content\/uploads\/2026\/01\/Web-Sitesi-Ekibimiz-_66_-576x1024.webp 576w, https:\/\/beyazitdis.com\/wp-content\/uploads\/2026\/01\/Web-Sitesi-Ekibimiz-_66_-169x300.webp 169w, https:\/\/beyazitdis.com\/wp-content\/uploads\/2026\/01\/Web-Sitesi-Ekibimiz-_66_-768x1366.webp 768w, https:\/\/beyazitdis.com\/wp-content\/uploads\/2026\/01\/Web-Sitesi-Ekibimiz-_66_-864x1536.webp 864w, https:\/\/beyazitdis.com\/wp-content\/uploads\/2026\/01\/Web-Sitesi-Ekibimiz-_66_-1152x2048.webp 1152w, https:\/\/beyazitdis.com\/wp-content\/uploads\/2026\/01\/Web-Sitesi-Ekibimiz-_66_-7x12.webp 7w, https:\/\/beyazitdis.com\/wp-content\/uploads\/2026\/01\/Web-Sitesi-Ekibimiz-_66_-370x658.webp 370w, https:\/\/beyazitdis.com\/wp-content\/uploads\/2026\/01\/Web-Sitesi-Ekibimiz-_66_-840x1494.webp 840w, https:\/\/beyazitdis.com\/wp-content\/uploads\/2026\/01\/Web-Sitesi-Ekibimiz-_66_-410x729.webp 410w, https:\/\/beyazitdis.com\/wp-content\/uploads\/2026\/01\/Web-Sitesi-Ekibimiz-_66_-600x1067.webp 600w, https:\/\/beyazitdis.com\/wp-content\/uploads\/2026\/01\/Web-Sitesi-Ekibimiz-_66_.webp 1406w\" sizes=\"(max-width: 600px) 100vw, 576px\" \/>\t\t\t\t\t\t\t\t\t\t\t\t\t\t\t<\/div>\n\t\t\t\t<\/div>\n\t\t\t\t\t<\/div>\n\t\t<\/div>\n\t\t\t\t<div class=\"elementor-column elementor-col-66 elementor-top-column elementor-element elementor-element-3b057c1 sc_inner_width_none sc_content_align_inherit sc_layouts_column_icons_position_left sc_fly_static\" data-id=\"3b057c1\" data-element_type=\"column\" data-e-type=\"column\">\n\t\t\t<div class=\"elementor-widget-wrap elementor-element-populated\">\n\t\t\t\t\t\t<div class=\"elementor-element elementor-element-2deb07b sc_fly_static elementor-widget elementor-widget-heading\" data-id=\"2deb07b\" data-element_type=\"widget\" data-e-type=\"widget\" data-widget_type=\"heading.default\">\n\t\t\t\t<div class=\"elementor-widget-container\">\n\t\t\t\t\t<h2 class=\"elementor-heading-title elementor-size-default\">DT. G\u00dcL\u015eAH DURAN<\/h2>\t\t\t\t<\/div>\n\t\t\t\t<\/div>\n\t\t\t\t<div class=\"elementor-element elementor-element-f0a4d1b sc_fly_static elementor-widget elementor-widget-text-editor\" data-id=\"f0a4d1b\" data-element_type=\"widget\" data-e-type=\"widget\" data-widget_type=\"text-editor.default\">\n\t\t\t\t<div class=\"elementor-widget-container\">\n\t\t\t\t\t\t\t\t\t<p>\u00a0<\/p><p>\u0420\u043e\u0434\u0435\u043d\u0430 \u0435 \u0432 \u0427\u0430\u043d\u0430\u043a\u043a\u0430\u043b\u0435 \u043f\u0440\u0435\u0437 1997 \u0433. \u0417\u0430\u0432\u044a\u0440\u0448\u0438\u043b\u0430 \u0435 \u0441\u0440\u0435\u0434\u043d\u043e\u0442\u043e \u0441\u0438 \u043e\u0431\u0440\u0430\u0437\u043e\u0432\u0430\u043d\u0438\u0435 \u0432 \u043d\u0430\u0443\u0447\u043d\u0430\u0442\u0430 \u0433\u0438\u043c\u043d\u0430\u0437\u0438\u044f \u201e\u0420\u0430\u043c\u0430\u0437\u0430\u043d \u042f\u043c\u0430\u043d\u201c \u0432 \u041b\u044e\u043b\u0435\u0431\u0443\u0440\u0433\u0430\u0437. \u041f\u0440\u0435\u0437 2020 \u0433. \u0441\u0435 \u0434\u0438\u043f\u043b\u043e\u043c\u0438\u0440\u0430 \u0432 \u043a\u0430\u0442\u0435\u0434\u0440\u0430 \u201e\u0421\u0442\u043e\u043c\u0430\u0442\u043e\u043b\u043e\u0433\u0438\u044f\u201c \u043d\u0430 \u0423\u043d\u0438\u0432\u0435\u0440\u0441\u0438\u0442\u0435\u0442\u0430 \u201e\u0410\u0439\u0434\u044a\u043d \u0410\u0434\u043d\u0430\u043d \u041c\u0435\u043d\u0434\u0435\u0440\u0435\u0441\u201c. \u041f\u043e \u0432\u0440\u0435\u043c\u0435 \u043d\u0430 \u043e\u0431\u0443\u0447\u0435\u043d\u0438\u0435\u0442\u043e \u0441\u0438 \u0443\u0447\u0430\u0441\u0442\u0432\u0430 \u0432 \u0440\u0430\u0437\u043b\u0438\u0447\u043d\u0438 \u0441\u0435\u043c\u0438\u043d\u0430\u0440\u0438 \u0438 \u043a\u043e\u043d\u0444\u0435\u0440\u0435\u043d\u0446\u0438\u0438.<\/p><p>\u0421\u043b\u0435\u0434 \u043a\u0430\u0442\u043e \u0441\u0435 \u0434\u0438\u043f\u043b\u043e\u043c\u0438\u0440\u0430, \u0442\u044f \u0440\u0430\u0431\u043e\u0442\u0438 \u0432 \u0447\u0430\u0441\u0442\u043d\u0430 \u043a\u043b\u0438\u043d\u0438\u043a\u0430 \u0438 \u043b\u0435\u043a\u0430\u0440\u0441\u043a\u0438 \u043a\u0430\u0431\u0438\u043d\u0435\u0442. \u041e\u0442 2025 \u0433. \u043f\u0440\u0438\u0435\u043c\u0430 \u043f\u0430\u0446\u0438\u0435\u043d\u0442\u0438 \u0432 \u0447\u0430\u0441\u0442\u043d\u0430\u0442\u0430 \u043a\u043b\u0438\u043d\u0438\u043a\u0430 \u0437\u0430 \u043e\u0440\u0430\u043b\u043d\u043e \u0438 \u0437\u044a\u0431\u043d\u043e \u0437\u0434\u0440\u0430\u0432\u0435 \u201eBeyaz\u0131t\u201c.<\/p><p><strong>\u041f\u043e\u0441\u0435\u0442\u0435\u043d\u0438 \u043e\u0431\u0443\u0447\u0435\u043d\u0438\u044f \u0438 \u043a\u043e\u043d\u0433\u0440\u0435\u0441\u0438<\/strong><\/p><ul><li><strong>Uluslararas\u0131 Meandros Di\u015f Hekimli\u011fi Kongresi 2018 ve 2019<\/strong><\/li><li><strong>\u0420\u043e\u0442\u0430\u0446\u0438\u043e\u043d\u0435\u043d \u0438\u043d\u0441\u0442\u0440\u0443\u043c\u0435\u043d\u0442 \u0432 \u0435\u043d\u0434\u043e\u0434\u043e\u043d\u0442\u0438\u044f\u0442\u0430<\/strong><\/li><li><strong>\u0418\u043d\u043e\u0432\u0430\u0446\u0438\u0438 \u0432 \u0441\u0442\u043e\u043c\u0430\u0442\u043e\u043b\u043e\u0433\u0438\u044f\u0442\u0430<\/strong><\/li><li><strong>\u041e\u0441\u043d\u043e\u0432\u043d\u0430 \u0438\u043c\u043f\u043b\u0430\u043d\u0442\u043e\u043b\u043e\u0433\u0438\u044f<\/strong><\/li><li><strong>\u041f\u0440\u0438\u043b\u043e\u0436\u0435\u043d\u0438\u044f \u043d\u0430 \u0431\u043e\u0442\u0443\u043b\u0438\u043d\u043e\u0432\u0438\u044f \u0442\u043e\u043a\u0441\u0438\u043d<\/strong><\/li><li><strong>\u041e\u0431\u0443\u0447\u0435\u043d\u0438\u0435 \u043f\u043e \u0444\u0438\u043a\u0441\u0438\u0440\u0430\u043d\u0430 \u043f\u0440\u043e\u0442\u0435\u0442\u0438\u043a\u0430 \u0441 \u0438\u0437\u043f\u043e\u043b\u0437\u0432\u0430\u043d\u0435 \u043d\u0430 \u0446\u0438\u0444\u0440\u043e\u0432\u0438 \u0438 \u0442\u0440\u0430\u0434\u0438\u0446\u0438\u043e\u043d\u043d\u0438 \u043c\u0435\u0442\u043e\u0434\u0438<\/strong><\/li><li><strong>\u0415\u0441\u0442\u0435\u0442\u0438\u0447\u043d\u0438 \u0432\u044a\u0437\u0441\u0442\u0430\u043d\u043e\u0432\u044f\u0432\u0430\u043d\u0438\u044f \u0441 \u043a\u043e\u043c\u043f\u043e\u0437\u0438\u0442\u043d\u0430 \u0441\u043c\u043e\u043b\u0430 \u0432 \u043f\u0440\u0435\u0434\u043d\u0430\u0442\u0430 \u0447\u0430\u0441\u0442 \u043d\u0430 \u0437\u044a\u0431\u0438\u0442\u0435<\/strong><\/li><li><strong>\u041a\u043e\u043c\u043f\u043e\u0437\u0438\u0442\u043d\u0438 \u0438 \u043f\u043e\u0440\u0446\u0435\u043b\u0430\u043d\u043e\u0432\u0438 \u043b\u0430\u043c\u0438\u043d\u0430\u0442\u043d\u0438 \u0432\u044a\u0437\u0441\u0442\u0430\u043d\u043e\u0432\u044f\u0432\u0430\u043d\u0438\u044f<\/strong><\/li><li><strong>\u0423\u043f\u0440\u0430\u0432\u043b\u0435\u043d\u0438\u0435 \u043d\u0430 \u043c\u0435\u043a\u0438\u0442\u0435 \u0442\u044a\u043a\u0430\u043d\u0438<\/strong><\/li><li><strong>\u0418\u0437\u043e\u043b\u0430\u0446\u0438\u044f \u0441 \u0433\u0443\u043c\u0435\u043d \u0434\u0438\u0433\u0430<\/strong><\/li><\/ul>\t\t\t\t\t\t\t\t<\/div>\n\t\t\t\t<\/div>\n\t\t\t\t<div class=\"elementor-element elementor-element-cee24ef elementor-mobile-align-center sc_fly_static elementor-widget elementor-widget-button\" data-id=\"cee24ef\" data-element_type=\"widget\" data-e-type=\"widget\" data-widget_type=\"button.default\">\n\t\t\t\t<div class=\"elementor-widget-container\">\n\t\t\t\t\t\t\t\t\t<div class=\"elementor-button-wrapper\">\n\t\t\t\t\t<a class=\"elementor-button elementor-button-link elementor-size-lg\" href=\"https:\/\/beyazitdis.com\/bg\/randevu-al\/\">\n\t\t\t\t\t\t<span class=\"elementor-button-content-wrapper\">\n\t\t\t\t\t\t<span class=\"elementor-button-icon\">\n\t\t\t\t<i aria-hidden=\"true\" class=\"fas fa-arrow-right\"><\/i>\t\t\t<\/span>\n\t\t\t\t\t\t\t\t\t<span class=\"elementor-button-text\">\u0417\u0430\u043f\u0430\u0437\u0435\u0442\u0435 \u0447\u0430\u0441<\/span>\n\t\t\t\t\t<\/span>\n\t\t\t\t\t<\/a>\n\t\t\t\t<\/div>\n\t\t\t\t\t\t\t\t<\/div>\n\t\t\t\t<\/div>\n\t\t\t\t\t<\/div>\n\t\t<\/div>\n\t\t\t\t\t<\/div>\n\t\t<\/section>\n\t\t\t\t<\/div>","protected":false},"excerpt":{"rendered":"<p>DT. G\u00dcL\u015eAH DURAN DT. G\u00dcL\u015eAH DURAN \u00a0 1997 y\u0131l\u0131nda \u00c7anakkale ilinde do\u011fdu. Lise e\u011fitimini L\u00fcleburgaz Ramazan Yaman Fen Lisesi\u2019nde tamamlad\u0131. 2020 y\u0131l\u0131nda Ayd\u0131n Adnan Menderes \u00dcniversitesi Di\u015f hekimli\u011fi b\u00f6l\u00fcm\u00fcnden mezun&hellip;<\/p>","protected":false},"author":3,"featured_media":0,"parent":24649,"menu_order":0,"comment_status":"closed","ping_status":"closed","template":"elementor_theme","meta":{"_monsterinsights_skip_tracking":false,"_monsterinsights_sitenote_active":false,"_monsterinsights_sitenote_note":"","_monsterinsights_sitenote_category":0,"footnotes":""},"class_list":["post-25396","page","type-page","status-publish","hentry"],"_links":{"self":[{"href":"https:\/\/beyazitdis.com\/bg\/wp-json\/wp\/v2\/pages\/25396","targetHints":{"allow":["GET"]}}],"collection":[{"href":"https:\/\/beyazitdis.com\/bg\/wp-json\/wp\/v2\/pages"}],"about":[{"href":"https:\/\/beyazitdis.com\/bg\/wp-json\/wp\/v2\/types\/page"}],"author":[{"embeddable":true,"href":"https:\/\/beyazitdis.com\/bg\/wp-json\/wp\/v2\/users\/3"}],"replies":[{"embeddable":true,"href":"https:\/\/beyazitdis.com\/bg\/wp-json\/wp\/v2\/comments?post=25396"}],"version-history":[{"count":16,"href":"https:\/\/beyazitdis.com\/bg\/wp-json\/wp\/v2\/pages\/25396\/revisions"}],"predecessor-version":[{"id":26753,"href":"https:\/\/beyazitdis.com\/bg\/wp-json\/wp\/v2\/pages\/25396\/revisions\/26753"}],"up":[{"embeddable":true,"href":"https:\/\/beyazitdis.com\/bg\/wp-json\/wp\/v2\/pages\/24649"}],"wp:attachment":[{"href":"https:\/\/beyazitdis.com\/bg\/wp-json\/wp\/v2\/media?parent=25396"}],"curies":[{"name":"wp","href":"https:\/\/api.w.org\/{rel}","templated":true}]}}