{"id":24212,"date":"2024-12-16T07:57:31","date_gmt":"2024-12-16T07:57:31","guid":{"rendered":"http:\/\/beyazitdis.com\/?page_id=24212"},"modified":"2026-01-29T16:37:04","modified_gmt":"2026-01-29T13:37:04","slug":"protez-uzm-dt-alaaddin-avci","status":"publish","type":"page","link":"https:\/\/beyazitdis.com\/bg\/hekimlerimiz\/protez-uzm-dt-alaaddin-avci\/","title":{"rendered":"\u0421\u041f\u0415\u0426\u0418\u0410\u041b\u0418\u0421\u0422 \u041f\u041e \u041f\u0420\u041e\u0422\u0415\u0417\u0418\u0420\u0410\u041d\u0415 \u0417\u042a\u0411\u041e\u041b\u0415\u041a\u0410\u0420 ALAADDI\u0307N AVCI"},"content":{"rendered":"<div data-elementor-type=\"wp-page\" data-elementor-id=\"24212\" class=\"elementor elementor-24212\">\n\t\t\t\t\t\t<section class=\"elementor-section elementor-top-section elementor-element elementor-element-305ad5a elementor-section-full_width elementor-section-stretched elementor-section-height-default elementor-section-height-default sc_fly_static\" data-id=\"305ad5a\" data-element_type=\"section\" data-e-type=\"section\" data-settings=\"{&quot;background_background&quot;:&quot;classic&quot;,&quot;stretch_section&quot;:&quot;section-stretched&quot;}\">\n\t\t\t\t\t\t\t<div class=\"elementor-background-overlay\"><\/div>\n\t\t\t\t\t\t\t<div class=\"elementor-container elementor-column-gap-extended\">\n\t\t\t\t\t<div class=\"elementor-column elementor-col-100 elementor-top-column elementor-element elementor-element-80a2c40 sc_inner_width_none sc_content_align_inherit sc_layouts_column_icons_position_left sc_fly_static\" data-id=\"80a2c40\" data-element_type=\"column\" data-e-type=\"column\">\n\t\t\t<div class=\"elementor-widget-wrap elementor-element-populated\">\n\t\t\t\t\t\t<div class=\"elementor-element elementor-element-4f59fdf elementor-widget__width-inherit sc_fly_static elementor-widget elementor-widget-heading\" data-id=\"4f59fdf\" data-element_type=\"widget\" data-e-type=\"widget\" data-widget_type=\"heading.default\">\n\t\t\t\t<div class=\"elementor-widget-container\">\n\t\t\t\t\t<h2 class=\"elementor-heading-title elementor-size-default\">\u0421\u041f\u0415\u0426\u0418\u0410\u041b\u0418\u0421\u0422 \u041f\u041e \u041f\u0420\u041e\u0422\u0415\u0417\u0418\u0420\u0410\u041d\u0415 \u0417\u042a\u0411\u041e\u041b\u0415\u041a\u0410\u0420 ALAADDI\u0307N AVCI<\/h2>\t\t\t\t<\/div>\n\t\t\t\t<\/div>\n\t\t\t\t\t<\/div>\n\t\t<\/div>\n\t\t\t\t\t<\/div>\n\t\t<\/section>\n\t\t\t\t<section class=\"elementor-section elementor-top-section elementor-element elementor-element-3833eb8 elementor-section-boxed elementor-section-height-default elementor-section-height-default sc_fly_static\" data-id=\"3833eb8\" data-element_type=\"section\" data-e-type=\"section\">\n\t\t\t\t\t\t<div class=\"elementor-container elementor-column-gap-extended\">\n\t\t\t\t\t<div class=\"elementor-column elementor-col-33 elementor-top-column elementor-element elementor-element-ba30eae sc_inner_width_none sc_content_align_inherit sc_layouts_column_icons_position_left sc_fly_static\" data-id=\"ba30eae\" data-element_type=\"column\" data-e-type=\"column\">\n\t\t\t<div class=\"elementor-widget-wrap elementor-element-populated\">\n\t\t\t\t\t\t<div class=\"elementor-element elementor-element-770fd9e sc_fly_static elementor-widget elementor-widget-image\" data-id=\"770fd9e\" data-element_type=\"widget\" data-e-type=\"widget\" data-widget_type=\"image.default\">\n\t\t\t\t<div class=\"elementor-widget-container\">\n\t\t\t\t\t\t\t\t\t\t\t\t\t\t\t<img fetchpriority=\"high\" decoding=\"async\" width=\"576\" height=\"1024\" src=\"https:\/\/beyazitdis.com\/wp-content\/uploads\/2024\/11\/Alaaddin-Avci_TR-copy-576x1024.webp\" class=\"attachment-large size-large wp-image-24190\" alt=\"\" srcset=\"https:\/\/beyazitdis.com\/wp-content\/uploads\/2024\/11\/Alaaddin-Avci_TR-copy-576x1024.webp 576w, https:\/\/beyazitdis.com\/wp-content\/uploads\/2024\/11\/Alaaddin-Avci_TR-copy-169x300.webp 169w, https:\/\/beyazitdis.com\/wp-content\/uploads\/2024\/11\/Alaaddin-Avci_TR-copy-768x1366.webp 768w, https:\/\/beyazitdis.com\/wp-content\/uploads\/2024\/11\/Alaaddin-Avci_TR-copy-864x1536.webp 864w, https:\/\/beyazitdis.com\/wp-content\/uploads\/2024\/11\/Alaaddin-Avci_TR-copy-1152x2048.webp 1152w, https:\/\/beyazitdis.com\/wp-content\/uploads\/2024\/11\/Alaaddin-Avci_TR-copy-370x658.webp 370w, https:\/\/beyazitdis.com\/wp-content\/uploads\/2024\/11\/Alaaddin-Avci_TR-copy-840x1494.webp 840w, https:\/\/beyazitdis.com\/wp-content\/uploads\/2024\/11\/Alaaddin-Avci_TR-copy-410x729.webp 410w, https:\/\/beyazitdis.com\/wp-content\/uploads\/2024\/11\/Alaaddin-Avci_TR-copy-600x1067.webp 600w, https:\/\/beyazitdis.com\/wp-content\/uploads\/2024\/11\/Alaaddin-Avci_TR-copy.webp 1406w\" sizes=\"(max-width: 600px) 100vw, 576px\" \/>\t\t\t\t\t\t\t\t\t\t\t\t\t\t\t<\/div>\n\t\t\t\t<\/div>\n\t\t\t\t\t<\/div>\n\t\t<\/div>\n\t\t\t\t<div class=\"elementor-column elementor-col-66 elementor-top-column elementor-element elementor-element-ff00726 sc_inner_width_none sc_content_align_inherit sc_layouts_column_icons_position_left sc_fly_static\" data-id=\"ff00726\" data-element_type=\"column\" data-e-type=\"column\">\n\t\t\t<div class=\"elementor-widget-wrap elementor-element-populated\">\n\t\t\t\t\t\t<div class=\"elementor-element elementor-element-9843322 sc_fly_static elementor-widget elementor-widget-heading\" data-id=\"9843322\" data-element_type=\"widget\" data-e-type=\"widget\" data-widget_type=\"heading.default\">\n\t\t\t\t<div class=\"elementor-widget-container\">\n\t\t\t\t\t<h2 class=\"elementor-heading-title elementor-size-default\">\u0421\u041f\u0415\u0426\u0418\u0410\u041b\u0418\u0421\u0422 \u041f\u041e \u041f\u0420\u041e\u0422\u0415\u0417\u0418\u0420\u0410\u041d\u0415 \u0417\u042a\u0411\u041e\u041b\u0415\u041a\u0410\u0420 ALAADDI\u0307N AVCI<\/h2>\t\t\t\t<\/div>\n\t\t\t\t<\/div>\n\t\t\t\t<div class=\"elementor-element elementor-element-f0d11f2 sc_fly_static elementor-widget elementor-widget-text-editor\" data-id=\"f0d11f2\" data-element_type=\"widget\" data-e-type=\"widget\" data-widget_type=\"text-editor.default\">\n\t\t\t\t<div class=\"elementor-widget-container\">\n\t\t\t\t\t\t\t\t\t<p><br \/>\u0420\u043e\u0434\u0435\u043d \u0435 \u043f\u0440\u0435\u0437 1995 \u0433. \u0432 \u041c\u0430\u043b\u043a\u0430\u0440\u0430. \u0417\u0430\u0432\u044a\u0440\u0448\u0432\u0430 \u0441\u0440\u0435\u0434\u043d\u043e\u0442\u043e \u0441\u0438 \u043e\u0431\u0440\u0430\u0437\u043e\u0432\u0430\u043d\u0438\u0435 \u0432 \u0410\u043d\u0430\u0434\u043e\u043b\u0441\u043a\u0430\u0442\u0430 \u0433\u0438\u043c\u043d\u0430\u0437\u0438\u044f \u0422\u0435\u043a\u0438\u0440\u0434\u0430\u0433 \u043f\u0440\u0435\u0437 2014 \u0433. \u041f\u0440\u0435\u0437 \u0441\u044a\u0449\u0430\u0442\u0430 \u0433\u043e\u0434\u0438\u043d\u0430 \u0437\u0430\u043f\u043e\u0447\u0432\u0430 \u0431\u0430\u043a\u0430\u043b\u0430\u0432\u044a\u0440\u0441\u043a\u043e\u0442\u043e \u0441\u0438 \u043e\u0431\u0440\u0430\u0437\u043e\u0432\u0430\u043d\u0438\u0435 \u0432\u044a\u0432 \u0424\u0430\u043a\u0443\u043b\u0442\u0435\u0442\u0430 \u043f\u043e \u0434\u0435\u043d\u0442\u0430\u043b\u043d\u0430 \u043c\u0435\u0434\u0438\u0446\u0438\u043d\u0430 \u043d\u0430 \u0418\u0441\u0442\u0430\u043d\u0431\u0443\u043b\u0441\u043a\u0438\u044f \u0443\u043d\u0438\u0432\u0435\u0440\u0441\u0438\u0442\u0435\u0442 \u0438 \u043f\u0440\u0430\u0432\u0438 \u043f\u044a\u0440\u0432\u0430\u0442\u0430 \u0441\u0438 \u0441\u0442\u044a\u043f\u043a\u0430 \u0432 \u043f\u0440\u043e\u0444\u0435\u0441\u0438\u044f\u0442\u0430 \u043d\u0430 \u0437\u044a\u0431\u043e\u043b\u0435\u043a\u0430\u0440, \u043a\u0430\u0442\u043e \u0441\u0435 \u0434\u0438\u043f\u043b\u043e\u043c\u0438\u0440\u0430 \u0432 \u0442\u043e\u0437\u0438 \u0443\u0442\u0432\u044a\u0440\u0434\u0435\u043d \u0444\u0430\u043a\u0443\u043b\u0442\u0435\u0442 \u043f\u0440\u0435\u0437 2019 \u0433.<\/p><p>\u0417\u0430 \u0434\u0430 \u0443\u0441\u044a\u0432\u044a\u0440\u0448\u0435\u043d\u0441\u0442\u0432\u0430 \u043f\u0440\u043e\u0444\u0435\u0441\u0438\u043e\u043d\u0430\u043b\u043d\u0438\u0442\u0435 \u0441\u0438 \u0437\u043d\u0430\u043d\u0438\u044f \u0438 \u0443\u043c\u0435\u043d\u0438\u044f, \u043f\u0440\u0435\u0437 2021 \u0433. \u0442\u043e\u0439 \u0437\u0430\u043f\u043e\u0447\u0432\u0430 \u043e\u0431\u0443\u0447\u0435\u043d\u0438\u0435 \u0437\u0430 \u043f\u0440\u0438\u0434\u043e\u0431\u0438\u0432\u0430\u043d\u0435 \u043d\u0430 \u0441\u043f\u0435\u0446\u0438\u0430\u043b\u043d\u043e\u0441\u0442 \u0432 \u0421\u0442\u043e\u043c\u0430\u0442\u043e\u043b\u043e\u0433\u0438\u0447\u043d\u0438\u044f \u0444\u0430\u043a\u0443\u043b\u0442\u0435\u0442 \u043d\u0430 \u0422\u0440\u0430\u043a\u0438\u0439\u0441\u043a\u0438\u044f \u0443\u043d\u0438\u0432\u0435\u0440\u0441\u0438\u0442\u0435\u0442, \u043a\u0430\u0442\u0435\u0434\u0440\u0430 \u201e\u041f\u0440\u043e\u0442\u0435\u0442\u0438\u0447\u043d\u0430 \u0441\u0442\u043e\u043c\u0430\u0442\u043e\u043b\u043e\u0433\u0438\u044f\u201c, \u0430 \u043f\u0440\u0435\u0437 2024 \u0433. \u043f\u043e\u043b\u0443\u0447\u0430\u0432\u0430 \u0437\u0432\u0430\u043d\u0438\u0435\u0442\u043e \u0441\u043f\u0435\u0446\u0438\u0430\u043b\u0438\u0441\u0442.<\/p><p>\u041f\u0440\u0435\u0437 \u0441\u044a\u0449\u0430\u0442\u0430 \u0433\u043e\u0434\u0438\u043d\u0430 \u0437\u0430\u043f\u043e\u0447\u0432\u0430 \u043f\u0440\u043e\u0444\u0435\u0441\u0438\u043e\u043d\u0430\u043b\u043d\u0430\u0442\u0430 \u0441\u0438 \u043a\u0430\u0440\u0438\u0435\u0440\u0430 \u0432 \u0447\u0430\u0441\u0442\u043d\u0430\u0442\u0430 \u043f\u043e\u043b\u0438\u043a\u043b\u0438\u043d\u0438\u043a\u0430 \u0437\u0430 \u043e\u0440\u0430\u043b\u043d\u043e \u0438 \u0434\u0435\u043d\u0442\u0430\u043b\u043d\u043e \u0437\u0434\u0440\u0430\u0432\u0435 Beyaz\u0131t \u0438 \u043f\u0440\u043e\u0434\u044a\u043b\u0436\u0430\u0432\u0430 \u0434\u0430 \u043f\u0440\u0435\u0434\u043b\u0430\u0433\u0430 \u043d\u0430 \u043f\u0430\u0446\u0438\u0435\u043d\u0442\u0438\u0442\u0435 \u0441\u0438 \u0437\u043d\u0430\u043d\u0438\u044f \u0432 \u0441\u0432\u043e\u044f\u0442\u0430 \u043e\u0431\u043b\u0430\u0441\u0442.<\/p><p><strong>\u041a\u043e\u043d\u0444\u0435\u0440\u0435\u043d\u0446\u0438\u044f \/ \u043f\u0430\u043d\u0435\u043b \/ \u0441\u0438\u043c\u043f\u043e\u0437\u0438\u0443\u043c \/ \u043a\u0443\u0440\u0441, \u043d\u0430 \u043a\u043e\u0439\u0442\u043e \u0441\u044a\u043c \u043f\u0440\u0438\u0441\u044a\u0441\u0442\u0432\u0430\u043b<\/strong><br \/>\u2022 2022- 26-\u0438 \u043c\u0435\u0436\u0434\u0443\u043d\u0430\u0440\u043e\u0434\u0435\u043d \u043a\u043e\u043d\u0433\u0440\u0435\u0441 \u043f\u043e \u0435\u0441\u0442\u0435\u0442\u0438\u0447\u043d\u0430 \u0441\u0442\u043e\u043c\u0430\u0442\u043e\u043b\u043e\u0433\u0438\u044f<br \/>\u2022 2022- 7-\u043c\u0438 \u043c\u0435\u0436\u0434\u0443\u043d\u0430\u0440\u043e\u0434\u0435\u043d \u043f\u0440\u043e\u043b\u0435\u0442\u0435\u043d \u0441\u0438\u043c\u043f\u043e\u0437\u0438\u0443\u043c \u043d\u0430 \u0422\u0443\u0440\u0441\u043a\u043e\u0442\u043e \u0434\u0440\u0443\u0436\u0435\u0441\u0442\u0432\u043e \u043f\u043e \u043f\u0440\u043e\u0442\u0435\u0437\u0438\u0440\u0430\u043d\u0435 \u0438 \u0438\u043c\u043f\u043b\u0430\u043d\u0442\u043e\u043b\u043e\u0433\u0438\u044f<\/p>\t\t\t\t\t\t\t\t<\/div>\n\t\t\t\t<\/div>\n\t\t\t\t<div class=\"elementor-element elementor-element-5e830cd elementor-mobile-align-center sc_fly_static elementor-widget elementor-widget-button\" data-id=\"5e830cd\" data-element_type=\"widget\" data-e-type=\"widget\" data-widget_type=\"button.default\">\n\t\t\t\t<div class=\"elementor-widget-container\">\n\t\t\t\t\t\t\t\t\t<div class=\"elementor-button-wrapper\">\n\t\t\t\t\t<a class=\"elementor-button elementor-button-link elementor-size-lg\" href=\"https:\/\/beyazitdis.com\/bg\/randevu-al\/\">\n\t\t\t\t\t\t<span class=\"elementor-button-content-wrapper\">\n\t\t\t\t\t\t<span class=\"elementor-button-icon\">\n\t\t\t\t<i aria-hidden=\"true\" class=\"fas fa-arrow-right\"><\/i>\t\t\t<\/span>\n\t\t\t\t\t\t\t\t\t<span class=\"elementor-button-text\">\u0417\u0430\u043f\u0430\u0437\u0435\u0442\u0435 \u0447\u0430\u0441<\/span>\n\t\t\t\t\t<\/span>\n\t\t\t\t\t<\/a>\n\t\t\t\t<\/div>\n\t\t\t\t\t\t\t\t<\/div>\n\t\t\t\t<\/div>\n\t\t\t\t\t<\/div>\n\t\t<\/div>\n\t\t\t\t\t<\/div>\n\t\t<\/section>\n\t\t\t\t<\/div>","protected":false},"excerpt":{"rendered":"<p>PROTEZ UZM. DT. ALAADD\u0130N AVCI PROTEZ UZM. DT. ALAADD\u0130N AVCI 1995 y\u0131l\u0131nda Malkara\u2019da do\u011fdu. Lise e\u011fitimini 2014 y\u0131l\u0131nda Tekirda\u011f Anadolu Lisesi\u2019nde tamamlad\u0131. Ayn\u0131 y\u0131l \u0130stanbul \u00dcniversitesi Di\u015f Hekimli\u011fi Fak\u00fcltesi\u2019nde lisans&hellip;<\/p>","protected":false},"author":3,"featured_media":0,"parent":24649,"menu_order":0,"comment_status":"closed","ping_status":"closed","template":"","meta":{"_monsterinsights_skip_tracking":false,"_monsterinsights_sitenote_active":false,"_monsterinsights_sitenote_note":"","_monsterinsights_sitenote_category":0,"footnotes":""},"class_list":["post-24212","page","type-page","status-publish","hentry"],"_links":{"self":[{"href":"https:\/\/beyazitdis.com\/bg\/wp-json\/wp\/v2\/pages\/24212","targetHints":{"allow":["GET"]}}],"collection":[{"href":"https:\/\/beyazitdis.com\/bg\/wp-json\/wp\/v2\/pages"}],"about":[{"href":"https:\/\/beyazitdis.com\/bg\/wp-json\/wp\/v2\/types\/page"}],"author":[{"embeddable":true,"href":"https:\/\/beyazitdis.com\/bg\/wp-json\/wp\/v2\/users\/3"}],"replies":[{"embeddable":true,"href":"https:\/\/beyazitdis.com\/bg\/wp-json\/wp\/v2\/comments?post=24212"}],"version-history":[{"count":22,"href":"https:\/\/beyazitdis.com\/bg\/wp-json\/wp\/v2\/pages\/24212\/revisions"}],"predecessor-version":[{"id":25332,"href":"https:\/\/beyazitdis.com\/bg\/wp-json\/wp\/v2\/pages\/24212\/revisions\/25332"}],"up":[{"embeddable":true,"href":"https:\/\/beyazitdis.com\/bg\/wp-json\/wp\/v2\/pages\/24649"}],"wp:attachment":[{"href":"https:\/\/beyazitdis.com\/bg\/wp-json\/wp\/v2\/media?parent=24212"}],"curies":[{"name":"wp","href":"https:\/\/api.w.org\/{rel}","templated":true}]}}