{"id":23970,"date":"2024-10-07T15:57:07","date_gmt":"2024-10-07T15:57:07","guid":{"rendered":"http:\/\/beyazitdis.com\/?page_id=23970"},"modified":"2026-01-29T16:35:51","modified_gmt":"2026-01-29T13:35:51","slug":"dt-fulya-cebi-beyazit","status":"publish","type":"page","link":"https:\/\/beyazitdis.com\/bg\/hekimlerimiz\/dt-fulya-cebi-beyazit\/","title":{"rendered":"Dt. Fulya \u00c7ebi Beyaz\u0131t"},"content":{"rendered":"<div data-elementor-type=\"wp-page\" data-elementor-id=\"23970\" class=\"elementor elementor-23970\">\n\t\t\t\t\t\t<section class=\"elementor-section elementor-top-section elementor-element elementor-element-4cb58af elementor-section-full_width elementor-section-stretched elementor-section-height-default elementor-section-height-default sc_fly_static\" data-id=\"4cb58af\" data-element_type=\"section\" data-e-type=\"section\" data-settings=\"{&quot;background_background&quot;:&quot;classic&quot;,&quot;stretch_section&quot;:&quot;section-stretched&quot;}\">\n\t\t\t\t\t\t\t<div class=\"elementor-background-overlay\"><\/div>\n\t\t\t\t\t\t\t<div class=\"elementor-container elementor-column-gap-extended\">\n\t\t\t\t\t<div class=\"elementor-column elementor-col-100 elementor-top-column elementor-element elementor-element-28067ae sc_inner_width_none sc_content_align_inherit sc_layouts_column_icons_position_left sc_fly_static\" data-id=\"28067ae\" data-element_type=\"column\" data-e-type=\"column\">\n\t\t\t<div class=\"elementor-widget-wrap elementor-element-populated\">\n\t\t\t\t\t\t<div class=\"elementor-element elementor-element-f5dddb2 elementor-widget__width-inherit sc_fly_static elementor-widget elementor-widget-heading\" data-id=\"f5dddb2\" data-element_type=\"widget\" data-e-type=\"widget\" data-widget_type=\"heading.default\">\n\t\t\t\t<div class=\"elementor-widget-container\">\n\t\t\t\t\t<h2 class=\"elementor-heading-title elementor-size-default\">DT. FULYA \u00c7EB\u0130 BEYAZIT<\/h2>\t\t\t\t<\/div>\n\t\t\t\t<\/div>\n\t\t\t\t\t<\/div>\n\t\t<\/div>\n\t\t\t\t\t<\/div>\n\t\t<\/section>\n\t\t\t\t<section class=\"elementor-section elementor-top-section elementor-element elementor-element-b9bb7e9 elementor-section-boxed elementor-section-height-default elementor-section-height-default sc_fly_static\" data-id=\"b9bb7e9\" data-element_type=\"section\" data-e-type=\"section\">\n\t\t\t\t\t\t<div class=\"elementor-container elementor-column-gap-extended\">\n\t\t\t\t\t<div class=\"elementor-column elementor-col-33 elementor-top-column elementor-element elementor-element-555b4b5 sc_inner_width_none sc_content_align_inherit sc_layouts_column_icons_position_left sc_fly_static\" data-id=\"555b4b5\" data-element_type=\"column\" data-e-type=\"column\">\n\t\t\t<div class=\"elementor-widget-wrap elementor-element-populated\">\n\t\t\t\t\t\t<div class=\"elementor-element elementor-element-bb00fea sc_fly_static elementor-widget elementor-widget-image\" data-id=\"bb00fea\" data-element_type=\"widget\" data-e-type=\"widget\" data-widget_type=\"image.default\">\n\t\t\t\t<div class=\"elementor-widget-container\">\n\t\t\t\t\t\t\t\t\t\t\t\t\t\t\t<img fetchpriority=\"high\" decoding=\"async\" width=\"576\" height=\"1024\" src=\"https:\/\/beyazitdis.com\/wp-content\/uploads\/2026\/01\/DT.-FULYA-CEBI-BEYAZIT-576x1024.png\" class=\"attachment-large size-large wp-image-26508\" alt=\"\" srcset=\"https:\/\/beyazitdis.com\/wp-content\/uploads\/2026\/01\/DT.-FULYA-CEBI-BEYAZIT-576x1024.png 576w, https:\/\/beyazitdis.com\/wp-content\/uploads\/2026\/01\/DT.-FULYA-CEBI-BEYAZIT-169x300.png 169w, https:\/\/beyazitdis.com\/wp-content\/uploads\/2026\/01\/DT.-FULYA-CEBI-BEYAZIT-768x1366.png 768w, https:\/\/beyazitdis.com\/wp-content\/uploads\/2026\/01\/DT.-FULYA-CEBI-BEYAZIT-864x1536.png 864w, https:\/\/beyazitdis.com\/wp-content\/uploads\/2026\/01\/DT.-FULYA-CEBI-BEYAZIT-1152x2048.png 1152w, https:\/\/beyazitdis.com\/wp-content\/uploads\/2026\/01\/DT.-FULYA-CEBI-BEYAZIT-7x12.png 7w, https:\/\/beyazitdis.com\/wp-content\/uploads\/2026\/01\/DT.-FULYA-CEBI-BEYAZIT-370x658.png 370w, https:\/\/beyazitdis.com\/wp-content\/uploads\/2026\/01\/DT.-FULYA-CEBI-BEYAZIT-840x1494.png 840w, https:\/\/beyazitdis.com\/wp-content\/uploads\/2026\/01\/DT.-FULYA-CEBI-BEYAZIT-410x729.png 410w, https:\/\/beyazitdis.com\/wp-content\/uploads\/2026\/01\/DT.-FULYA-CEBI-BEYAZIT-600x1067.png 600w, https:\/\/beyazitdis.com\/wp-content\/uploads\/2026\/01\/DT.-FULYA-CEBI-BEYAZIT.png 1406w\" sizes=\"(max-width: 600px) 100vw, 576px\" \/>\t\t\t\t\t\t\t\t\t\t\t\t\t\t\t<\/div>\n\t\t\t\t<\/div>\n\t\t\t\t\t<\/div>\n\t\t<\/div>\n\t\t\t\t<div class=\"elementor-column elementor-col-66 elementor-top-column elementor-element elementor-element-3b057c1 sc_inner_width_none sc_content_align_inherit sc_layouts_column_icons_position_left sc_fly_static\" data-id=\"3b057c1\" data-element_type=\"column\" data-e-type=\"column\">\n\t\t\t<div class=\"elementor-widget-wrap elementor-element-populated\">\n\t\t\t\t\t\t<div class=\"elementor-element elementor-element-2deb07b sc_fly_static elementor-widget elementor-widget-heading\" data-id=\"2deb07b\" data-element_type=\"widget\" data-e-type=\"widget\" data-widget_type=\"heading.default\">\n\t\t\t\t<div class=\"elementor-widget-container\">\n\t\t\t\t\t<h2 class=\"elementor-heading-title elementor-size-default\">DT. FULYA \u00c7EB\u0130 BEYAZIT<\/h2>\t\t\t\t<\/div>\n\t\t\t\t<\/div>\n\t\t\t\t<div class=\"elementor-element elementor-element-f0a4d1b sc_fly_static elementor-widget elementor-widget-text-editor\" data-id=\"f0a4d1b\" data-element_type=\"widget\" data-e-type=\"widget\" data-widget_type=\"text-editor.default\">\n\t\t\t\t<div class=\"elementor-widget-container\">\n\t\t\t\t\t\t\t\t\t<p><br \/>\u0420\u043e\u0434\u0435\u043d \u0435 \u0432 \u0422\u0435\u043a\u0438\u0440\u0434\u0430\u0433 \u043f\u0440\u0435\u0437 1978 \u0433. \u0417\u0430\u0432\u044a\u0440\u0448\u0432\u0430 \u0441\u0442\u043e\u043c\u0430\u0442\u043e\u043b\u043e\u0433\u0438\u0447\u043d\u0438\u044f \u0444\u0430\u043a\u0443\u043b\u0442\u0435\u0442 \u043d\u0430 \u0418\u0441\u0442\u0430\u043d\u0431\u0443\u043b\u0441\u043a\u0438\u044f \u0443\u043d\u0438\u0432\u0435\u0440\u0441\u0438\u0442\u0435\u0442 \u043f\u0440\u0435\u0437 1999 \u0433. \u041f\u0440\u0435\u0437 2000 \u0433. \u043e\u0442\u043a\u0440\u0438\u0432\u0430 \u043f\u044a\u0440\u0432\u0430\u0442\u0430 \u0441\u0438 \u043a\u043b\u0438\u043d\u0438\u043a\u0430 \u0432 \u0422\u0435\u043a\u0438\u0440\u0434\u0430\u0433.<\/p><p>\u041f\u0440\u0435\u0437 2005 \u0433. \u0437\u0430\u043f\u043e\u0447\u0432\u0430 \u0440\u0430\u0431\u043e\u0442\u0430 \u0432 \u043a\u043b\u0438\u043d\u0438\u043a\u0430\u0442\u0430, \u043a\u043e\u044f\u0442\u043e \u0441\u044a\u0437\u0434\u0430\u0432\u0430 \u0437\u0430\u0435\u0434\u043d\u043e \u0441 \u0434-\u0440 \u041c\u0443\u0440\u0430\u0442 \u0411\u0435\u0439\u0430\u0437\u0438\u0442.<\/p><p>\u041c\u0435\u0436\u0434\u0443 2002 \u0438 2013 \u0433. \u0440\u0430\u0431\u043e\u0442\u0438 \u0438 \u0432 \u0434\u044a\u0440\u0436\u0430\u0432\u043d\u0430\u0442\u0430 \u0431\u043e\u043b\u043d\u0438\u0446\u0430 \u0422\u0435\u043a\u0438\u0440\u0434\u0430\u0433.<\/p><p>\u041e\u0442 2013 \u0433. \u0440\u0430\u0431\u043e\u0442\u0438 \u0432 \u043f\u043e\u043b\u0438\u043a\u043b\u0438\u043d\u0438\u043a\u0430\u0442\u0430 \u0437\u0430 \u043e\u0440\u0430\u043b\u043d\u043e \u0438 \u0434\u0435\u043d\u0442\u0430\u043b\u043d\u043e \u0437\u0434\u0440\u0430\u0432\u0435 Beyaz\u0131t, \u043a\u043e\u044f\u0442\u043e \u0441\u044a\u0437\u0434\u0430\u0432\u0430 \u0437\u0430\u0435\u0434\u043d\u043e \u0441 \u0434-\u0440 \u041c\u0443\u0440\u0430\u0442 \u0411\u0435\u044f\u0437\u0438\u0442.<\/p><p>\u0422\u043e\u0439 \u0435 \u0447\u043b\u0435\u043d \u043d\u0430 \u0410\u0441\u043e\u0446\u0438\u0430\u0446\u0438\u044f\u0442\u0430 \u043f\u043e \u0435\u0441\u0442\u0435\u0442\u0438\u0447\u043d\u0430 \u0441\u0442\u043e\u043c\u0430\u0442\u043e\u043b\u043e\u0433\u0438\u044f (EDAD) \u0438 \u043d\u0430 \u0422\u0443\u0440\u0441\u043a\u0430\u0442\u0430 \u0441\u0442\u043e\u043c\u0430\u0442\u043e\u043b\u043e\u0433\u0438\u0447\u043d\u0430 \u0430\u0441\u043e\u0446\u0438\u0430\u0446\u0438\u044f (TDB).<\/p><p>\u041f\u0440\u0435\u0437 \u0446\u0435\u043b\u0438\u044f \u0441\u0438 \u043f\u0440\u043e\u0444\u0435\u0441\u0438\u043e\u043d\u0430\u043b\u0435\u043d \u0436\u0438\u0432\u043e\u0442 \u0442\u043e\u0439 \u043f\u043e\u0441\u0435\u0449\u0430\u0432\u0430 \u043c\u043d\u043e\u0433\u043e \u043d\u0430\u0446\u0438\u043e\u043d\u0430\u043b\u043d\u0438 \u0438 \u043c\u0435\u0436\u0434\u0443\u043d\u0430\u0440\u043e\u0434\u043d\u0438 \u043a\u0443\u0440\u0441\u043e\u0432\u0435, \u0441\u0438\u043c\u043f\u043e\u0437\u0438\u0443\u043c\u0438 \u0438 \u043a\u043e\u043d\u0433\u0440\u0435\u0441\u0438 \u0438 \u0441\u0435 \u043e\u043f\u0438\u0442\u0432\u0430 \u0434\u0430 \u0431\u044a\u0434\u0435 \u043f\u043e-\u043f\u043e\u043b\u0435\u0437\u0435\u043d \u0437\u0430 \u0441\u0432\u043e\u0438\u0442\u0435 \u043f\u0430\u0446\u0438\u0435\u043d\u0442\u0438.<\/p><p>\u0412 \u0434\u043e\u043f\u044a\u043b\u043d\u0435\u043d\u0438\u0435 \u043a\u044a\u043c \u043e\u0431\u0449\u0430\u0442\u0430 \u0441\u0442\u043e\u043c\u0430\u0442\u043e\u043b\u043e\u0433\u0438\u044f \u0442\u043e\u0439 \u0441\u0435 \u0438\u043d\u0442\u0435\u0440\u0435\u0441\u0443\u0432\u0430 \u043e\u0441\u043d\u043e\u0432\u043d\u043e \u043e\u0442 \u0435\u0441\u0442\u0435\u0442\u0438\u0447\u043d\u0430 \u0441\u0442\u043e\u043c\u0430\u0442\u043e\u043b\u043e\u0433\u0438\u044f. \u041e\u0441\u0432\u0435\u043d \u043e\u0442 \u043f\u0440\u043e\u0444\u0435\u0441\u0438\u043e\u043d\u0430\u043b\u043d\u0438\u044f \u0441\u0438 \u0436\u0438\u0432\u043e\u0442, \u0442\u043e\u0439 \u0441\u0435 \u0438\u043d\u0442\u0435\u0440\u0435\u0441\u0443\u0432\u0430 \u043f\u0440\u043e\u0444\u0435\u0441\u0438\u043e\u043d\u0430\u043b\u043d\u043e \u0438 \u043e\u0442 \u0438\u0437\u043a\u0443\u0441\u0442\u0432\u043e\u0442\u043e \u043d\u0430 \u0436\u0438\u0432\u043e\u043f\u0438\u0441\u0442\u0430.<\/p>\t\t\t\t\t\t\t\t<\/div>\n\t\t\t\t<\/div>\n\t\t\t\t<div class=\"elementor-element elementor-element-68a0eec elementor-mobile-align-center sc_fly_static elementor-widget elementor-widget-button\" data-id=\"68a0eec\" data-element_type=\"widget\" data-e-type=\"widget\" data-widget_type=\"button.default\">\n\t\t\t\t<div class=\"elementor-widget-container\">\n\t\t\t\t\t\t\t\t\t<div class=\"elementor-button-wrapper\">\n\t\t\t\t\t<a class=\"elementor-button elementor-button-link elementor-size-lg\" href=\"https:\/\/beyazitdis.com\/bg\/randevu-al\/\">\n\t\t\t\t\t\t<span class=\"elementor-button-content-wrapper\">\n\t\t\t\t\t\t<span class=\"elementor-button-icon\">\n\t\t\t\t<i aria-hidden=\"true\" class=\"fas fa-arrow-right\"><\/i>\t\t\t<\/span>\n\t\t\t\t\t\t\t\t\t<span class=\"elementor-button-text\">\u0417\u0430\u043f\u0430\u0437\u0435\u0442\u0435 \u0447\u0430\u0441<\/span>\n\t\t\t\t\t<\/span>\n\t\t\t\t\t<\/a>\n\t\t\t\t<\/div>\n\t\t\t\t\t\t\t\t<\/div>\n\t\t\t\t<\/div>\n\t\t\t\t\t<\/div>\n\t\t<\/div>\n\t\t\t\t\t<\/div>\n\t\t<\/section>\n\t\t\t\t<\/div>","protected":false},"excerpt":{"rendered":"<p>DT. FULYA \u00c7EB\u0130 BEYAZIT DT. FULYA \u00c7EB\u0130 BEYAZIT 1978 y\u0131l\u0131nda Tekirda\u011f&#8217;da do\u011fdu. 1999 y\u0131l\u0131nda \u0130stanbul \u00dcniversitesi Di\u015f Hekimli\u011fi Fak\u00fcltesi&#8217;nden mezun oldu. 2000 y\u0131l\u0131nda Tekirda\u011f&#8217;da ilk klini\u011fini a\u00e7t\u0131. 2005 y\u0131l\u0131nda Dr.&hellip;<\/p>","protected":false},"author":3,"featured_media":0,"parent":24649,"menu_order":0,"comment_status":"closed","ping_status":"closed","template":"elementor_theme","meta":{"_monsterinsights_skip_tracking":false,"_monsterinsights_sitenote_active":false,"_monsterinsights_sitenote_note":"","_monsterinsights_sitenote_category":0,"footnotes":""},"class_list":["post-23970","page","type-page","status-publish","hentry"],"_links":{"self":[{"href":"https:\/\/beyazitdis.com\/bg\/wp-json\/wp\/v2\/pages\/23970","targetHints":{"allow":["GET"]}}],"collection":[{"href":"https:\/\/beyazitdis.com\/bg\/wp-json\/wp\/v2\/pages"}],"about":[{"href":"https:\/\/beyazitdis.com\/bg\/wp-json\/wp\/v2\/types\/page"}],"author":[{"embeddable":true,"href":"https:\/\/beyazitdis.com\/bg\/wp-json\/wp\/v2\/users\/3"}],"replies":[{"embeddable":true,"href":"https:\/\/beyazitdis.com\/bg\/wp-json\/wp\/v2\/comments?post=23970"}],"version-history":[{"count":21,"href":"https:\/\/beyazitdis.com\/bg\/wp-json\/wp\/v2\/pages\/23970\/revisions"}],"predecessor-version":[{"id":26514,"href":"https:\/\/beyazitdis.com\/bg\/wp-json\/wp\/v2\/pages\/23970\/revisions\/26514"}],"up":[{"embeddable":true,"href":"https:\/\/beyazitdis.com\/bg\/wp-json\/wp\/v2\/pages\/24649"}],"wp:attachment":[{"href":"https:\/\/beyazitdis.com\/bg\/wp-json\/wp\/v2\/media?parent=23970"}],"curies":[{"name":"wp","href":"https:\/\/api.w.org\/{rel}","templated":true}]}}