{"id":23359,"date":"2024-02-08T09:34:53","date_gmt":"2024-02-08T09:34:53","guid":{"rendered":"http:\/\/beyazitdis.com\/?page_id=23359"},"modified":"2025-10-14T11:05:43","modified_gmt":"2025-10-14T08:05:43","slug":"banka-hesap-bilgileri","status":"publish","type":"page","link":"https:\/\/beyazitdis.com\/bg\/banka-hesap-bilgileri\/","title":{"rendered":"\u0418\u043d\u0444\u043e\u0440\u043c\u0430\u0446\u0438\u044f \u0437\u0430 \u0431\u0430\u043d\u043a\u043e\u0432\u0430 \u0441\u043c\u0435\u0442\u043a\u0430"},"content":{"rendered":"<div data-elementor-type=\"wp-page\" data-elementor-id=\"23359\" class=\"elementor elementor-23359\">\n\t\t\t\t\t\t<section class=\"elementor-section elementor-top-section elementor-element elementor-element-91dcd2c elementor-section-boxed elementor-section-height-default elementor-section-height-default sc_fly_static\" data-id=\"91dcd2c\" data-element_type=\"section\" data-e-type=\"section\">\n\t\t\t\t\t\t<div class=\"elementor-container elementor-column-gap-extended\">\n\t\t\t\t\t<div class=\"elementor-column elementor-col-100 elementor-top-column elementor-element elementor-element-001837f sc_inner_width_none sc_content_align_inherit sc_layouts_column_icons_position_left sc_fly_static\" data-id=\"001837f\" data-element_type=\"column\" data-e-type=\"column\">\n\t\t\t<div class=\"elementor-widget-wrap elementor-element-populated\">\n\t\t\t\t\t\t<div class=\"elementor-element elementor-element-e5f9e7e sc_height_huge sc_fly_static elementor-widget elementor-widget-spacer\" data-id=\"e5f9e7e\" data-element_type=\"widget\" data-e-type=\"widget\" data-widget_type=\"spacer.default\">\n\t\t\t\t<div class=\"elementor-widget-container\">\n\t\t\t\t\t\t\t<div class=\"elementor-spacer\">\n\t\t\t<div class=\"elementor-spacer-inner\"><\/div>\n\t\t<\/div>\n\t\t\t\t\t\t<\/div>\n\t\t\t\t<\/div>\n\t\t\t\t\t<\/div>\n\t\t<\/div>\n\t\t\t\t\t<\/div>\n\t\t<\/section>\n\t\t\t\t<section class=\"elementor-section elementor-top-section elementor-element elementor-element-f6895e0 elementor-section-content-middle elementor-section-boxed elementor-section-height-default elementor-section-height-default sc_fly_static\" data-id=\"f6895e0\" data-element_type=\"section\" data-e-type=\"section\">\n\t\t\t\t\t\t<div class=\"elementor-container elementor-column-gap-extended\">\n\t\t\t\t\t<div class=\"elementor-column elementor-col-100 elementor-top-column elementor-element elementor-element-4ddefc2 sc_inner_width_none sc_content_align_inherit sc_layouts_column_icons_position_left sc_fly_static\" data-id=\"4ddefc2\" data-element_type=\"column\" data-e-type=\"column\">\n\t\t\t<div class=\"elementor-widget-wrap elementor-element-populated\">\n\t\t\t\t\t\t<div class=\"elementor-element elementor-element-eb7fa1f sc_fly_static elementor-widget elementor-widget-image\" data-id=\"eb7fa1f\" data-element_type=\"widget\" data-e-type=\"widget\" data-widget_type=\"image.default\">\n\t\t\t\t<div class=\"elementor-widget-container\">\n\t\t\t\t\t\t\t\t\t\t\t\t\t\t\t<img fetchpriority=\"high\" decoding=\"async\" width=\"1920\" height=\"576\" src=\"https:\/\/beyazitdis.com\/wp-content\/uploads\/2024\/02\/vakifbank-1920x576-1.png\" class=\"attachment-full size-full wp-image-23361\" alt=\"\" srcset=\"https:\/\/beyazitdis.com\/wp-content\/uploads\/2024\/02\/vakifbank-1920x576-1.png 1920w, https:\/\/beyazitdis.com\/wp-content\/uploads\/2024\/02\/vakifbank-1920x576-1-300x90.png 300w, https:\/\/beyazitdis.com\/wp-content\/uploads\/2024\/02\/vakifbank-1920x576-1-1024x307.png 1024w, https:\/\/beyazitdis.com\/wp-content\/uploads\/2024\/02\/vakifbank-1920x576-1-768x230.png 768w, https:\/\/beyazitdis.com\/wp-content\/uploads\/2024\/02\/vakifbank-1920x576-1-1536x461.png 1536w, https:\/\/beyazitdis.com\/wp-content\/uploads\/2024\/02\/vakifbank-1920x576-1-370x111.png 370w, https:\/\/beyazitdis.com\/wp-content\/uploads\/2024\/02\/vakifbank-1920x576-1-840x252.png 840w, https:\/\/beyazitdis.com\/wp-content\/uploads\/2024\/02\/vakifbank-1920x576-1-410x123.png 410w, https:\/\/beyazitdis.com\/wp-content\/uploads\/2024\/02\/vakifbank-1920x576-1-600x180.png 600w\" sizes=\"(max-width: 1920px) 100vw, 1920px\" \/>\t\t\t\t\t\t\t\t\t\t\t\t\t\t\t<\/div>\n\t\t\t\t<\/div>\n\t\t\t\t<div class=\"elementor-element elementor-element-969ce8e sc_fly_static elementor-widget elementor-widget-text-editor\" data-id=\"969ce8e\" data-element_type=\"widget\" data-e-type=\"widget\" data-widget_type=\"text-editor.default\">\n\t\t\t\t<div class=\"elementor-widget-container\">\n\t\t\t\t\t\t\t\t\t<div class=\"elementor-element elementor-element-a856f1f elementor-widget elementor-widget-text-editor\" data-id=\"a856f1f\" data-element_type=\"widget\" data-widget_type=\"text-editor.default\"><div class=\"elementor-widget-container\"><p><strong>Hesap<\/strong><b>\u00a0Ad\u0131:\u00a0<\/b>BEYAZIT SA\u011eLIK H\u0130ZMETLER\u0130 T\u0130C. LTD. \u015eT\u0130.<\/p><\/div><\/div><div class=\"elementor-element elementor-element-ea4b470 elementor-widget elementor-widget-text-editor\" data-id=\"ea4b470\" data-element_type=\"widget\" data-widget_type=\"text-editor.default\"><div class=\"elementor-widget-container\"><b>TL:<br \/>\u0421\u043c\u0435\u0442\u043a\u0430 \u2116 <\/b>00158007311026719<br \/><strong>IBAN:<\/strong> TR05 0001 5001 5800 7311 0267 19<\/div><div class=\"elementor-widget-container\"><b><br \/><\/b><b>USD:<br \/>\u0421\u043c\u0435\u0442\u043a\u0430 \u2116\u00a0<\/b>00158048019895224<br \/><strong>IBAN:<\/strong>\u00a0TR71 0001 5001 5804 8019 8952 24<\/div><\/div><div class=\"elementor-element elementor-element-ea4b470 elementor-widget elementor-widget-text-editor\" data-id=\"ea4b470\" data-element_type=\"widget\" data-widget_type=\"text-editor.default\"><div class=\"elementor-widget-container\"><pre>\u00a0<\/pre><p><b>EURO:<br \/>\u0421\u043c\u0435\u0442\u043a\u0430 \u2116 <\/b>00158048019895207<br \/><strong>IBAN:<\/strong>\u00a0TR45 0001 5001 5804 8019 8952 07<\/p><\/div><\/div><div class=\"elementor-element elementor-element-ea4b470 elementor-widget elementor-widget-text-editor\" data-id=\"ea4b470\" data-element_type=\"widget\" data-widget_type=\"text-editor.default\"><div class=\"elementor-widget-container\"><pre>\u00a0<\/pre><p><b>GPB:<br \/>\u0421\u043c\u0435\u0442\u043a\u0430 \u2116 <\/b>00158048021619603<br \/><strong>IBAN:<\/strong> TR92 0001 5001 5804 8021 6196 03<\/p><\/div><\/div>\t\t\t\t\t\t\t\t<\/div>\n\t\t\t\t<\/div>\n\t\t\t\t<div class=\"elementor-element elementor-element-66f602e sc_fly_static elementor-widget elementor-widget-spacer\" data-id=\"66f602e\" data-element_type=\"widget\" data-e-type=\"widget\" data-widget_type=\"spacer.default\">\n\t\t\t\t<div class=\"elementor-widget-container\">\n\t\t\t\t\t\t\t<div class=\"elementor-spacer\">\n\t\t\t<div class=\"elementor-spacer-inner\"><\/div>\n\t\t<\/div>\n\t\t\t\t\t\t<\/div>\n\t\t\t\t<\/div>\n\t\t\t\t<div class=\"elementor-element elementor-element-9080095 sc_fly_static elementor-widget elementor-widget-trx_sc_button\" data-id=\"9080095\" data-element_type=\"widget\" data-e-type=\"widget\" data-widget_type=\"trx_sc_button.default\">\n\t\t\t\t<div class=\"elementor-widget-container\">\n\t\t\t\t\t<div\tclass=\"sc_item_button sc_button_wrap\" ><a href=\"http:\/\/beyazitdis.com\/bg\/iletisim\/\" class=\"sc_button sc_button_default sc_button_size_normal sc_button_icon_left color_style_link2\" ><span class=\"sc_button_text\"><span class=\"sc_button_title\">\u0421\u0432\u044a\u0440\u0436\u0435\u0442\u0435 \u0441\u0435 \u0441 \u043d\u0430\u0441<\/span><\/span><\/a><a href=\"tel:+902822641676\" class=\"sc_button sc_button_simple button_bg_icon_color sc_button_size_large sc_button_with_icon sc_button_icon_left color_style_dark\" style=\"margin-top: 1px;\" ><span class=\"sc_button_icon\"><span class=\"icon-call\"><\/span><\/span><span class=\"sc_button_text\"><span class=\"sc_button_title\">0282 264 16 76<\/span><\/span><\/a><\/div>\t\t\t\t<\/div>\n\t\t\t\t<\/div>\n\t\t\t\t<div class=\"elementor-element elementor-element-1391c92 sc_height_small sc_layouts_hide_on_tablet sc_fly_static elementor-widget elementor-widget-spacer\" data-id=\"1391c92\" data-element_type=\"widget\" data-e-type=\"widget\" data-widget_type=\"spacer.default\">\n\t\t\t\t<div class=\"elementor-widget-container\">\n\t\t\t\t\t\t\t<div class=\"elementor-spacer\">\n\t\t\t<div class=\"elementor-spacer-inner\"><\/div>\n\t\t<\/div>\n\t\t\t\t\t\t<\/div>\n\t\t\t\t<\/div>\n\t\t\t\t\t<\/div>\n\t\t<\/div>\n\t\t\t\t\t<\/div>\n\t\t<\/section>\n\t\t\t\t<section class=\"elementor-section elementor-top-section elementor-element elementor-element-378c7b6 elementor-section-boxed elementor-section-height-default elementor-section-height-default sc_fly_static\" data-id=\"378c7b6\" data-element_type=\"section\" data-e-type=\"section\">\n\t\t\t\t\t\t<div class=\"elementor-container elementor-column-gap-extended\">\n\t\t\t\t\t<div class=\"elementor-column elementor-col-100 elementor-top-column elementor-element elementor-element-005caf3 sc_inner_width_none sc_content_align_inherit sc_layouts_column_icons_position_left sc_fly_static\" data-id=\"005caf3\" data-element_type=\"column\" data-e-type=\"column\">\n\t\t\t<div class=\"elementor-widget-wrap elementor-element-populated\">\n\t\t\t\t\t\t<div class=\"elementor-element elementor-element-7674ac8 sc_height_huge sc_fly_static elementor-widget elementor-widget-spacer\" data-id=\"7674ac8\" data-element_type=\"widget\" data-e-type=\"widget\" data-widget_type=\"spacer.default\">\n\t\t\t\t<div class=\"elementor-widget-container\">\n\t\t\t\t\t\t\t<div class=\"elementor-spacer\">\n\t\t\t<div class=\"elementor-spacer-inner\"><\/div>\n\t\t<\/div>\n\t\t\t\t\t\t<\/div>\n\t\t\t\t<\/div>\n\t\t\t\t\t<\/div>\n\t\t<\/div>\n\t\t\t\t\t<\/div>\n\t\t<\/section>\n\t\t\t\t<\/div>","protected":false},"excerpt":{"rendered":"<p>Hesap\u00a0Ad\u0131:\u00a0BEYAZIT SA\u011eLIK H\u0130ZMETLER\u0130 T\u0130C. LTD. \u015eT\u0130. TL:Hesap No: 00158007311026719IBAN: TR05 0001 5001 5800 7311 0267 19USD:Hesap No:\u00a000158048019895224IBAN:\u00a0TR71 0001 5001 5804 8019 8952 24 \u00a0 EURO:Hesap No: 00158048019895207IBAN:\u00a0TR45 0001 5001 5804&hellip;<\/p>","protected":false},"author":1,"featured_media":0,"parent":0,"menu_order":0,"comment_status":"closed","ping_status":"closed","template":"","meta":{"_monsterinsights_skip_tracking":false,"_monsterinsights_sitenote_active":false,"_monsterinsights_sitenote_note":"","_monsterinsights_sitenote_category":0,"footnotes":""},"class_list":["post-23359","page","type-page","status-publish","hentry"],"_links":{"self":[{"href":"https:\/\/beyazitdis.com\/bg\/wp-json\/wp\/v2\/pages\/23359","targetHints":{"allow":["GET"]}}],"collection":[{"href":"https:\/\/beyazitdis.com\/bg\/wp-json\/wp\/v2\/pages"}],"about":[{"href":"https:\/\/beyazitdis.com\/bg\/wp-json\/wp\/v2\/types\/page"}],"author":[{"embeddable":true,"href":"https:\/\/beyazitdis.com\/bg\/wp-json\/wp\/v2\/users\/1"}],"replies":[{"embeddable":true,"href":"https:\/\/beyazitdis.com\/bg\/wp-json\/wp\/v2\/comments?post=23359"}],"version-history":[{"count":15,"href":"https:\/\/beyazitdis.com\/bg\/wp-json\/wp\/v2\/pages\/23359\/revisions"}],"predecessor-version":[{"id":25348,"href":"https:\/\/beyazitdis.com\/bg\/wp-json\/wp\/v2\/pages\/23359\/revisions\/25348"}],"wp:attachment":[{"href":"https:\/\/beyazitdis.com\/bg\/wp-json\/wp\/v2\/media?parent=23359"}],"curies":[{"name":"wp","href":"https:\/\/api.w.org\/{rel}","templated":true}]}}